{"id":19983,"date":"2025-02-13T15:25:59","date_gmt":"2025-02-13T18:25:59","guid":{"rendered":"https:\/\/wjrturismo.salvador.br\/?post_type=product&#038;p=19983"},"modified":"2025-02-13T15:27:53","modified_gmt":"2025-02-13T18:27:53","slug":"camarotes-e-abadas-carnaval-de-salvador-2025","status":"publish","type":"product","link":"https:\/\/wjrturismo.salvador.br\/es\/loja\/eventos\/camarotes-e-abadas-carnaval-de-salvador-2025\/","title":{"rendered":"Camarotes e Abad\u00e1s Carnaval de Salvador 2025"},"content":{"rendered":"","protected":false},"excerpt":{"rendered":"<p>Viva a energia \u00fanica do Carnaval de Salvador com o abad\u00e1 oficial dos melhores blocos! Garanta agora o seu acesso \u00e0s festas mais exclusivas, curta os maiores trios el\u00e9tricos e aproveite a folia!<\/p>\n","protected":false},"featured_media":19984,"comment_status":"open","ping_status":"closed","template":"","meta":[],"product_brand":[],"product_cat":[1307],"product_tag":[],"class_list":{"0":"post-19983","1":"product","2":"type-product","3":"status-publish","4":"has-post-thumbnail","6":"product_cat-eventos","8":"first","9":"instock","10":"shipping-taxable","11":"product-type-external"},"yoast_head":"<!-- This site is optimized with the Yoast SEO Premium plugin v24.2 (Yoast SEO v24.2) - https:\/\/yoast.com\/wordpress\/plugins\/seo\/ -->\n<title>Camarotes e Abad\u00e1s Carnaval de Salvador 2025 - JR Turismo<\/title>\n<meta name=\"robots\" content=\"index, follow, max-snippet:-1, max-image-preview:large, max-video-preview:-1\" \/>\n<link rel=\"canonical\" href=\"https:\/\/wjrturismo.salvador.br\/loja\/eventos\/camarotes-e-abadas-carnaval-de-salvador-2025\/\" \/>\n<meta property=\"og:locale\" content=\"es_ES\" \/>\n<meta property=\"og:type\" content=\"article\" \/>\n<meta property=\"og:title\" content=\"Camarotes e Abad\u00e1s Carnaval de Salvador 2025\" \/>\n<meta property=\"og:description\" content=\"Viva a energia \u00fanica do Carnaval de Salvador com o abad\u00e1 oficial dos melhores blocos! Garanta agora o seu acesso \u00e0s festas mais exclusivas, curta os maiores trios el\u00e9tricos e aproveite a folia!\" \/>\n<meta property=\"og:url\" content=\"https:\/\/wjrturismo.salvador.br\/loja\/eventos\/camarotes-e-abadas-carnaval-de-salvador-2025\/\" \/>\n<meta property=\"og:site_name\" content=\"JR Turismo\" \/>\n<meta property=\"article:modified_time\" content=\"2025-02-13T18:27:53+00:00\" \/>\n<meta property=\"og:image\" content=\"https:\/\/wjrturismo.salvador.br\/wp-content\/uploads\/2025\/02\/Capa-de-produto.png\" \/>\n\t<meta property=\"og:image:width\" content=\"600\" \/>\n\t<meta property=\"og:image:height\" content=\"600\" \/>\n\t<meta property=\"og:image:type\" content=\"image\/png\" \/>\n<meta name=\"twitter:card\" content=\"summary_large_image\" \/>\n<script type=\"application\/ld+json\" class=\"yoast-schema-graph\">{\"@context\":\"https:\/\/schema.org\",\"@graph\":[{\"@type\":\"WebPage\",\"@id\":\"https:\/\/wjrturismo.salvador.br\/loja\/eventos\/camarotes-e-abadas-carnaval-de-salvador-2025\/\",\"url\":\"https:\/\/wjrturismo.salvador.br\/loja\/eventos\/camarotes-e-abadas-carnaval-de-salvador-2025\/\",\"name\":\"Camarotes e Abad\u00e1s Carnaval de Salvador 2025 - JR Turismo\",\"isPartOf\":{\"@id\":\"https:\/\/wjrturismo.salvador.br\/#website\"},\"primaryImageOfPage\":{\"@id\":\"https:\/\/wjrturismo.salvador.br\/loja\/eventos\/camarotes-e-abadas-carnaval-de-salvador-2025\/#primaryimage\"},\"image\":{\"@id\":\"https:\/\/wjrturismo.salvador.br\/loja\/eventos\/camarotes-e-abadas-carnaval-de-salvador-2025\/#primaryimage\"},\"thumbnailUrl\":\"https:\/\/wjrturismo.salvador.br\/wp-content\/uploads\/2025\/02\/Capa-de-produto.png\",\"datePublished\":\"2025-02-13T18:25:59+00:00\",\"dateModified\":\"2025-02-13T18:27:53+00:00\",\"breadcrumb\":{\"@id\":\"https:\/\/wjrturismo.salvador.br\/loja\/eventos\/camarotes-e-abadas-carnaval-de-salvador-2025\/#breadcrumb\"},\"inLanguage\":\"es\",\"potentialAction\":[{\"@type\":\"ReadAction\",\"target\":[\"https:\/\/wjrturismo.salvador.br\/loja\/eventos\/camarotes-e-abadas-carnaval-de-salvador-2025\/\"]}]},{\"@type\":\"ImageObject\",\"inLanguage\":\"es\",\"@id\":\"https:\/\/wjrturismo.salvador.br\/loja\/eventos\/camarotes-e-abadas-carnaval-de-salvador-2025\/#primaryimage\",\"url\":\"https:\/\/wjrturismo.salvador.br\/wp-content\/uploads\/2025\/02\/Capa-de-produto.png\",\"contentUrl\":\"https:\/\/wjrturismo.salvador.br\/wp-content\/uploads\/2025\/02\/Capa-de-produto.png\",\"width\":600,\"height\":600},{\"@type\":\"BreadcrumbList\",\"@id\":\"https:\/\/wjrturismo.salvador.br\/loja\/eventos\/camarotes-e-abadas-carnaval-de-salvador-2025\/#breadcrumb\",\"itemListElement\":[{\"@type\":\"ListItem\",\"position\":1,\"name\":\"In\u00edcio\",\"item\":\"https:\/\/wjrturismo.salvador.br\/\"},{\"@type\":\"ListItem\",\"position\":2,\"name\":\"Loja\",\"item\":\"https:\/\/wjrturismo.salvador.br\/loja\/\"},{\"@type\":\"ListItem\",\"position\":3,\"name\":\"Camarotes e Abad\u00e1s Carnaval de Salvador 2025\"}]},{\"@type\":\"WebSite\",\"@id\":\"https:\/\/wjrturismo.salvador.br\/#website\",\"url\":\"https:\/\/wjrturismo.salvador.br\/\",\"name\":\"JR Turismo\",\"description\":\"Passeios, excurs\u00f5es, e translado a partir de Salvador.\",\"publisher\":{\"@id\":\"https:\/\/wjrturismo.salvador.br\/#organization\"},\"potentialAction\":[{\"@type\":\"SearchAction\",\"target\":{\"@type\":\"EntryPoint\",\"urlTemplate\":\"https:\/\/wjrturismo.salvador.br\/?s={search_term_string}\"},\"query-input\":{\"@type\":\"PropertyValueSpecification\",\"valueRequired\":true,\"valueName\":\"search_term_string\"}}],\"inLanguage\":\"es\"},{\"@type\":\"Organization\",\"@id\":\"https:\/\/wjrturismo.salvador.br\/#organization\",\"name\":\"Jr Turismo\",\"url\":\"https:\/\/wjrturismo.salvador.br\/\",\"logo\":{\"@type\":\"ImageObject\",\"inLanguage\":\"es\",\"@id\":\"https:\/\/wjrturismo.salvador.br\/#\/schema\/logo\/image\/\",\"url\":\"\",\"contentUrl\":\"\",\"caption\":\"Jr Turismo\"},\"image\":{\"@id\":\"https:\/\/wjrturismo.salvador.br\/#\/schema\/logo\/image\/\"}}]}<\/script>\n<meta property=\"product:price:amount\" content=\"0.00\" \/>\n<meta property=\"product:price:currency\" content=\"BRL\" \/>\n<meta property=\"og:availability\" content=\"instock\" \/>\n<meta property=\"product:availability\" content=\"instock\" \/>\n<meta property=\"product:condition\" content=\"new\" \/>\n<!-- \/ Yoast SEO Premium plugin. -->","yoast_head_json":{"title":"Camarotes e Abad\u00e1s Carnaval de Salvador 2025 - JR Turismo","robots":{"index":"index","follow":"follow","max-snippet":"max-snippet:-1","max-image-preview":"max-image-preview:large","max-video-preview":"max-video-preview:-1"},"canonical":"https:\/\/wjrturismo.salvador.br\/loja\/eventos\/camarotes-e-abadas-carnaval-de-salvador-2025\/","og_locale":"es_ES","og_type":"article","og_title":"Camarotes e Abad\u00e1s Carnaval de Salvador 2025","og_description":"Viva a energia \u00fanica do Carnaval de Salvador com o abad\u00e1 oficial dos melhores blocos! Garanta agora o seu acesso \u00e0s festas mais exclusivas, curta os maiores trios el\u00e9tricos e aproveite a folia!","og_url":"https:\/\/wjrturismo.salvador.br\/loja\/eventos\/camarotes-e-abadas-carnaval-de-salvador-2025\/","og_site_name":"JR Turismo","article_modified_time":"2025-02-13T18:27:53+00:00","og_image":[{"width":600,"height":600,"url":"https:\/\/wjrturismo.salvador.br\/wp-content\/uploads\/2025\/02\/Capa-de-produto.png","type":"image\/png"}],"twitter_card":"summary_large_image","schema":{"@context":"https:\/\/schema.org","@graph":[{"@type":"WebPage","@id":"https:\/\/wjrturismo.salvador.br\/loja\/eventos\/camarotes-e-abadas-carnaval-de-salvador-2025\/","url":"https:\/\/wjrturismo.salvador.br\/loja\/eventos\/camarotes-e-abadas-carnaval-de-salvador-2025\/","name":"Camarotes e Abad\u00e1s Carnaval de Salvador 2025 - JR Turismo","isPartOf":{"@id":"https:\/\/wjrturismo.salvador.br\/#website"},"primaryImageOfPage":{"@id":"https:\/\/wjrturismo.salvador.br\/loja\/eventos\/camarotes-e-abadas-carnaval-de-salvador-2025\/#primaryimage"},"image":{"@id":"https:\/\/wjrturismo.salvador.br\/loja\/eventos\/camarotes-e-abadas-carnaval-de-salvador-2025\/#primaryimage"},"thumbnailUrl":"https:\/\/wjrturismo.salvador.br\/wp-content\/uploads\/2025\/02\/Capa-de-produto.png","datePublished":"2025-02-13T18:25:59+00:00","dateModified":"2025-02-13T18:27:53+00:00","breadcrumb":{"@id":"https:\/\/wjrturismo.salvador.br\/loja\/eventos\/camarotes-e-abadas-carnaval-de-salvador-2025\/#breadcrumb"},"inLanguage":"es","potentialAction":[{"@type":"ReadAction","target":["https:\/\/wjrturismo.salvador.br\/loja\/eventos\/camarotes-e-abadas-carnaval-de-salvador-2025\/"]}]},{"@type":"ImageObject","inLanguage":"es","@id":"https:\/\/wjrturismo.salvador.br\/loja\/eventos\/camarotes-e-abadas-carnaval-de-salvador-2025\/#primaryimage","url":"https:\/\/wjrturismo.salvador.br\/wp-content\/uploads\/2025\/02\/Capa-de-produto.png","contentUrl":"https:\/\/wjrturismo.salvador.br\/wp-content\/uploads\/2025\/02\/Capa-de-produto.png","width":600,"height":600},{"@type":"BreadcrumbList","@id":"https:\/\/wjrturismo.salvador.br\/loja\/eventos\/camarotes-e-abadas-carnaval-de-salvador-2025\/#breadcrumb","itemListElement":[{"@type":"ListItem","position":1,"name":"In\u00edcio","item":"https:\/\/wjrturismo.salvador.br\/"},{"@type":"ListItem","position":2,"name":"Loja","item":"https:\/\/wjrturismo.salvador.br\/loja\/"},{"@type":"ListItem","position":3,"name":"Camarotes e Abad\u00e1s Carnaval de Salvador 2025"}]},{"@type":"WebSite","@id":"https:\/\/wjrturismo.salvador.br\/#website","url":"https:\/\/wjrturismo.salvador.br\/","name":"JR Turismo","description":"Passeios, excurs\u00f5es, e translado a partir de Salvador.","publisher":{"@id":"https:\/\/wjrturismo.salvador.br\/#organization"},"potentialAction":[{"@type":"SearchAction","target":{"@type":"EntryPoint","urlTemplate":"https:\/\/wjrturismo.salvador.br\/?s={search_term_string}"},"query-input":{"@type":"PropertyValueSpecification","valueRequired":true,"valueName":"search_term_string"}}],"inLanguage":"es"},{"@type":"Organization","@id":"https:\/\/wjrturismo.salvador.br\/#organization","name":"Jr Turismo","url":"https:\/\/wjrturismo.salvador.br\/","logo":{"@type":"ImageObject","inLanguage":"es","@id":"https:\/\/wjrturismo.salvador.br\/#\/schema\/logo\/image\/","url":"","contentUrl":"","caption":"Jr Turismo"},"image":{"@id":"https:\/\/wjrturismo.salvador.br\/#\/schema\/logo\/image\/"}}]},"product_price_amount":"0.00","product_price_currency":"BRL","og_availability":"instock","product_availability":"instock","product_condition":"new"},"_links":{"self":[{"href":"https:\/\/wjrturismo.salvador.br\/es\/wp-json\/wp\/v2\/product\/19983","targetHints":{"allow":["GET"]}}],"collection":[{"href":"https:\/\/wjrturismo.salvador.br\/es\/wp-json\/wp\/v2\/product"}],"about":[{"href":"https:\/\/wjrturismo.salvador.br\/es\/wp-json\/wp\/v2\/types\/product"}],"replies":[{"embeddable":true,"href":"https:\/\/wjrturismo.salvador.br\/es\/wp-json\/wp\/v2\/comments?post=19983"}],"wp:featuredmedia":[{"embeddable":true,"href":"https:\/\/wjrturismo.salvador.br\/es\/wp-json\/wp\/v2\/media\/19984"}],"wp:attachment":[{"href":"https:\/\/wjrturismo.salvador.br\/es\/wp-json\/wp\/v2\/media?parent=19983"}],"wp:term":[{"taxonomy":"product_brand","embeddable":true,"href":"https:\/\/wjrturismo.salvador.br\/es\/wp-json\/wp\/v2\/product_brand?post=19983"},{"taxonomy":"product_cat","embeddable":true,"href":"https:\/\/wjrturismo.salvador.br\/es\/wp-json\/wp\/v2\/product_cat?post=19983"},{"taxonomy":"product_tag","embeddable":true,"href":"https:\/\/wjrturismo.salvador.br\/es\/wp-json\/wp\/v2\/product_tag?post=19983"}],"curies":[{"name":"wp","href":"https:\/\/api.w.org\/{rel}","templated":true}]}}