{"id":19964,"date":"2024-09-27T08:04:59","date_gmt":"2024-09-27T11:04:59","guid":{"rendered":"https:\/\/wjrturismo.salvador.br\/loja\/sin categor\u00eda\/traslado-directo-en-lancha-rapida-a-alma-nochevieja-2025-boipeba\/"},"modified":"2024-09-27T08:04:59","modified_gmt":"2024-09-27T11:04:59","slug":"traslado-directo-en-lancha-rapida-a-alma-nochevieja-2025-boipeba","status":"publish","type":"product","link":"https:\/\/wjrturismo.salvador.br\/es\/loja\/transferencias\/traslado-directo-en-lancha-rapida-a-alma-nochevieja-2025-boipeba\/","title":{"rendered":"Traslado directo en lancha r\u00e1pida a Alma Nochevieja 2025 \u2013 Boipeba"},"content":{"rendered":"<div class=\"elementor-element elementor-element-587df38 elementor-position-left elementor-mobile-position-left elementor-view-default elementor-vertical-align-top elementor-widget elementor-widget-icon-box\" data-id=\"587df38\" data-element_type=\"widget\" data-widget_type=\"icon-box.default\">\n<div class=\"elementor-widget-container\">\n<div class=\"elementor-icon-box-wrapper\">\n<div class=\"elementor-icon-box-content\">\n<h4 class=\"elementor-icon-box-title\">Las salidas son diarias y est\u00e1n disponibles en los siguientes horarios:<\/h4>\n<\/div>\n<\/div>\n<\/div>\n<\/div>\n<div class=\"elementor-element elementor-element-b158143 elementor-position-left elementor-mobile-position-left elementor-view-default elementor-vertical-align-top elementor-widget elementor-widget-icon-box\" data-id=\"b158143\" data-element_type=\"widget\" data-widget_type=\"icon-box.default\">\n<div class=\"elementor-widget-container\">\n<div class=\"elementor-icon-box-wrapper\">\n<div class=\"elementor-icon-box-icon\"><span style=\"font-size: 14.4px;\">Salvador para Alma Nochevieja 2025<\/span><\/div>\n<div class=\"elementor-icon-box-content\">\n<p class=\"elementor-icon-box-description\">9:00h | 13:00h<\/p>\n<\/div>\n<\/div>\n<\/div>\n<\/div>\n<div class=\"elementor-element elementor-element-fddd14b elementor-position-left elementor-mobile-position-left elementor-view-default elementor-vertical-align-top elementor-widget elementor-widget-icon-box\" data-id=\"fddd14b\" data-element_type=\"widget\" data-widget_type=\"icon-box.default\">\n<div class=\"elementor-widget-container\">\n<div class=\"elementor-icon-box-wrapper\">\n<div class=\"elementor-icon-box-icon\"><span style=\"font-size: 14.4px;\">Boipeba para Alma Nochevieja 2025<\/span><\/div>\n<div class=\"elementor-icon-box-content\">\n<p class=\"elementor-icon-box-description\">6:00h | 11:00h<br \/>\n<span style=\"font-size: 20.16px; color: #333333;\"><br \/>\nServicios incluidos<\/span><\/p>\n<section class=\"elementor-section elementor-inner-section elementor-element elementor-element-14ab1a79 elementor-section-boxed elementor-section-height-default elementor-section-height-default\" data-id=\"14ab1a79\" data-element_type=\"section\">\n<div class=\"elementor-container elementor-column-gap-no\">\n<div class=\"elementor-column elementor-col-100 elementor-inner-column elementor-element elementor-element-55143fa9\" data-id=\"55143fa9\" data-element_type=\"column\">\n<div class=\"elementor-widget-wrap elementor-element-populated\">\n<div class=\"elementor-element elementor-element-a375710 elementor-icon-list--layout-traditional elementor-list-item-link-full_width elementor-widget elementor-widget-icon-list\" data-id=\"a375710\" data-element_type=\"widget\" data-widget_type=\"icon-list.default\">\n<div class=\"elementor-widget-container\">\n<ul class=\"elementor-icon-list-items\">\n<li class=\"elementor-icon-list-item\"><span class=\"elementor-icon-list-text\">Gu\u00eda de recepci\u00f3n<br \/>\nHotel o Aeropuerto<\/span><\/li>\n<li class=\"elementor-icon-list-item\"><span class=\"elementor-icon-list-text\">Transporte mar\u00edtimo<\/span><\/li>\n<\/ul>\n<\/div>\n<\/div>\n<\/div>\n<\/div>\n<\/div>\n<\/section>\n<section class=\"elementor-section elementor-inner-section elementor-element elementor-element-9c0c18b elementor-section-boxed elementor-section-height-default elementor-section-height-default\" data-id=\"9c0c18b\" data-element_type=\"section\">\n<div class=\"elementor-container elementor-column-gap-no\">\n<div class=\"elementor-column elementor-col-100 elementor-inner-column elementor-element elementor-element-b0a70b1\" data-id=\"b0a70b1\" data-element_type=\"column\">\n<div class=\"elementor-widget-wrap elementor-element-populated\">\n<div class=\"elementor-element elementor-element-a1773c9 elementor-widget elementor-widget-text-editor\" data-id=\"a1773c9\" data-element_type=\"widget\" data-widget_type=\"text-editor.default\">\n<div class=\"elementor-widget-container\">\n<h3>Observaciones<\/h3>\n<p>Lugares de recepci\u00f3n a realizarse en el aeropuerto, hoteles de Salvador o en la Terminal Mar\u00edtima, con horarios predeterminados para cada lugar.<\/p>\n<p><strong>La reserva debe realizarse con al menos 1 hora de antelaci\u00f3n.<\/strong><\/p>\n<\/div>\n<\/div>\n<\/div>\n<\/div>\n<\/div>\n<\/section>\n<section class=\"elementor-section elementor-inner-section elementor-element elementor-element-e32198b elementor-section-boxed elementor-section-height-default elementor-section-height-default\" data-id=\"e32198b\" data-element_type=\"section\">\n<div class=\"elementor-container elementor-column-gap-no\">\n<div class=\"elementor-column elementor-col-100 elementor-inner-column elementor-element elementor-element-dc70918\" data-id=\"dc70918\" data-element_type=\"column\">\n<div class=\"elementor-widget-wrap elementor-element-populated\">\n<div class=\"elementor-element elementor-element-633312b elementor-widget elementor-widget-text-editor\" data-id=\"633312b\" data-element_type=\"widget\" data-widget_type=\"text-editor.default\">\n<div class=\"elementor-widget-container\">\n<h3>\u00a1Descubre m\u00e1s sobre la Nochevieja de Alma 2025 \u2013 Boipeba!<\/h3>\n<p><a href=\"https:\/\/www.sympla.com.br\/evento\/alma-reveillon-2025-boipeba\/2299267?referrer=jrviagemeturismo.tur.br\">haga clic aqu\u00ed<\/a><\/p>\n<\/div>\n<\/div>\n<\/div>\n<\/div>\n<\/div>\n<\/section>\n<\/div>\n<\/div>\n<\/div>\n<\/div>\n<p>&nbsp;<\/p>\n<p>&nbsp;<\/p>\n","protected":false},"excerpt":{"rendered":"<p>Las salidas son diarias y est\u00e1n disponibles en los siguientes horarios: Salvador para Alma Nochevieja 2025 9:00h | 13:00h Boipeba para Alma Nochevieja 2025 6:00h | 11:00h Servicios incluidos Gu\u00eda de recepci\u00f3n Hotel o Aeropuerto Transporte mar\u00edtimo Observaciones Lugares de recepci\u00f3n a realizarse en el aeropuerto, hoteles de Salvador o en la Terminal Mar\u00edtima, con [&#8230;]\n","protected":false},"featured_media":19787,"comment_status":"open","ping_status":"closed","template":"","meta":[],"product_brand":[],"product_cat":[1211],"product_tag":[],"class_list":{"0":"post-19964","1":"product","2":"type-product","3":"status-publish","4":"has-post-thumbnail","6":"product_cat-transferencias","8":"first","9":"instock","10":"shipping-taxable","11":"purchasable","12":"product-type-variable"},"yoast_head":"<!-- This site is optimized with the Yoast SEO Premium plugin v24.2 (Yoast SEO v24.2) - https:\/\/yoast.com\/wordpress\/plugins\/seo\/ -->\n<title>Traslado directo en lancha r\u00e1pida a Alma Nochevieja 2025 \u2013 Boipeba - JR Turismo<\/title>\n<meta name=\"robots\" content=\"index, follow, max-snippet:-1, max-image-preview:large, max-video-preview:-1\" \/>\n<link rel=\"canonical\" href=\"https:\/\/wjrturismo.salvador.br\/es\/loja\/transferencias\/traslado-directo-en-lancha-rapida-a-alma-nochevieja-2025-boipeba\/\" \/>\n<meta property=\"og:locale\" content=\"es_ES\" \/>\n<meta property=\"og:type\" content=\"article\" \/>\n<meta property=\"og:title\" content=\"Traslado directo en lancha r\u00e1pida a Alma Nochevieja 2025 \u2013 Boipeba\" \/>\n<meta property=\"og:description\" content=\"Las salidas son diarias y est\u00e1n disponibles en los siguientes horarios: Salvador para Alma Nochevieja 2025 9:00h | 13:00h Boipeba para Alma Nochevieja 2025 6:00h | 11:00h Servicios incluidos Gu\u00eda de recepci\u00f3n Hotel o Aeropuerto Transporte mar\u00edtimo Observaciones Lugares de recepci\u00f3n a realizarse en el aeropuerto, hoteles de Salvador o en la Terminal Mar\u00edtima, con [...]\" \/>\n<meta property=\"og:url\" content=\"https:\/\/wjrturismo.salvador.br\/es\/loja\/transferencias\/traslado-directo-en-lancha-rapida-a-alma-nochevieja-2025-boipeba\/\" \/>\n<meta property=\"og:site_name\" content=\"JR Turismo\" \/>\n<meta property=\"og:image\" content=\"https:\/\/wjrturismo.salvador.br\/wp-content\/uploads\/2024\/09\/Lancha.png\" \/>\n\t<meta property=\"og:image:width\" content=\"700\" \/>\n\t<meta property=\"og:image:height\" content=\"700\" \/>\n\t<meta property=\"og:image:type\" content=\"image\/png\" \/>\n<meta name=\"twitter:card\" content=\"summary_large_image\" \/>\n<script type=\"application\/ld+json\" class=\"yoast-schema-graph\">{\"@context\":\"https:\/\/schema.org\",\"@graph\":[{\"@type\":\"WebPage\",\"@id\":\"https:\/\/wjrturismo.salvador.br\/es\/loja\/transferencias\/traslado-directo-en-lancha-rapida-a-alma-nochevieja-2025-boipeba\/\",\"url\":\"https:\/\/wjrturismo.salvador.br\/es\/loja\/transferencias\/traslado-directo-en-lancha-rapida-a-alma-nochevieja-2025-boipeba\/\",\"name\":\"Traslado directo en lancha r\u00e1pida a Alma Nochevieja 2025 \u2013 Boipeba - JR Turismo\",\"isPartOf\":{\"@id\":\"https:\/\/wjrturismo.salvador.br\/#website\"},\"primaryImageOfPage\":{\"@id\":\"https:\/\/wjrturismo.salvador.br\/es\/loja\/transferencias\/traslado-directo-en-lancha-rapida-a-alma-nochevieja-2025-boipeba\/#primaryimage\"},\"image\":{\"@id\":\"https:\/\/wjrturismo.salvador.br\/es\/loja\/transferencias\/traslado-directo-en-lancha-rapida-a-alma-nochevieja-2025-boipeba\/#primaryimage\"},\"thumbnailUrl\":\"https:\/\/wjrturismo.salvador.br\/wp-content\/uploads\/2024\/09\/Lancha.png\",\"datePublished\":\"2024-09-27T11:04:59+00:00\",\"dateModified\":\"2024-09-27T11:04:59+00:00\",\"breadcrumb\":{\"@id\":\"https:\/\/wjrturismo.salvador.br\/es\/loja\/transferencias\/traslado-directo-en-lancha-rapida-a-alma-nochevieja-2025-boipeba\/#breadcrumb\"},\"inLanguage\":\"es\",\"potentialAction\":[{\"@type\":\"ReadAction\",\"target\":[\"https:\/\/wjrturismo.salvador.br\/es\/loja\/transferencias\/traslado-directo-en-lancha-rapida-a-alma-nochevieja-2025-boipeba\/\"]}]},{\"@type\":\"ImageObject\",\"inLanguage\":\"es\",\"@id\":\"https:\/\/wjrturismo.salvador.br\/es\/loja\/transferencias\/traslado-directo-en-lancha-rapida-a-alma-nochevieja-2025-boipeba\/#primaryimage\",\"url\":\"https:\/\/wjrturismo.salvador.br\/wp-content\/uploads\/2024\/09\/Lancha.png\",\"contentUrl\":\"https:\/\/wjrturismo.salvador.br\/wp-content\/uploads\/2024\/09\/Lancha.png\",\"width\":700,\"height\":700},{\"@type\":\"BreadcrumbList\",\"@id\":\"https:\/\/wjrturismo.salvador.br\/es\/loja\/transferencias\/traslado-directo-en-lancha-rapida-a-alma-nochevieja-2025-boipeba\/#breadcrumb\",\"itemListElement\":[{\"@type\":\"ListItem\",\"position\":1,\"name\":\"In\u00edcio\",\"item\":\"https:\/\/wjrturismo.salvador.br\/\"},{\"@type\":\"ListItem\",\"position\":2,\"name\":\"Loja\",\"item\":\"https:\/\/wjrturismo.salvador.br\/loja\/\"},{\"@type\":\"ListItem\",\"position\":3,\"name\":\"Traslado directo en lancha r\u00e1pida a Alma Nochevieja 2025 \u2013 Boipeba\"}]},{\"@type\":\"WebSite\",\"@id\":\"https:\/\/wjrturismo.salvador.br\/#website\",\"url\":\"https:\/\/wjrturismo.salvador.br\/\",\"name\":\"JR Turismo\",\"description\":\"Passeios, excurs\u00f5es, e translado a partir de Salvador.\",\"publisher\":{\"@id\":\"https:\/\/wjrturismo.salvador.br\/#organization\"},\"potentialAction\":[{\"@type\":\"SearchAction\",\"target\":{\"@type\":\"EntryPoint\",\"urlTemplate\":\"https:\/\/wjrturismo.salvador.br\/?s={search_term_string}\"},\"query-input\":{\"@type\":\"PropertyValueSpecification\",\"valueRequired\":true,\"valueName\":\"search_term_string\"}}],\"inLanguage\":\"es\"},{\"@type\":\"Organization\",\"@id\":\"https:\/\/wjrturismo.salvador.br\/#organization\",\"name\":\"Jr Turismo\",\"url\":\"https:\/\/wjrturismo.salvador.br\/\",\"logo\":{\"@type\":\"ImageObject\",\"inLanguage\":\"es\",\"@id\":\"https:\/\/wjrturismo.salvador.br\/#\/schema\/logo\/image\/\",\"url\":\"\",\"contentUrl\":\"\",\"caption\":\"Jr Turismo\"},\"image\":{\"@id\":\"https:\/\/wjrturismo.salvador.br\/#\/schema\/logo\/image\/\"}}]}<\/script>\n<meta property=\"og:availability\" content=\"instock\" \/>\n<meta property=\"product:availability\" content=\"instock\" \/>\n<meta property=\"product:condition\" content=\"new\" \/>\n<!-- \/ Yoast SEO Premium plugin. -->","yoast_head_json":{"title":"Traslado directo en lancha r\u00e1pida a Alma Nochevieja 2025 \u2013 Boipeba - JR Turismo","robots":{"index":"index","follow":"follow","max-snippet":"max-snippet:-1","max-image-preview":"max-image-preview:large","max-video-preview":"max-video-preview:-1"},"canonical":"https:\/\/wjrturismo.salvador.br\/es\/loja\/transferencias\/traslado-directo-en-lancha-rapida-a-alma-nochevieja-2025-boipeba\/","og_locale":"es_ES","og_type":"article","og_title":"Traslado directo en lancha r\u00e1pida a Alma Nochevieja 2025 \u2013 Boipeba","og_description":"Las salidas son diarias y est\u00e1n disponibles en los siguientes horarios: Salvador para Alma Nochevieja 2025 9:00h | 13:00h Boipeba para Alma Nochevieja 2025 6:00h | 11:00h Servicios incluidos Gu\u00eda de recepci\u00f3n Hotel o Aeropuerto Transporte mar\u00edtimo Observaciones Lugares de recepci\u00f3n a realizarse en el aeropuerto, hoteles de Salvador o en la Terminal Mar\u00edtima, con [...]","og_url":"https:\/\/wjrturismo.salvador.br\/es\/loja\/transferencias\/traslado-directo-en-lancha-rapida-a-alma-nochevieja-2025-boipeba\/","og_site_name":"JR Turismo","og_image":[{"width":700,"height":700,"url":"https:\/\/wjrturismo.salvador.br\/wp-content\/uploads\/2024\/09\/Lancha.png","type":"image\/png"}],"twitter_card":"summary_large_image","schema":{"@context":"https:\/\/schema.org","@graph":[{"@type":"WebPage","@id":"https:\/\/wjrturismo.salvador.br\/es\/loja\/transferencias\/traslado-directo-en-lancha-rapida-a-alma-nochevieja-2025-boipeba\/","url":"https:\/\/wjrturismo.salvador.br\/es\/loja\/transferencias\/traslado-directo-en-lancha-rapida-a-alma-nochevieja-2025-boipeba\/","name":"Traslado directo en lancha r\u00e1pida a Alma Nochevieja 2025 \u2013 Boipeba - JR Turismo","isPartOf":{"@id":"https:\/\/wjrturismo.salvador.br\/#website"},"primaryImageOfPage":{"@id":"https:\/\/wjrturismo.salvador.br\/es\/loja\/transferencias\/traslado-directo-en-lancha-rapida-a-alma-nochevieja-2025-boipeba\/#primaryimage"},"image":{"@id":"https:\/\/wjrturismo.salvador.br\/es\/loja\/transferencias\/traslado-directo-en-lancha-rapida-a-alma-nochevieja-2025-boipeba\/#primaryimage"},"thumbnailUrl":"https:\/\/wjrturismo.salvador.br\/wp-content\/uploads\/2024\/09\/Lancha.png","datePublished":"2024-09-27T11:04:59+00:00","dateModified":"2024-09-27T11:04:59+00:00","breadcrumb":{"@id":"https:\/\/wjrturismo.salvador.br\/es\/loja\/transferencias\/traslado-directo-en-lancha-rapida-a-alma-nochevieja-2025-boipeba\/#breadcrumb"},"inLanguage":"es","potentialAction":[{"@type":"ReadAction","target":["https:\/\/wjrturismo.salvador.br\/es\/loja\/transferencias\/traslado-directo-en-lancha-rapida-a-alma-nochevieja-2025-boipeba\/"]}]},{"@type":"ImageObject","inLanguage":"es","@id":"https:\/\/wjrturismo.salvador.br\/es\/loja\/transferencias\/traslado-directo-en-lancha-rapida-a-alma-nochevieja-2025-boipeba\/#primaryimage","url":"https:\/\/wjrturismo.salvador.br\/wp-content\/uploads\/2024\/09\/Lancha.png","contentUrl":"https:\/\/wjrturismo.salvador.br\/wp-content\/uploads\/2024\/09\/Lancha.png","width":700,"height":700},{"@type":"BreadcrumbList","@id":"https:\/\/wjrturismo.salvador.br\/es\/loja\/transferencias\/traslado-directo-en-lancha-rapida-a-alma-nochevieja-2025-boipeba\/#breadcrumb","itemListElement":[{"@type":"ListItem","position":1,"name":"In\u00edcio","item":"https:\/\/wjrturismo.salvador.br\/"},{"@type":"ListItem","position":2,"name":"Loja","item":"https:\/\/wjrturismo.salvador.br\/loja\/"},{"@type":"ListItem","position":3,"name":"Traslado directo en lancha r\u00e1pida a Alma Nochevieja 2025 \u2013 Boipeba"}]},{"@type":"WebSite","@id":"https:\/\/wjrturismo.salvador.br\/#website","url":"https:\/\/wjrturismo.salvador.br\/","name":"JR Turismo","description":"Passeios, excurs\u00f5es, e translado a partir de Salvador.","publisher":{"@id":"https:\/\/wjrturismo.salvador.br\/#organization"},"potentialAction":[{"@type":"SearchAction","target":{"@type":"EntryPoint","urlTemplate":"https:\/\/wjrturismo.salvador.br\/?s={search_term_string}"},"query-input":{"@type":"PropertyValueSpecification","valueRequired":true,"valueName":"search_term_string"}}],"inLanguage":"es"},{"@type":"Organization","@id":"https:\/\/wjrturismo.salvador.br\/#organization","name":"Jr Turismo","url":"https:\/\/wjrturismo.salvador.br\/","logo":{"@type":"ImageObject","inLanguage":"es","@id":"https:\/\/wjrturismo.salvador.br\/#\/schema\/logo\/image\/","url":"","contentUrl":"","caption":"Jr Turismo"},"image":{"@id":"https:\/\/wjrturismo.salvador.br\/#\/schema\/logo\/image\/"}}]},"og_availability":"instock","product_availability":"instock","product_condition":"new"},"_links":{"self":[{"href":"https:\/\/wjrturismo.salvador.br\/es\/wp-json\/wp\/v2\/product\/19964","targetHints":{"allow":["GET"]}}],"collection":[{"href":"https:\/\/wjrturismo.salvador.br\/es\/wp-json\/wp\/v2\/product"}],"about":[{"href":"https:\/\/wjrturismo.salvador.br\/es\/wp-json\/wp\/v2\/types\/product"}],"replies":[{"embeddable":true,"href":"https:\/\/wjrturismo.salvador.br\/es\/wp-json\/wp\/v2\/comments?post=19964"}],"wp:featuredmedia":[{"embeddable":true,"href":"https:\/\/wjrturismo.salvador.br\/es\/wp-json\/wp\/v2\/media\/19787"}],"wp:attachment":[{"href":"https:\/\/wjrturismo.salvador.br\/es\/wp-json\/wp\/v2\/media?parent=19964"}],"wp:term":[{"taxonomy":"product_brand","embeddable":true,"href":"https:\/\/wjrturismo.salvador.br\/es\/wp-json\/wp\/v2\/product_brand?post=19964"},{"taxonomy":"product_cat","embeddable":true,"href":"https:\/\/wjrturismo.salvador.br\/es\/wp-json\/wp\/v2\/product_cat?post=19964"},{"taxonomy":"product_tag","embeddable":true,"href":"https:\/\/wjrturismo.salvador.br\/es\/wp-json\/wp\/v2\/product_tag?post=19964"}],"curies":[{"name":"wp","href":"https:\/\/api.w.org\/{rel}","templated":true}]}}