{"id":19914,"date":"2021-02-11T10:43:16","date_gmt":"2021-02-11T13:43:16","guid":{"rendered":"https:\/\/wjrturismo.salvador.br\/loja\/sin categor\u00eda\/traslado-a-boipeba\/"},"modified":"2021-02-11T10:43:16","modified_gmt":"2021-02-11T13:43:16","slug":"traslado-a-boipeba","status":"publish","type":"product","link":"https:\/\/wjrturismo.salvador.br\/es\/loja\/transferencias\/traslado-a-boipeba\/","title":{"rendered":"Traslado a Boipeba"},"content":{"rendered":"<p>Nuestro principal producto es el traslado Salvador\/Boipeba y Boipeba\/Salvador. Cuando lo solicite el pasajero, le daremos la bienvenida desde el aeropuerto donde un empleado tendr\u00e1 un cartel con su nombre para una identificaci\u00f3n r\u00e1pida y segura. Continuamos nuestro viaje hacia la Isla de Boipeba en el municipio de Cairu.  <\/p>\n<p>El viaje semiterrestre se realiza en una primera etapa con un peque\u00f1o y c\u00f3modo autob\u00fas, furgoneta o veh\u00edculo, dependiendo del n\u00famero de pasajeros, para luego trasladarse a una embarcaci\u00f3n segura y c\u00f3moda hasta el destino final. Todos los billetes de transporte mar\u00edtimo y por carretera est\u00e1n incluidos en nuestro servicio de transfer.<\/p>\n<h3><strong>Las salidas son diarias y est\u00e1n disponibles en los siguientes horarios:<\/strong><\/h3>\n<p>De Salvador (Terminal Mar\u00edtima de Salvador) a Boipeba: 6:30 am \/ 10 am \/ 12:00 pm De Boipeba a Salvador:<br \/>\n <span style=\"vertical-align: inherit;\">7:00 \/ 9:00 \/ 11:00 \/ 13:00 <\/span><\/p>\n<h3><strong>Camino<\/strong><\/h3>\n<p><strong>Salvador\/Boipeba<\/strong><\/p>\n<p>El pasajero tendr\u00e1 veh\u00edculos disponibles para dirigirse al Terminal Mar\u00edtimo de Bah\u00eda en Com\u00e9rcio donde ser\u00e1 abordado en el barco con destino a la Isla de Itaparica (viaje de 40 minutos), luego abordar\u00e1 uno de nuestros veh\u00edculos hasta Graciosa, con una duraci\u00f3n aproximada de 2 horas. y abordar\u00e1s una lancha r\u00e1pida hasta Boipeba con una duraci\u00f3n de 30 minutos. El viaje dura aproximadamente 1h30 min. <\/p>\n<p><strong>Boipeba\/Salvador<\/strong><\/p>\n<p>Saliendo de Boipeba, tomar un barco con una duraci\u00f3n de 30 minutos hasta Graciosa, all\u00ed el pasajero ser\u00e1 transportado durante 2 horas en veh\u00edculo hasta la Isla de Itaparica v\u00eda Mar Grande, tomando el barco hasta Salvador con un viaje de 40 minutos, con los pasajeros hasta el Aeropuerto. tardar\u00e1 una media de hora y media m\u00e1s, siendo transportado en el veh\u00edculo de nuestra empresa<\/p>\n<p>&nbsp;<\/p>\n<p><strong>Nota:<\/strong> La reserva debe realizarse con al menos 1 hora de antelaci\u00f3n.<\/p>\n","protected":false},"excerpt":{"rendered":"<p>Nuestro principal producto es el traslado Salvador\/Boipeba y Boipeba\/Salvador. Cuando lo solicite el pasajero, le daremos la bienvenida desde el aeropuerto donde un empleado tendr\u00e1 un cartel con su nombre para una identificaci\u00f3n r\u00e1pida y segura. Continuamos nuestro viaje hacia la Isla de Boipeba en el municipio de Cairu. El viaje semiterrestre se realiza en [&#8230;]\n","protected":false},"featured_media":19481,"comment_status":"open","ping_status":"open","template":"","meta":[],"product_brand":[],"product_cat":[1235,1211],"product_tag":[1305,1271],"class_list":{"0":"post-19914","1":"product","2":"type-product","3":"status-publish","4":"has-post-thumbnail","6":"product_cat-boipeba-es","7":"product_cat-transferencias","8":"product_tag-boipeba-es","9":"product_tag-salvador-es","11":"first","12":"instock","13":"shipping-taxable","14":"purchasable","15":"product-type-variable","16":"has-default-attributes"},"yoast_head":"<!-- This site is optimized with the Yoast SEO Premium plugin v24.2 (Yoast SEO v24.2) - https:\/\/yoast.com\/wordpress\/plugins\/seo\/ -->\n<title>Traslado a Boipeba - JR Turismo<\/title>\n<meta name=\"description\" content=\"Nuestro principal producto es el traslado Salvador\/Boipeba y Boipeba\/Salvador.\" \/>\n<meta name=\"robots\" content=\"index, follow, max-snippet:-1, max-image-preview:large, max-video-preview:-1\" \/>\n<link rel=\"canonical\" href=\"https:\/\/wjrturismo.salvador.br\/es\/loja\/transferencias\/traslado-a-boipeba\/\" \/>\n<meta property=\"og:locale\" content=\"es_ES\" \/>\n<meta property=\"og:type\" content=\"article\" \/>\n<meta property=\"og:title\" content=\"Traslado a Boipeba\" \/>\n<meta property=\"og:description\" content=\"Nuestro principal producto es el traslado Salvador\/Boipeba y Boipeba\/Salvador.\" \/>\n<meta property=\"og:url\" content=\"https:\/\/wjrturismo.salvador.br\/es\/loja\/transferencias\/traslado-a-boipeba\/\" \/>\n<meta property=\"og:site_name\" content=\"JR Turismo\" \/>\n<meta property=\"og:image\" content=\"https:\/\/wjrturismo.salvador.br\/wp-content\/uploads\/2021\/02\/boipeba.png\" \/>\n\t<meta property=\"og:image:width\" content=\"502\" \/>\n\t<meta property=\"og:image:height\" content=\"414\" \/>\n\t<meta property=\"og:image:type\" content=\"image\/png\" \/>\n<meta name=\"twitter:card\" content=\"summary_large_image\" \/>\n<script type=\"application\/ld+json\" class=\"yoast-schema-graph\">{\"@context\":\"https:\/\/schema.org\",\"@graph\":[{\"@type\":\"WebPage\",\"@id\":\"https:\/\/wjrturismo.salvador.br\/es\/loja\/transferencias\/traslado-a-boipeba\/\",\"url\":\"https:\/\/wjrturismo.salvador.br\/es\/loja\/transferencias\/traslado-a-boipeba\/\",\"name\":\"Traslado a Boipeba - JR Turismo\",\"isPartOf\":{\"@id\":\"https:\/\/wjrturismo.salvador.br\/#website\"},\"primaryImageOfPage\":{\"@id\":\"https:\/\/wjrturismo.salvador.br\/es\/loja\/transferencias\/traslado-a-boipeba\/#primaryimage\"},\"image\":{\"@id\":\"https:\/\/wjrturismo.salvador.br\/es\/loja\/transferencias\/traslado-a-boipeba\/#primaryimage\"},\"thumbnailUrl\":\"https:\/\/wjrturismo.salvador.br\/wp-content\/uploads\/2021\/02\/boipeba.png\",\"datePublished\":\"2021-02-11T13:43:16+00:00\",\"dateModified\":\"2021-02-11T13:43:16+00:00\",\"description\":\"Nuestro principal producto es el traslado Salvador\/Boipeba y Boipeba\/Salvador.\",\"breadcrumb\":{\"@id\":\"https:\/\/wjrturismo.salvador.br\/es\/loja\/transferencias\/traslado-a-boipeba\/#breadcrumb\"},\"inLanguage\":\"es\",\"potentialAction\":[{\"@type\":\"ReadAction\",\"target\":[\"https:\/\/wjrturismo.salvador.br\/es\/loja\/transferencias\/traslado-a-boipeba\/\"]}]},{\"@type\":\"ImageObject\",\"inLanguage\":\"es\",\"@id\":\"https:\/\/wjrturismo.salvador.br\/es\/loja\/transferencias\/traslado-a-boipeba\/#primaryimage\",\"url\":\"https:\/\/wjrturismo.salvador.br\/wp-content\/uploads\/2021\/02\/boipeba.png\",\"contentUrl\":\"https:\/\/wjrturismo.salvador.br\/wp-content\/uploads\/2021\/02\/boipeba.png\",\"width\":502,\"height\":414},{\"@type\":\"BreadcrumbList\",\"@id\":\"https:\/\/wjrturismo.salvador.br\/es\/loja\/transferencias\/traslado-a-boipeba\/#breadcrumb\",\"itemListElement\":[{\"@type\":\"ListItem\",\"position\":1,\"name\":\"In\u00edcio\",\"item\":\"https:\/\/wjrturismo.salvador.br\/\"},{\"@type\":\"ListItem\",\"position\":2,\"name\":\"Loja\",\"item\":\"https:\/\/wjrturismo.salvador.br\/loja\/\"},{\"@type\":\"ListItem\",\"position\":3,\"name\":\"Traslado a Boipeba\"}]},{\"@type\":\"WebSite\",\"@id\":\"https:\/\/wjrturismo.salvador.br\/#website\",\"url\":\"https:\/\/wjrturismo.salvador.br\/\",\"name\":\"JR Turismo\",\"description\":\"Passeios, excurs\u00f5es, e translado a partir de Salvador.\",\"publisher\":{\"@id\":\"https:\/\/wjrturismo.salvador.br\/#organization\"},\"potentialAction\":[{\"@type\":\"SearchAction\",\"target\":{\"@type\":\"EntryPoint\",\"urlTemplate\":\"https:\/\/wjrturismo.salvador.br\/?s={search_term_string}\"},\"query-input\":{\"@type\":\"PropertyValueSpecification\",\"valueRequired\":true,\"valueName\":\"search_term_string\"}}],\"inLanguage\":\"es\"},{\"@type\":\"Organization\",\"@id\":\"https:\/\/wjrturismo.salvador.br\/#organization\",\"name\":\"Jr Turismo\",\"url\":\"https:\/\/wjrturismo.salvador.br\/\",\"logo\":{\"@type\":\"ImageObject\",\"inLanguage\":\"es\",\"@id\":\"https:\/\/wjrturismo.salvador.br\/#\/schema\/logo\/image\/\",\"url\":\"\",\"contentUrl\":\"\",\"caption\":\"Jr Turismo\"},\"image\":{\"@id\":\"https:\/\/wjrturismo.salvador.br\/#\/schema\/logo\/image\/\"}}]}<\/script>\n<meta property=\"og:availability\" content=\"instock\" \/>\n<meta property=\"product:availability\" content=\"instock\" \/>\n<meta property=\"product:condition\" content=\"new\" \/>\n<!-- \/ Yoast SEO Premium plugin. -->","yoast_head_json":{"title":"Traslado a Boipeba - JR Turismo","description":"Nuestro principal producto es el traslado Salvador\/Boipeba y Boipeba\/Salvador.","robots":{"index":"index","follow":"follow","max-snippet":"max-snippet:-1","max-image-preview":"max-image-preview:large","max-video-preview":"max-video-preview:-1"},"canonical":"https:\/\/wjrturismo.salvador.br\/es\/loja\/transferencias\/traslado-a-boipeba\/","og_locale":"es_ES","og_type":"article","og_title":"Traslado a Boipeba","og_description":"Nuestro principal producto es el traslado Salvador\/Boipeba y Boipeba\/Salvador.","og_url":"https:\/\/wjrturismo.salvador.br\/es\/loja\/transferencias\/traslado-a-boipeba\/","og_site_name":"JR Turismo","og_image":[{"width":502,"height":414,"url":"https:\/\/wjrturismo.salvador.br\/wp-content\/uploads\/2021\/02\/boipeba.png","type":"image\/png"}],"twitter_card":"summary_large_image","schema":{"@context":"https:\/\/schema.org","@graph":[{"@type":"WebPage","@id":"https:\/\/wjrturismo.salvador.br\/es\/loja\/transferencias\/traslado-a-boipeba\/","url":"https:\/\/wjrturismo.salvador.br\/es\/loja\/transferencias\/traslado-a-boipeba\/","name":"Traslado a Boipeba - JR Turismo","isPartOf":{"@id":"https:\/\/wjrturismo.salvador.br\/#website"},"primaryImageOfPage":{"@id":"https:\/\/wjrturismo.salvador.br\/es\/loja\/transferencias\/traslado-a-boipeba\/#primaryimage"},"image":{"@id":"https:\/\/wjrturismo.salvador.br\/es\/loja\/transferencias\/traslado-a-boipeba\/#primaryimage"},"thumbnailUrl":"https:\/\/wjrturismo.salvador.br\/wp-content\/uploads\/2021\/02\/boipeba.png","datePublished":"2021-02-11T13:43:16+00:00","dateModified":"2021-02-11T13:43:16+00:00","description":"Nuestro principal producto es el traslado Salvador\/Boipeba y Boipeba\/Salvador.","breadcrumb":{"@id":"https:\/\/wjrturismo.salvador.br\/es\/loja\/transferencias\/traslado-a-boipeba\/#breadcrumb"},"inLanguage":"es","potentialAction":[{"@type":"ReadAction","target":["https:\/\/wjrturismo.salvador.br\/es\/loja\/transferencias\/traslado-a-boipeba\/"]}]},{"@type":"ImageObject","inLanguage":"es","@id":"https:\/\/wjrturismo.salvador.br\/es\/loja\/transferencias\/traslado-a-boipeba\/#primaryimage","url":"https:\/\/wjrturismo.salvador.br\/wp-content\/uploads\/2021\/02\/boipeba.png","contentUrl":"https:\/\/wjrturismo.salvador.br\/wp-content\/uploads\/2021\/02\/boipeba.png","width":502,"height":414},{"@type":"BreadcrumbList","@id":"https:\/\/wjrturismo.salvador.br\/es\/loja\/transferencias\/traslado-a-boipeba\/#breadcrumb","itemListElement":[{"@type":"ListItem","position":1,"name":"In\u00edcio","item":"https:\/\/wjrturismo.salvador.br\/"},{"@type":"ListItem","position":2,"name":"Loja","item":"https:\/\/wjrturismo.salvador.br\/loja\/"},{"@type":"ListItem","position":3,"name":"Traslado a Boipeba"}]},{"@type":"WebSite","@id":"https:\/\/wjrturismo.salvador.br\/#website","url":"https:\/\/wjrturismo.salvador.br\/","name":"JR Turismo","description":"Passeios, excurs\u00f5es, e translado a partir de Salvador.","publisher":{"@id":"https:\/\/wjrturismo.salvador.br\/#organization"},"potentialAction":[{"@type":"SearchAction","target":{"@type":"EntryPoint","urlTemplate":"https:\/\/wjrturismo.salvador.br\/?s={search_term_string}"},"query-input":{"@type":"PropertyValueSpecification","valueRequired":true,"valueName":"search_term_string"}}],"inLanguage":"es"},{"@type":"Organization","@id":"https:\/\/wjrturismo.salvador.br\/#organization","name":"Jr Turismo","url":"https:\/\/wjrturismo.salvador.br\/","logo":{"@type":"ImageObject","inLanguage":"es","@id":"https:\/\/wjrturismo.salvador.br\/#\/schema\/logo\/image\/","url":"","contentUrl":"","caption":"Jr Turismo"},"image":{"@id":"https:\/\/wjrturismo.salvador.br\/#\/schema\/logo\/image\/"}}]},"og_availability":"instock","product_availability":"instock","product_condition":"new"},"_links":{"self":[{"href":"https:\/\/wjrturismo.salvador.br\/es\/wp-json\/wp\/v2\/product\/19914","targetHints":{"allow":["GET"]}}],"collection":[{"href":"https:\/\/wjrturismo.salvador.br\/es\/wp-json\/wp\/v2\/product"}],"about":[{"href":"https:\/\/wjrturismo.salvador.br\/es\/wp-json\/wp\/v2\/types\/product"}],"replies":[{"embeddable":true,"href":"https:\/\/wjrturismo.salvador.br\/es\/wp-json\/wp\/v2\/comments?post=19914"}],"wp:featuredmedia":[{"embeddable":true,"href":"https:\/\/wjrturismo.salvador.br\/es\/wp-json\/wp\/v2\/media\/19481"}],"wp:attachment":[{"href":"https:\/\/wjrturismo.salvador.br\/es\/wp-json\/wp\/v2\/media?parent=19914"}],"wp:term":[{"taxonomy":"product_brand","embeddable":true,"href":"https:\/\/wjrturismo.salvador.br\/es\/wp-json\/wp\/v2\/product_brand?post=19914"},{"taxonomy":"product_cat","embeddable":true,"href":"https:\/\/wjrturismo.salvador.br\/es\/wp-json\/wp\/v2\/product_cat?post=19914"},{"taxonomy":"product_tag","embeddable":true,"href":"https:\/\/wjrturismo.salvador.br\/es\/wp-json\/wp\/v2\/product_tag?post=19914"}],"curies":[{"name":"wp","href":"https:\/\/api.w.org\/{rel}","templated":true}]}}