{"id":19907,"date":"2021-02-11T11:21:57","date_gmt":"2021-02-11T14:21:57","guid":{"rendered":"https:\/\/wjrturismo.salvador.br\/loja\/sin categor\u00eda\/traslado-para-morro-de-sao-paulo\/"},"modified":"2021-02-11T11:21:57","modified_gmt":"2021-02-11T14:21:57","slug":"traslado-para-morro-de-sao-paulo","status":"publish","type":"product","link":"https:\/\/wjrturismo.salvador.br\/es\/loja\/transferencias\/traslado-para-morro-de-sao-paulo\/","title":{"rendered":"Traslado para Morro de S\u00e3o Paulo"},"content":{"rendered":"<p style=\"font-weight: 400;\">Hacemos transferencia para <a href=\"https:\/\/wjrturismo.salvador.br\/categoria-produto\/morro-de-sao-paulo\/\">Morro de S\u00e3o Paulo<\/a>. Com oferta de traje semi-terrestre via Mar Grande, priorizando siempre conforto y seguridad aos nossos clientes <\/p>\n<p style=\"font-weight: 400;\">Ofrecemos la opci\u00f3n de quedarse en el pasaje en el hotel o en el aeropuerto de Salvador. Caso prefira, o guardamos no Terminal Mar\u00edtimo de Salvador de onde partiremos para Morro de S\u00e3o Paulo. El servicio incluye acompa\u00f1amiento de gu\u00eda receptiva.  <\/p>\n<p style=\"font-weight: 400;\">Como dijeron estos d\u00edas y est\u00e1n disponibles en los siguientes horarios:<\/p>\n<p style=\"font-weight: 400;\">De Salvador (Terminal Mar\u00edtimo de Salvador) para Morro de S\u00e3o Paulo: <strong>7h00 \/\/ 12h00 \/\/ 15h00<\/strong><\/p>\n<p style=\"font-weight: 400;\">De Morro de S\u00e3o Paulo para Salvador: <strong>6h30 \/\/ 9h30 \/\/ 11h30 \/\/ 15h30 <\/strong> <\/p>\n<h3 style=\"font-weight: 400;\"><strong>Trajeto<\/strong><\/h3>\n<p style=\"font-weight: 400;\">No Terminal Mar\u00edtimo de Salvador inicia-se o trecho mar\u00edtimo em embarca\u00e7\u00f5es regulares SSA x Ilha de Itaparica (Mar Grande), travessia da Baia de Todos os Santos con un tiempo estimado de 40min.<\/p>\n<p style=\"font-weight: 400;\">No desembarque en Mar Grande, los pasajeros deben alojarse en veh\u00edculos para iniciar el viaje terrestre Mar Grande x Atracadouro Bom Jardim (Valen\u00e7a) con 130 km y sin escalas o paradas, en aproximadamente 1h40min.<\/p>\n<p style=\"font-weight: 400;\">Al llegar al Atracadouro Bom Jardim, comienza un nuevo tramo mar\u00edtimo en embarcaciones privadas Bom Jardim x Morro de S\u00e3o Paulo, de aproximadamente 12 minutos.<\/p>\n<h3 style=\"font-weight: 400;\"><strong>Notas:<\/strong><\/h3>\n<p style=\"font-weight: 400;\">Destacamos que el servicio se realiza en sentido inverso en el tramo Morro de S\u00e3o Paulo a Salvador.<\/p>\n<p style=\"font-weight: 400;\">Lugares de recogida a realizarse en el aeropuerto u hoteles de Salvador o en la Terminal Mar\u00edtima, con horarios predeterminados para cada lugar.<\/p>\n<p><strong>Nota:<\/strong> La reserva debe realizarse con al menos 1 hora de antelaci\u00f3n.<\/p>\n","protected":false},"excerpt":{"rendered":"<p>Hacemos transferencia para <a href=\"https:\/\/wjrturismo.salvador.br\/categoria-produto\/morro-de-sao-paulo\/\">Morro de S\u00e3o Paulo<\/a>. Com oferta de traje semi-terrestre via Mar Grande, priorizando siempre conforto y seguridad aos nossos clientes <\/p>\n","protected":false},"featured_media":19485,"comment_status":"open","ping_status":"open","template":"","meta":[],"product_brand":[],"product_cat":[1254,1211],"product_tag":[1288,1289,1290],"class_list":{"0":"post-19907","1":"product","2":"type-product","3":"status-publish","4":"has-post-thumbnail","6":"product_cat-morro-de-sao-paulo-es","7":"product_cat-transferencias","8":"product_tag-morro-de-sao-paulo-es","9":"product_tag-transferencias","10":"product_tag-transferido","12":"first","13":"instock","14":"shipping-taxable","15":"purchasable","16":"product-type-variable","17":"has-default-attributes"},"yoast_head":"<!-- This site is optimized with the Yoast SEO Premium plugin v24.2 (Yoast SEO v24.2) - https:\/\/yoast.com\/wordpress\/plugins\/seo\/ -->\n<title>Traslado para Morro de S\u00e3o Paulo - JR Turismo<\/title>\n<meta name=\"robots\" content=\"index, follow, max-snippet:-1, max-image-preview:large, max-video-preview:-1\" \/>\n<link rel=\"canonical\" href=\"https:\/\/wjrturismo.salvador.br\/es\/loja\/transferencias\/traslado-para-morro-de-sao-paulo\/\" \/>\n<meta property=\"og:locale\" content=\"es_ES\" \/>\n<meta property=\"og:type\" content=\"article\" \/>\n<meta property=\"og:title\" content=\"Traslado para Morro de S\u00e3o Paulo\" \/>\n<meta property=\"og:description\" content=\"Hacemos transferencia para Morro de S\u00e3o Paulo. Com oferta de traje semi-terrestre via Mar Grande, priorizando siempre conforto y seguridad aos nossos clientes\" \/>\n<meta property=\"og:url\" content=\"https:\/\/wjrturismo.salvador.br\/es\/loja\/transferencias\/traslado-para-morro-de-sao-paulo\/\" \/>\n<meta property=\"og:site_name\" content=\"JR Turismo\" \/>\n<meta property=\"og:image\" content=\"https:\/\/wjrturismo.salvador.br\/wp-content\/uploads\/2021\/02\/morro-02.png\" \/>\n\t<meta property=\"og:image:width\" content=\"502\" \/>\n\t<meta property=\"og:image:height\" content=\"414\" \/>\n\t<meta property=\"og:image:type\" content=\"image\/png\" \/>\n<meta name=\"twitter:card\" content=\"summary_large_image\" \/>\n<script type=\"application\/ld+json\" class=\"yoast-schema-graph\">{\"@context\":\"https:\/\/schema.org\",\"@graph\":[{\"@type\":\"WebPage\",\"@id\":\"https:\/\/wjrturismo.salvador.br\/es\/loja\/transferencias\/traslado-para-morro-de-sao-paulo\/\",\"url\":\"https:\/\/wjrturismo.salvador.br\/es\/loja\/transferencias\/traslado-para-morro-de-sao-paulo\/\",\"name\":\"Traslado para Morro de S\u00e3o Paulo - JR Turismo\",\"isPartOf\":{\"@id\":\"https:\/\/wjrturismo.salvador.br\/#website\"},\"primaryImageOfPage\":{\"@id\":\"https:\/\/wjrturismo.salvador.br\/es\/loja\/transferencias\/traslado-para-morro-de-sao-paulo\/#primaryimage\"},\"image\":{\"@id\":\"https:\/\/wjrturismo.salvador.br\/es\/loja\/transferencias\/traslado-para-morro-de-sao-paulo\/#primaryimage\"},\"thumbnailUrl\":\"https:\/\/wjrturismo.salvador.br\/wp-content\/uploads\/2021\/02\/morro-02.png\",\"datePublished\":\"2021-02-11T14:21:57+00:00\",\"dateModified\":\"2021-02-11T14:21:57+00:00\",\"breadcrumb\":{\"@id\":\"https:\/\/wjrturismo.salvador.br\/es\/loja\/transferencias\/traslado-para-morro-de-sao-paulo\/#breadcrumb\"},\"inLanguage\":\"es\",\"potentialAction\":[{\"@type\":\"ReadAction\",\"target\":[\"https:\/\/wjrturismo.salvador.br\/es\/loja\/transferencias\/traslado-para-morro-de-sao-paulo\/\"]}]},{\"@type\":\"ImageObject\",\"inLanguage\":\"es\",\"@id\":\"https:\/\/wjrturismo.salvador.br\/es\/loja\/transferencias\/traslado-para-morro-de-sao-paulo\/#primaryimage\",\"url\":\"https:\/\/wjrturismo.salvador.br\/wp-content\/uploads\/2021\/02\/morro-02.png\",\"contentUrl\":\"https:\/\/wjrturismo.salvador.br\/wp-content\/uploads\/2021\/02\/morro-02.png\",\"width\":502,\"height\":414},{\"@type\":\"BreadcrumbList\",\"@id\":\"https:\/\/wjrturismo.salvador.br\/es\/loja\/transferencias\/traslado-para-morro-de-sao-paulo\/#breadcrumb\",\"itemListElement\":[{\"@type\":\"ListItem\",\"position\":1,\"name\":\"In\u00edcio\",\"item\":\"https:\/\/wjrturismo.salvador.br\/\"},{\"@type\":\"ListItem\",\"position\":2,\"name\":\"Loja\",\"item\":\"https:\/\/wjrturismo.salvador.br\/loja\/\"},{\"@type\":\"ListItem\",\"position\":3,\"name\":\"Traslado para Morro de S\u00e3o Paulo\"}]},{\"@type\":\"WebSite\",\"@id\":\"https:\/\/wjrturismo.salvador.br\/#website\",\"url\":\"https:\/\/wjrturismo.salvador.br\/\",\"name\":\"JR Turismo\",\"description\":\"Passeios, excurs\u00f5es, e translado a partir de Salvador.\",\"publisher\":{\"@id\":\"https:\/\/wjrturismo.salvador.br\/#organization\"},\"potentialAction\":[{\"@type\":\"SearchAction\",\"target\":{\"@type\":\"EntryPoint\",\"urlTemplate\":\"https:\/\/wjrturismo.salvador.br\/?s={search_term_string}\"},\"query-input\":{\"@type\":\"PropertyValueSpecification\",\"valueRequired\":true,\"valueName\":\"search_term_string\"}}],\"inLanguage\":\"es\"},{\"@type\":\"Organization\",\"@id\":\"https:\/\/wjrturismo.salvador.br\/#organization\",\"name\":\"Jr Turismo\",\"url\":\"https:\/\/wjrturismo.salvador.br\/\",\"logo\":{\"@type\":\"ImageObject\",\"inLanguage\":\"es\",\"@id\":\"https:\/\/wjrturismo.salvador.br\/#\/schema\/logo\/image\/\",\"url\":\"\",\"contentUrl\":\"\",\"caption\":\"Jr Turismo\"},\"image\":{\"@id\":\"https:\/\/wjrturismo.salvador.br\/#\/schema\/logo\/image\/\"}}]}<\/script>\n<meta property=\"og:availability\" content=\"instock\" \/>\n<meta property=\"product:availability\" content=\"instock\" \/>\n<meta property=\"product:condition\" content=\"new\" \/>\n<!-- \/ Yoast SEO Premium plugin. -->","yoast_head_json":{"title":"Traslado para Morro de S\u00e3o Paulo - JR Turismo","robots":{"index":"index","follow":"follow","max-snippet":"max-snippet:-1","max-image-preview":"max-image-preview:large","max-video-preview":"max-video-preview:-1"},"canonical":"https:\/\/wjrturismo.salvador.br\/es\/loja\/transferencias\/traslado-para-morro-de-sao-paulo\/","og_locale":"es_ES","og_type":"article","og_title":"Traslado para Morro de S\u00e3o Paulo","og_description":"Hacemos transferencia para Morro de S\u00e3o Paulo. Com oferta de traje semi-terrestre via Mar Grande, priorizando siempre conforto y seguridad aos nossos clientes","og_url":"https:\/\/wjrturismo.salvador.br\/es\/loja\/transferencias\/traslado-para-morro-de-sao-paulo\/","og_site_name":"JR Turismo","og_image":[{"width":502,"height":414,"url":"https:\/\/wjrturismo.salvador.br\/wp-content\/uploads\/2021\/02\/morro-02.png","type":"image\/png"}],"twitter_card":"summary_large_image","schema":{"@context":"https:\/\/schema.org","@graph":[{"@type":"WebPage","@id":"https:\/\/wjrturismo.salvador.br\/es\/loja\/transferencias\/traslado-para-morro-de-sao-paulo\/","url":"https:\/\/wjrturismo.salvador.br\/es\/loja\/transferencias\/traslado-para-morro-de-sao-paulo\/","name":"Traslado para Morro de S\u00e3o Paulo - JR Turismo","isPartOf":{"@id":"https:\/\/wjrturismo.salvador.br\/#website"},"primaryImageOfPage":{"@id":"https:\/\/wjrturismo.salvador.br\/es\/loja\/transferencias\/traslado-para-morro-de-sao-paulo\/#primaryimage"},"image":{"@id":"https:\/\/wjrturismo.salvador.br\/es\/loja\/transferencias\/traslado-para-morro-de-sao-paulo\/#primaryimage"},"thumbnailUrl":"https:\/\/wjrturismo.salvador.br\/wp-content\/uploads\/2021\/02\/morro-02.png","datePublished":"2021-02-11T14:21:57+00:00","dateModified":"2021-02-11T14:21:57+00:00","breadcrumb":{"@id":"https:\/\/wjrturismo.salvador.br\/es\/loja\/transferencias\/traslado-para-morro-de-sao-paulo\/#breadcrumb"},"inLanguage":"es","potentialAction":[{"@type":"ReadAction","target":["https:\/\/wjrturismo.salvador.br\/es\/loja\/transferencias\/traslado-para-morro-de-sao-paulo\/"]}]},{"@type":"ImageObject","inLanguage":"es","@id":"https:\/\/wjrturismo.salvador.br\/es\/loja\/transferencias\/traslado-para-morro-de-sao-paulo\/#primaryimage","url":"https:\/\/wjrturismo.salvador.br\/wp-content\/uploads\/2021\/02\/morro-02.png","contentUrl":"https:\/\/wjrturismo.salvador.br\/wp-content\/uploads\/2021\/02\/morro-02.png","width":502,"height":414},{"@type":"BreadcrumbList","@id":"https:\/\/wjrturismo.salvador.br\/es\/loja\/transferencias\/traslado-para-morro-de-sao-paulo\/#breadcrumb","itemListElement":[{"@type":"ListItem","position":1,"name":"In\u00edcio","item":"https:\/\/wjrturismo.salvador.br\/"},{"@type":"ListItem","position":2,"name":"Loja","item":"https:\/\/wjrturismo.salvador.br\/loja\/"},{"@type":"ListItem","position":3,"name":"Traslado para Morro de S\u00e3o Paulo"}]},{"@type":"WebSite","@id":"https:\/\/wjrturismo.salvador.br\/#website","url":"https:\/\/wjrturismo.salvador.br\/","name":"JR Turismo","description":"Passeios, excurs\u00f5es, e translado a partir de Salvador.","publisher":{"@id":"https:\/\/wjrturismo.salvador.br\/#organization"},"potentialAction":[{"@type":"SearchAction","target":{"@type":"EntryPoint","urlTemplate":"https:\/\/wjrturismo.salvador.br\/?s={search_term_string}"},"query-input":{"@type":"PropertyValueSpecification","valueRequired":true,"valueName":"search_term_string"}}],"inLanguage":"es"},{"@type":"Organization","@id":"https:\/\/wjrturismo.salvador.br\/#organization","name":"Jr Turismo","url":"https:\/\/wjrturismo.salvador.br\/","logo":{"@type":"ImageObject","inLanguage":"es","@id":"https:\/\/wjrturismo.salvador.br\/#\/schema\/logo\/image\/","url":"","contentUrl":"","caption":"Jr Turismo"},"image":{"@id":"https:\/\/wjrturismo.salvador.br\/#\/schema\/logo\/image\/"}}]},"og_availability":"instock","product_availability":"instock","product_condition":"new"},"_links":{"self":[{"href":"https:\/\/wjrturismo.salvador.br\/es\/wp-json\/wp\/v2\/product\/19907","targetHints":{"allow":["GET"]}}],"collection":[{"href":"https:\/\/wjrturismo.salvador.br\/es\/wp-json\/wp\/v2\/product"}],"about":[{"href":"https:\/\/wjrturismo.salvador.br\/es\/wp-json\/wp\/v2\/types\/product"}],"replies":[{"embeddable":true,"href":"https:\/\/wjrturismo.salvador.br\/es\/wp-json\/wp\/v2\/comments?post=19907"}],"wp:featuredmedia":[{"embeddable":true,"href":"https:\/\/wjrturismo.salvador.br\/es\/wp-json\/wp\/v2\/media\/19485"}],"wp:attachment":[{"href":"https:\/\/wjrturismo.salvador.br\/es\/wp-json\/wp\/v2\/media?parent=19907"}],"wp:term":[{"taxonomy":"product_brand","embeddable":true,"href":"https:\/\/wjrturismo.salvador.br\/es\/wp-json\/wp\/v2\/product_brand?post=19907"},{"taxonomy":"product_cat","embeddable":true,"href":"https:\/\/wjrturismo.salvador.br\/es\/wp-json\/wp\/v2\/product_cat?post=19907"},{"taxonomy":"product_tag","embeddable":true,"href":"https:\/\/wjrturismo.salvador.br\/es\/wp-json\/wp\/v2\/product_tag?post=19907"}],"curies":[{"name":"wp","href":"https:\/\/api.w.org\/{rel}","templated":true}]}}