{"id":19896,"date":"2021-02-11T15:01:13","date_gmt":"2021-02-11T18:01:13","guid":{"rendered":"https:\/\/wjrturismo.salvador.br\/loja\/sin categor\u00eda\/city-tour-en-salvador-con-guia\/"},"modified":"2021-02-11T15:01:13","modified_gmt":"2021-02-11T18:01:13","slug":"city-tour-en-salvador-con-guia","status":"publish","type":"product","link":"https:\/\/wjrturismo.salvador.br\/es\/loja\/visitas-guiadas\/city-tour-en-salvador-con-guia\/","title":{"rendered":"City Tour en Salvador (con gu\u00eda)"},"content":{"rendered":"<p><strong>Tour Panor\u00e1mico por la Ciudad<\/strong><\/p>\n<p>Comienza en Morro do Gato con una visita panor\u00e1mica a la entrada a la Bah\u00eda de Todos os Santos, Avenida Centen\u00e1rio, Dique do Toror\u00f3, Estadio Arena Fonte Nova, Avenida Bonoc\u00f4, T\u00fanel Am\u00e9rico Simas, que conecta la ciudad alta con la Ciudad Baja; Convento de los Hu\u00e9rfanos de S\u00e3o Joaquim, Cal\u00e7ada, Ribeira da Penha; parada para visitar la Iglesia del Senhor do Bonfim; Poco despu\u00e9s visitaremos el Fuerte de Mont Serrat, la Praia de Boa Viagem y la Feira de S\u00e3o Joaquim y el Mercado Modelo, con una parada para comprar artesan\u00eda. R$ 170,00 (Por persona)<\/p>\n<p><strong>Tour Hist\u00f3rico de la Ciudad<\/strong><\/p>\n<p>Comienza en Farol da Barra, recorriendo la Avenida 7 de Setembro, Ladeira da Barra, Corredor da Vitoria, Pra\u00e7a 2 de Julho (Campo Grande), Teatro Castro Alves y Forte de S\u00e3o Pedro, Pra\u00e7a da Piedade, Convento S\u00e3o Bento, Pra\u00e7a Castro Alves, Iglesia de Ajuda, Pra\u00e7a da S\u00e9, Terreiro de Jes\u00fas, Catedral Bas\u00edlica, Iglesia de S\u00e3o Francisco (Convento de la Tercera Orden), Largo do Pelourinho, Casa de Jorge Amado, Iglesia de Nossa Senhora do Ros\u00e1rio dos Pretos. Los tours tienen una duraci\u00f3n de 4 horas (con horario a convenir), incluyen un veh\u00edculo adecuado y c\u00f3modo (cuando corresponda) y un profesional especializado para brindar informaci\u00f3n sobre cada lugar visitado.<\/p>\n<h4>El City tour es privado y cuenta con un gu\u00eda biling\u00fce que te deja y recoge en el hotel.<\/h4>\n<p>R$ 170,00 (Por persona)<\/p>\n","protected":false},"excerpt":{"rendered":"<p>Tour Panor\u00e1mico por la Ciudad Comienza en Morro do Gato con una visita panor\u00e1mica a la entrada a la Bah\u00eda de Todos os Santos, Avenida Centen\u00e1rio, Dique do Toror\u00f3, Estadio Arena Fonte Nova, Avenida Bonoc\u00f4, T\u00fanel Am\u00e9rico Simas, que conecta la ciudad alta con la Ciudad Baja; Convento de los Hu\u00e9rfanos de S\u00e3o Joaquim, Cal\u00e7ada, [&#8230;]\n","protected":false},"featured_media":19465,"comment_status":"open","ping_status":"open","template":"","meta":[],"product_brand":[],"product_cat":[1270,1256,1237],"product_tag":[1272,1271,1260],"class_list":{"0":"post-19896","1":"product","2":"type-product","3":"status-publish","4":"has-post-thumbnail","6":"product_cat-salvador-es","7":"product_cat-uso-diurno","8":"product_cat-visitas-guiadas","9":"product_tag-recorrido-por-la-ciudad","10":"product_tag-salvador-es","11":"product_tag-visitas-guiadas","13":"first","14":"instock","15":"shipping-taxable","16":"purchasable","17":"product-type-variable"},"yoast_head":"<!-- This site is optimized with the Yoast SEO Premium plugin v24.2 (Yoast SEO v24.2) - https:\/\/yoast.com\/wordpress\/plugins\/seo\/ -->\n<title>City Tour en Salvador (con gu\u00eda) - JR Turismo<\/title>\n<meta name=\"robots\" content=\"index, follow, max-snippet:-1, max-image-preview:large, max-video-preview:-1\" \/>\n<link rel=\"canonical\" href=\"https:\/\/wjrturismo.salvador.br\/es\/loja\/visitas-guiadas\/city-tour-en-salvador-con-guia\/\" \/>\n<meta property=\"og:locale\" content=\"es_ES\" \/>\n<meta property=\"og:type\" content=\"article\" \/>\n<meta property=\"og:title\" content=\"City Tour en Salvador (con gu\u00eda)\" \/>\n<meta property=\"og:description\" content=\"Tour Panor\u00e1mico por la Ciudad Comienza en Morro do Gato con una visita panor\u00e1mica a la entrada a la Bah\u00eda de Todos os Santos, Avenida Centen\u00e1rio, Dique do Toror\u00f3, Estadio Arena Fonte Nova, Avenida Bonoc\u00f4, T\u00fanel Am\u00e9rico Simas, que conecta la ciudad alta con la Ciudad Baja; Convento de los Hu\u00e9rfanos de S\u00e3o Joaquim, Cal\u00e7ada, [...]\" \/>\n<meta property=\"og:url\" content=\"https:\/\/wjrturismo.salvador.br\/es\/loja\/visitas-guiadas\/city-tour-en-salvador-con-guia\/\" \/>\n<meta property=\"og:site_name\" content=\"JR Turismo\" \/>\n<meta property=\"og:image\" content=\"https:\/\/wjrturismo.salvador.br\/wp-content\/uploads\/2021\/02\/salvador-ba.png\" \/>\n\t<meta property=\"og:image:width\" content=\"502\" \/>\n\t<meta property=\"og:image:height\" content=\"414\" \/>\n\t<meta property=\"og:image:type\" content=\"image\/png\" \/>\n<meta name=\"twitter:card\" content=\"summary_large_image\" \/>\n<script type=\"application\/ld+json\" class=\"yoast-schema-graph\">{\"@context\":\"https:\/\/schema.org\",\"@graph\":[{\"@type\":\"WebPage\",\"@id\":\"https:\/\/wjrturismo.salvador.br\/es\/loja\/visitas-guiadas\/city-tour-en-salvador-con-guia\/\",\"url\":\"https:\/\/wjrturismo.salvador.br\/es\/loja\/visitas-guiadas\/city-tour-en-salvador-con-guia\/\",\"name\":\"City Tour en Salvador (con gu\u00eda) - JR Turismo\",\"isPartOf\":{\"@id\":\"https:\/\/wjrturismo.salvador.br\/#website\"},\"primaryImageOfPage\":{\"@id\":\"https:\/\/wjrturismo.salvador.br\/es\/loja\/visitas-guiadas\/city-tour-en-salvador-con-guia\/#primaryimage\"},\"image\":{\"@id\":\"https:\/\/wjrturismo.salvador.br\/es\/loja\/visitas-guiadas\/city-tour-en-salvador-con-guia\/#primaryimage\"},\"thumbnailUrl\":\"https:\/\/wjrturismo.salvador.br\/wp-content\/uploads\/2021\/02\/salvador-ba.png\",\"datePublished\":\"2021-02-11T18:01:13+00:00\",\"dateModified\":\"2021-02-11T18:01:13+00:00\",\"breadcrumb\":{\"@id\":\"https:\/\/wjrturismo.salvador.br\/es\/loja\/visitas-guiadas\/city-tour-en-salvador-con-guia\/#breadcrumb\"},\"inLanguage\":\"es\",\"potentialAction\":[{\"@type\":\"ReadAction\",\"target\":[\"https:\/\/wjrturismo.salvador.br\/es\/loja\/visitas-guiadas\/city-tour-en-salvador-con-guia\/\"]}]},{\"@type\":\"ImageObject\",\"inLanguage\":\"es\",\"@id\":\"https:\/\/wjrturismo.salvador.br\/es\/loja\/visitas-guiadas\/city-tour-en-salvador-con-guia\/#primaryimage\",\"url\":\"https:\/\/wjrturismo.salvador.br\/wp-content\/uploads\/2021\/02\/salvador-ba.png\",\"contentUrl\":\"https:\/\/wjrturismo.salvador.br\/wp-content\/uploads\/2021\/02\/salvador-ba.png\",\"width\":502,\"height\":414},{\"@type\":\"BreadcrumbList\",\"@id\":\"https:\/\/wjrturismo.salvador.br\/es\/loja\/visitas-guiadas\/city-tour-en-salvador-con-guia\/#breadcrumb\",\"itemListElement\":[{\"@type\":\"ListItem\",\"position\":1,\"name\":\"In\u00edcio\",\"item\":\"https:\/\/wjrturismo.salvador.br\/\"},{\"@type\":\"ListItem\",\"position\":2,\"name\":\"Loja\",\"item\":\"https:\/\/wjrturismo.salvador.br\/loja\/\"},{\"@type\":\"ListItem\",\"position\":3,\"name\":\"City Tour en Salvador (con gu\u00eda)\"}]},{\"@type\":\"WebSite\",\"@id\":\"https:\/\/wjrturismo.salvador.br\/#website\",\"url\":\"https:\/\/wjrturismo.salvador.br\/\",\"name\":\"JR Turismo\",\"description\":\"Passeios, excurs\u00f5es, e translado a partir de Salvador.\",\"publisher\":{\"@id\":\"https:\/\/wjrturismo.salvador.br\/#organization\"},\"potentialAction\":[{\"@type\":\"SearchAction\",\"target\":{\"@type\":\"EntryPoint\",\"urlTemplate\":\"https:\/\/wjrturismo.salvador.br\/?s={search_term_string}\"},\"query-input\":{\"@type\":\"PropertyValueSpecification\",\"valueRequired\":true,\"valueName\":\"search_term_string\"}}],\"inLanguage\":\"es\"},{\"@type\":\"Organization\",\"@id\":\"https:\/\/wjrturismo.salvador.br\/#organization\",\"name\":\"Jr Turismo\",\"url\":\"https:\/\/wjrturismo.salvador.br\/\",\"logo\":{\"@type\":\"ImageObject\",\"inLanguage\":\"es\",\"@id\":\"https:\/\/wjrturismo.salvador.br\/#\/schema\/logo\/image\/\",\"url\":\"\",\"contentUrl\":\"\",\"caption\":\"Jr Turismo\"},\"image\":{\"@id\":\"https:\/\/wjrturismo.salvador.br\/#\/schema\/logo\/image\/\"}}]}<\/script>\n<meta property=\"og:availability\" content=\"instock\" \/>\n<meta property=\"product:availability\" content=\"instock\" \/>\n<meta property=\"product:condition\" content=\"new\" \/>\n<!-- \/ Yoast SEO Premium plugin. -->","yoast_head_json":{"title":"City Tour en Salvador (con gu\u00eda) - JR Turismo","robots":{"index":"index","follow":"follow","max-snippet":"max-snippet:-1","max-image-preview":"max-image-preview:large","max-video-preview":"max-video-preview:-1"},"canonical":"https:\/\/wjrturismo.salvador.br\/es\/loja\/visitas-guiadas\/city-tour-en-salvador-con-guia\/","og_locale":"es_ES","og_type":"article","og_title":"City Tour en Salvador (con gu\u00eda)","og_description":"Tour Panor\u00e1mico por la Ciudad Comienza en Morro do Gato con una visita panor\u00e1mica a la entrada a la Bah\u00eda de Todos os Santos, Avenida Centen\u00e1rio, Dique do Toror\u00f3, Estadio Arena Fonte Nova, Avenida Bonoc\u00f4, T\u00fanel Am\u00e9rico Simas, que conecta la ciudad alta con la Ciudad Baja; Convento de los Hu\u00e9rfanos de S\u00e3o Joaquim, Cal\u00e7ada, [...]","og_url":"https:\/\/wjrturismo.salvador.br\/es\/loja\/visitas-guiadas\/city-tour-en-salvador-con-guia\/","og_site_name":"JR Turismo","og_image":[{"width":502,"height":414,"url":"https:\/\/wjrturismo.salvador.br\/wp-content\/uploads\/2021\/02\/salvador-ba.png","type":"image\/png"}],"twitter_card":"summary_large_image","schema":{"@context":"https:\/\/schema.org","@graph":[{"@type":"WebPage","@id":"https:\/\/wjrturismo.salvador.br\/es\/loja\/visitas-guiadas\/city-tour-en-salvador-con-guia\/","url":"https:\/\/wjrturismo.salvador.br\/es\/loja\/visitas-guiadas\/city-tour-en-salvador-con-guia\/","name":"City Tour en Salvador (con gu\u00eda) - JR Turismo","isPartOf":{"@id":"https:\/\/wjrturismo.salvador.br\/#website"},"primaryImageOfPage":{"@id":"https:\/\/wjrturismo.salvador.br\/es\/loja\/visitas-guiadas\/city-tour-en-salvador-con-guia\/#primaryimage"},"image":{"@id":"https:\/\/wjrturismo.salvador.br\/es\/loja\/visitas-guiadas\/city-tour-en-salvador-con-guia\/#primaryimage"},"thumbnailUrl":"https:\/\/wjrturismo.salvador.br\/wp-content\/uploads\/2021\/02\/salvador-ba.png","datePublished":"2021-02-11T18:01:13+00:00","dateModified":"2021-02-11T18:01:13+00:00","breadcrumb":{"@id":"https:\/\/wjrturismo.salvador.br\/es\/loja\/visitas-guiadas\/city-tour-en-salvador-con-guia\/#breadcrumb"},"inLanguage":"es","potentialAction":[{"@type":"ReadAction","target":["https:\/\/wjrturismo.salvador.br\/es\/loja\/visitas-guiadas\/city-tour-en-salvador-con-guia\/"]}]},{"@type":"ImageObject","inLanguage":"es","@id":"https:\/\/wjrturismo.salvador.br\/es\/loja\/visitas-guiadas\/city-tour-en-salvador-con-guia\/#primaryimage","url":"https:\/\/wjrturismo.salvador.br\/wp-content\/uploads\/2021\/02\/salvador-ba.png","contentUrl":"https:\/\/wjrturismo.salvador.br\/wp-content\/uploads\/2021\/02\/salvador-ba.png","width":502,"height":414},{"@type":"BreadcrumbList","@id":"https:\/\/wjrturismo.salvador.br\/es\/loja\/visitas-guiadas\/city-tour-en-salvador-con-guia\/#breadcrumb","itemListElement":[{"@type":"ListItem","position":1,"name":"In\u00edcio","item":"https:\/\/wjrturismo.salvador.br\/"},{"@type":"ListItem","position":2,"name":"Loja","item":"https:\/\/wjrturismo.salvador.br\/loja\/"},{"@type":"ListItem","position":3,"name":"City Tour en Salvador (con gu\u00eda)"}]},{"@type":"WebSite","@id":"https:\/\/wjrturismo.salvador.br\/#website","url":"https:\/\/wjrturismo.salvador.br\/","name":"JR Turismo","description":"Passeios, excurs\u00f5es, e translado a partir de Salvador.","publisher":{"@id":"https:\/\/wjrturismo.salvador.br\/#organization"},"potentialAction":[{"@type":"SearchAction","target":{"@type":"EntryPoint","urlTemplate":"https:\/\/wjrturismo.salvador.br\/?s={search_term_string}"},"query-input":{"@type":"PropertyValueSpecification","valueRequired":true,"valueName":"search_term_string"}}],"inLanguage":"es"},{"@type":"Organization","@id":"https:\/\/wjrturismo.salvador.br\/#organization","name":"Jr Turismo","url":"https:\/\/wjrturismo.salvador.br\/","logo":{"@type":"ImageObject","inLanguage":"es","@id":"https:\/\/wjrturismo.salvador.br\/#\/schema\/logo\/image\/","url":"","contentUrl":"","caption":"Jr Turismo"},"image":{"@id":"https:\/\/wjrturismo.salvador.br\/#\/schema\/logo\/image\/"}}]},"og_availability":"instock","product_availability":"instock","product_condition":"new"},"_links":{"self":[{"href":"https:\/\/wjrturismo.salvador.br\/es\/wp-json\/wp\/v2\/product\/19896","targetHints":{"allow":["GET"]}}],"collection":[{"href":"https:\/\/wjrturismo.salvador.br\/es\/wp-json\/wp\/v2\/product"}],"about":[{"href":"https:\/\/wjrturismo.salvador.br\/es\/wp-json\/wp\/v2\/types\/product"}],"replies":[{"embeddable":true,"href":"https:\/\/wjrturismo.salvador.br\/es\/wp-json\/wp\/v2\/comments?post=19896"}],"wp:featuredmedia":[{"embeddable":true,"href":"https:\/\/wjrturismo.salvador.br\/es\/wp-json\/wp\/v2\/media\/19465"}],"wp:attachment":[{"href":"https:\/\/wjrturismo.salvador.br\/es\/wp-json\/wp\/v2\/media?parent=19896"}],"wp:term":[{"taxonomy":"product_brand","embeddable":true,"href":"https:\/\/wjrturismo.salvador.br\/es\/wp-json\/wp\/v2\/product_brand?post=19896"},{"taxonomy":"product_cat","embeddable":true,"href":"https:\/\/wjrturismo.salvador.br\/es\/wp-json\/wp\/v2\/product_cat?post=19896"},{"taxonomy":"product_tag","embeddable":true,"href":"https:\/\/wjrturismo.salvador.br\/es\/wp-json\/wp\/v2\/product_tag?post=19896"}],"curies":[{"name":"wp","href":"https:\/\/api.w.org\/{rel}","templated":true}]}}