{"id":19889,"date":"2021-02-11T15:36:34","date_gmt":"2021-02-11T18:36:34","guid":{"rendered":"https:\/\/wjrturismo.salvador.br\/loja\/sin categor\u00eda\/uso-diurno-paseos-en-goleta-por-las-islas-de-la-bahia-de-todos-los-santos\/"},"modified":"2021-02-11T15:36:34","modified_gmt":"2021-02-11T18:36:34","slug":"uso-diurno-paseos-en-goleta-por-las-islas-de-la-bahia-de-todos-los-santos","status":"publish","type":"product","link":"https:\/\/wjrturismo.salvador.br\/es\/loja\/visitas-guiadas\/uso-diurno-paseos-en-goleta-por-las-islas-de-la-bahia-de-todos-los-santos\/","title":{"rendered":"Uso diurno &#8211; Paseos en Goleta por las Islas de la Bah\u00eda de Todos los Santos"},"content":{"rendered":"<p style=\"font-weight: 400;\">WJR Turismo te presenta la opci\u00f3n Uso diurno en la que realizamos recorridos en Goleta por las Islas de la Bah\u00eda de Todos los Santos. La Terminal Mar\u00edtima de Salvador es el punto de partida para visitar en un d\u00eda las famosas Ilha dos Frades e Ilha de Itaparica. <\/p>\n<p style=\"font-weight: 400;\">Los tours son diarios y salen del hotel a las 7 am y regresan a las 5 pm. El tour incluye traslado y transporte mar\u00edtimo. <\/p>\n<p><strong data-rich-text-format-boundary=\"true\">Nota: Los tours s\u00f3lo se realizar\u00e1n con un m\u00ednimo de 4 personas.<\/strong><\/p>\n","protected":false},"excerpt":{"rendered":"<p>WJR Turismo te presenta la opci\u00f3n Uso diurno en la que realizamos recorridos en Goleta por las Islas de la Bah\u00eda de Todos los Santos. La Terminal Mar\u00edtima de Salvador es el punto de partida para visitar en un d\u00eda las famosas Ilha dos Frades e Ilha de Itaparica. Los tours son diarios y salen [&#8230;]\n","protected":false},"featured_media":19497,"comment_status":"open","ping_status":"closed","template":"","meta":[],"product_brand":[],"product_cat":[1256,1237],"product_tag":[],"class_list":{"0":"post-19889","1":"product","2":"type-product","3":"status-publish","4":"has-post-thumbnail","6":"product_cat-uso-diurno","7":"product_cat-visitas-guiadas","9":"first","10":"instock","11":"shipping-taxable","12":"purchasable","13":"product-type-simple"},"yoast_head":"<!-- This site is optimized with the Yoast SEO Premium plugin v24.2 (Yoast SEO v24.2) - https:\/\/yoast.com\/wordpress\/plugins\/seo\/ -->\n<title>Uso diurno - Paseos en Goleta por las Islas de la Bah\u00eda de Todos los Santos - JR Turismo<\/title>\n<meta name=\"robots\" content=\"index, follow, max-snippet:-1, max-image-preview:large, max-video-preview:-1\" \/>\n<link rel=\"canonical\" href=\"https:\/\/wjrturismo.salvador.br\/es\/loja\/visitas-guiadas\/uso-diurno-paseos-en-goleta-por-las-islas-de-la-bahia-de-todos-los-santos\/\" \/>\n<meta property=\"og:locale\" content=\"es_ES\" \/>\n<meta property=\"og:type\" content=\"article\" \/>\n<meta property=\"og:title\" content=\"Uso diurno - Paseos en Goleta por las Islas de la Bah\u00eda de Todos los Santos\" \/>\n<meta property=\"og:description\" content=\"WJR Turismo te presenta la opci\u00f3n Uso diurno en la que realizamos recorridos en Goleta por las Islas de la Bah\u00eda de Todos los Santos. La Terminal Mar\u00edtima de Salvador es el punto de partida para visitar en un d\u00eda las famosas Ilha dos Frades e Ilha de Itaparica. Los tours son diarios y salen [...]\" \/>\n<meta property=\"og:url\" content=\"https:\/\/wjrturismo.salvador.br\/es\/loja\/visitas-guiadas\/uso-diurno-paseos-en-goleta-por-las-islas-de-la-bahia-de-todos-los-santos\/\" \/>\n<meta property=\"og:site_name\" content=\"JR Turismo\" \/>\n<meta property=\"og:image\" content=\"https:\/\/wjrturismo.salvador.br\/wp-content\/uploads\/2021\/02\/ilha-dos-frades.png\" \/>\n\t<meta property=\"og:image:width\" content=\"502\" \/>\n\t<meta property=\"og:image:height\" content=\"414\" \/>\n\t<meta property=\"og:image:type\" content=\"image\/png\" \/>\n<meta name=\"twitter:card\" content=\"summary_large_image\" \/>\n<script type=\"application\/ld+json\" class=\"yoast-schema-graph\">{\"@context\":\"https:\/\/schema.org\",\"@graph\":[{\"@type\":\"WebPage\",\"@id\":\"https:\/\/wjrturismo.salvador.br\/es\/loja\/visitas-guiadas\/uso-diurno-paseos-en-goleta-por-las-islas-de-la-bahia-de-todos-los-santos\/\",\"url\":\"https:\/\/wjrturismo.salvador.br\/es\/loja\/visitas-guiadas\/uso-diurno-paseos-en-goleta-por-las-islas-de-la-bahia-de-todos-los-santos\/\",\"name\":\"Uso diurno - Paseos en Goleta por las Islas de la Bah\u00eda de Todos los Santos - JR Turismo\",\"isPartOf\":{\"@id\":\"https:\/\/wjrturismo.salvador.br\/#website\"},\"primaryImageOfPage\":{\"@id\":\"https:\/\/wjrturismo.salvador.br\/es\/loja\/visitas-guiadas\/uso-diurno-paseos-en-goleta-por-las-islas-de-la-bahia-de-todos-los-santos\/#primaryimage\"},\"image\":{\"@id\":\"https:\/\/wjrturismo.salvador.br\/es\/loja\/visitas-guiadas\/uso-diurno-paseos-en-goleta-por-las-islas-de-la-bahia-de-todos-los-santos\/#primaryimage\"},\"thumbnailUrl\":\"https:\/\/wjrturismo.salvador.br\/wp-content\/uploads\/2021\/02\/ilha-dos-frades.png\",\"datePublished\":\"2021-02-11T18:36:34+00:00\",\"dateModified\":\"2021-02-11T18:36:34+00:00\",\"breadcrumb\":{\"@id\":\"https:\/\/wjrturismo.salvador.br\/es\/loja\/visitas-guiadas\/uso-diurno-paseos-en-goleta-por-las-islas-de-la-bahia-de-todos-los-santos\/#breadcrumb\"},\"inLanguage\":\"es\",\"potentialAction\":[{\"@type\":\"ReadAction\",\"target\":[\"https:\/\/wjrturismo.salvador.br\/es\/loja\/visitas-guiadas\/uso-diurno-paseos-en-goleta-por-las-islas-de-la-bahia-de-todos-los-santos\/\"]}]},{\"@type\":\"ImageObject\",\"inLanguage\":\"es\",\"@id\":\"https:\/\/wjrturismo.salvador.br\/es\/loja\/visitas-guiadas\/uso-diurno-paseos-en-goleta-por-las-islas-de-la-bahia-de-todos-los-santos\/#primaryimage\",\"url\":\"https:\/\/wjrturismo.salvador.br\/wp-content\/uploads\/2021\/02\/ilha-dos-frades.png\",\"contentUrl\":\"https:\/\/wjrturismo.salvador.br\/wp-content\/uploads\/2021\/02\/ilha-dos-frades.png\",\"width\":502,\"height\":414},{\"@type\":\"BreadcrumbList\",\"@id\":\"https:\/\/wjrturismo.salvador.br\/es\/loja\/visitas-guiadas\/uso-diurno-paseos-en-goleta-por-las-islas-de-la-bahia-de-todos-los-santos\/#breadcrumb\",\"itemListElement\":[{\"@type\":\"ListItem\",\"position\":1,\"name\":\"In\u00edcio\",\"item\":\"https:\/\/wjrturismo.salvador.br\/\"},{\"@type\":\"ListItem\",\"position\":2,\"name\":\"Loja\",\"item\":\"https:\/\/wjrturismo.salvador.br\/loja\/\"},{\"@type\":\"ListItem\",\"position\":3,\"name\":\"Uso diurno &#8211; Paseos en Goleta por las Islas de la Bah\u00eda de Todos los Santos\"}]},{\"@type\":\"WebSite\",\"@id\":\"https:\/\/wjrturismo.salvador.br\/#website\",\"url\":\"https:\/\/wjrturismo.salvador.br\/\",\"name\":\"JR Turismo\",\"description\":\"Passeios, excurs\u00f5es, e translado a partir de Salvador.\",\"publisher\":{\"@id\":\"https:\/\/wjrturismo.salvador.br\/#organization\"},\"potentialAction\":[{\"@type\":\"SearchAction\",\"target\":{\"@type\":\"EntryPoint\",\"urlTemplate\":\"https:\/\/wjrturismo.salvador.br\/?s={search_term_string}\"},\"query-input\":{\"@type\":\"PropertyValueSpecification\",\"valueRequired\":true,\"valueName\":\"search_term_string\"}}],\"inLanguage\":\"es\"},{\"@type\":\"Organization\",\"@id\":\"https:\/\/wjrturismo.salvador.br\/#organization\",\"name\":\"Jr Turismo\",\"url\":\"https:\/\/wjrturismo.salvador.br\/\",\"logo\":{\"@type\":\"ImageObject\",\"inLanguage\":\"es\",\"@id\":\"https:\/\/wjrturismo.salvador.br\/#\/schema\/logo\/image\/\",\"url\":\"\",\"contentUrl\":\"\",\"caption\":\"Jr Turismo\"},\"image\":{\"@id\":\"https:\/\/wjrturismo.salvador.br\/#\/schema\/logo\/image\/\"}}]}<\/script>\n<meta property=\"product:price:amount\" content=\"155.00\" \/>\n<meta property=\"product:price:currency\" content=\"BRL\" \/>\n<meta property=\"og:availability\" content=\"instock\" \/>\n<meta property=\"product:availability\" content=\"instock\" \/>\n<meta property=\"product:condition\" content=\"new\" \/>\n<!-- \/ Yoast SEO Premium plugin. -->","yoast_head_json":{"title":"Uso diurno - Paseos en Goleta por las Islas de la Bah\u00eda de Todos los Santos - JR Turismo","robots":{"index":"index","follow":"follow","max-snippet":"max-snippet:-1","max-image-preview":"max-image-preview:large","max-video-preview":"max-video-preview:-1"},"canonical":"https:\/\/wjrturismo.salvador.br\/es\/loja\/visitas-guiadas\/uso-diurno-paseos-en-goleta-por-las-islas-de-la-bahia-de-todos-los-santos\/","og_locale":"es_ES","og_type":"article","og_title":"Uso diurno - Paseos en Goleta por las Islas de la Bah\u00eda de Todos los Santos","og_description":"WJR Turismo te presenta la opci\u00f3n Uso diurno en la que realizamos recorridos en Goleta por las Islas de la Bah\u00eda de Todos los Santos. La Terminal Mar\u00edtima de Salvador es el punto de partida para visitar en un d\u00eda las famosas Ilha dos Frades e Ilha de Itaparica. Los tours son diarios y salen [...]","og_url":"https:\/\/wjrturismo.salvador.br\/es\/loja\/visitas-guiadas\/uso-diurno-paseos-en-goleta-por-las-islas-de-la-bahia-de-todos-los-santos\/","og_site_name":"JR Turismo","og_image":[{"width":502,"height":414,"url":"https:\/\/wjrturismo.salvador.br\/wp-content\/uploads\/2021\/02\/ilha-dos-frades.png","type":"image\/png"}],"twitter_card":"summary_large_image","schema":{"@context":"https:\/\/schema.org","@graph":[{"@type":"WebPage","@id":"https:\/\/wjrturismo.salvador.br\/es\/loja\/visitas-guiadas\/uso-diurno-paseos-en-goleta-por-las-islas-de-la-bahia-de-todos-los-santos\/","url":"https:\/\/wjrturismo.salvador.br\/es\/loja\/visitas-guiadas\/uso-diurno-paseos-en-goleta-por-las-islas-de-la-bahia-de-todos-los-santos\/","name":"Uso diurno - Paseos en Goleta por las Islas de la Bah\u00eda de Todos los Santos - JR Turismo","isPartOf":{"@id":"https:\/\/wjrturismo.salvador.br\/#website"},"primaryImageOfPage":{"@id":"https:\/\/wjrturismo.salvador.br\/es\/loja\/visitas-guiadas\/uso-diurno-paseos-en-goleta-por-las-islas-de-la-bahia-de-todos-los-santos\/#primaryimage"},"image":{"@id":"https:\/\/wjrturismo.salvador.br\/es\/loja\/visitas-guiadas\/uso-diurno-paseos-en-goleta-por-las-islas-de-la-bahia-de-todos-los-santos\/#primaryimage"},"thumbnailUrl":"https:\/\/wjrturismo.salvador.br\/wp-content\/uploads\/2021\/02\/ilha-dos-frades.png","datePublished":"2021-02-11T18:36:34+00:00","dateModified":"2021-02-11T18:36:34+00:00","breadcrumb":{"@id":"https:\/\/wjrturismo.salvador.br\/es\/loja\/visitas-guiadas\/uso-diurno-paseos-en-goleta-por-las-islas-de-la-bahia-de-todos-los-santos\/#breadcrumb"},"inLanguage":"es","potentialAction":[{"@type":"ReadAction","target":["https:\/\/wjrturismo.salvador.br\/es\/loja\/visitas-guiadas\/uso-diurno-paseos-en-goleta-por-las-islas-de-la-bahia-de-todos-los-santos\/"]}]},{"@type":"ImageObject","inLanguage":"es","@id":"https:\/\/wjrturismo.salvador.br\/es\/loja\/visitas-guiadas\/uso-diurno-paseos-en-goleta-por-las-islas-de-la-bahia-de-todos-los-santos\/#primaryimage","url":"https:\/\/wjrturismo.salvador.br\/wp-content\/uploads\/2021\/02\/ilha-dos-frades.png","contentUrl":"https:\/\/wjrturismo.salvador.br\/wp-content\/uploads\/2021\/02\/ilha-dos-frades.png","width":502,"height":414},{"@type":"BreadcrumbList","@id":"https:\/\/wjrturismo.salvador.br\/es\/loja\/visitas-guiadas\/uso-diurno-paseos-en-goleta-por-las-islas-de-la-bahia-de-todos-los-santos\/#breadcrumb","itemListElement":[{"@type":"ListItem","position":1,"name":"In\u00edcio","item":"https:\/\/wjrturismo.salvador.br\/"},{"@type":"ListItem","position":2,"name":"Loja","item":"https:\/\/wjrturismo.salvador.br\/loja\/"},{"@type":"ListItem","position":3,"name":"Uso diurno &#8211; Paseos en Goleta por las Islas de la Bah\u00eda de Todos los Santos"}]},{"@type":"WebSite","@id":"https:\/\/wjrturismo.salvador.br\/#website","url":"https:\/\/wjrturismo.salvador.br\/","name":"JR Turismo","description":"Passeios, excurs\u00f5es, e translado a partir de Salvador.","publisher":{"@id":"https:\/\/wjrturismo.salvador.br\/#organization"},"potentialAction":[{"@type":"SearchAction","target":{"@type":"EntryPoint","urlTemplate":"https:\/\/wjrturismo.salvador.br\/?s={search_term_string}"},"query-input":{"@type":"PropertyValueSpecification","valueRequired":true,"valueName":"search_term_string"}}],"inLanguage":"es"},{"@type":"Organization","@id":"https:\/\/wjrturismo.salvador.br\/#organization","name":"Jr Turismo","url":"https:\/\/wjrturismo.salvador.br\/","logo":{"@type":"ImageObject","inLanguage":"es","@id":"https:\/\/wjrturismo.salvador.br\/#\/schema\/logo\/image\/","url":"","contentUrl":"","caption":"Jr Turismo"},"image":{"@id":"https:\/\/wjrturismo.salvador.br\/#\/schema\/logo\/image\/"}}]},"product_price_amount":"155.00","product_price_currency":"BRL","og_availability":"instock","product_availability":"instock","product_condition":"new"},"_links":{"self":[{"href":"https:\/\/wjrturismo.salvador.br\/es\/wp-json\/wp\/v2\/product\/19889","targetHints":{"allow":["GET"]}}],"collection":[{"href":"https:\/\/wjrturismo.salvador.br\/es\/wp-json\/wp\/v2\/product"}],"about":[{"href":"https:\/\/wjrturismo.salvador.br\/es\/wp-json\/wp\/v2\/types\/product"}],"replies":[{"embeddable":true,"href":"https:\/\/wjrturismo.salvador.br\/es\/wp-json\/wp\/v2\/comments?post=19889"}],"wp:featuredmedia":[{"embeddable":true,"href":"https:\/\/wjrturismo.salvador.br\/es\/wp-json\/wp\/v2\/media\/19497"}],"wp:attachment":[{"href":"https:\/\/wjrturismo.salvador.br\/es\/wp-json\/wp\/v2\/media?parent=19889"}],"wp:term":[{"taxonomy":"product_brand","embeddable":true,"href":"https:\/\/wjrturismo.salvador.br\/es\/wp-json\/wp\/v2\/product_brand?post=19889"},{"taxonomy":"product_cat","embeddable":true,"href":"https:\/\/wjrturismo.salvador.br\/es\/wp-json\/wp\/v2\/product_cat?post=19889"},{"taxonomy":"product_tag","embeddable":true,"href":"https:\/\/wjrturismo.salvador.br\/es\/wp-json\/wp\/v2\/product_tag?post=19889"}],"curies":[{"name":"wp","href":"https:\/\/api.w.org\/{rel}","templated":true}]}}