{"id":19887,"date":"2021-02-11T15:38:18","date_gmt":"2021-02-11T18:38:18","guid":{"rendered":"https:\/\/wjrturismo.salvador.br\/loja\/sin categor\u00eda\/uso-diurno-tour-morro-de-sao-paulo\/"},"modified":"2021-02-11T15:38:18","modified_gmt":"2021-02-11T18:38:18","slug":"uso-diurno-tour-morro-de-sao-paulo","status":"publish","type":"product","link":"https:\/\/wjrturismo.salvador.br\/es\/loja\/visitas-guiadas\/uso-diurno-tour-morro-de-sao-paulo\/","title":{"rendered":"Uso Diurno &#8211; Tour Morro de S\u00e3o Paulo"},"content":{"rendered":"<p style=\"font-weight: 400;\"><strong>Camino<\/strong><\/p>\n<p style=\"font-weight: 400;\">El recorrido comienza con la salida a las 7 am desde el hotel, luego nos dirigimos al Terminal Mar\u00edtimo de Bah\u00eda para cruzar la Bah\u00eda de Todos os Santos. Al llegar a la isla de Mar Grande, el cliente ser\u00e1 transportado en un veh\u00edculo con aire acondicionado hasta la terminal del muelle de Bom Jardim. El viaje dura 1h30 minutos desde la llegada al lugar donde tomaremos una lancha r\u00e1pida hasta Morro de S\u00e3o Paulo.  <\/p>\n<p style=\"font-weight: 400;\">Este tour est\u00e1 disponible diariamente e incluye traslado, transporte mar\u00edtimo, gu\u00eda y visita a los puntos hist\u00f3ricos de la isla.<\/p>\n<p><strong data-rich-text-format-boundary=\"true\">Nota: Los tours s\u00f3lo se realizar\u00e1n con un m\u00ednimo de 4 personas.<\/strong><\/p>\n","protected":false},"excerpt":{"rendered":"<p>Camino El recorrido comienza con la salida a las 7 am desde el hotel, luego nos dirigimos al Terminal Mar\u00edtimo de Bah\u00eda para cruzar la Bah\u00eda de Todos os Santos. Al llegar a la isla de Mar Grande, el cliente ser\u00e1 transportado en un veh\u00edculo con aire acondicionado hasta la terminal del muelle de Bom [&#8230;]\n","protected":false},"featured_media":19483,"comment_status":"open","ping_status":"open","template":"","meta":[],"product_brand":[],"product_cat":[1254,1256,1237],"product_tag":[],"class_list":{"0":"post-19887","1":"product","2":"type-product","3":"status-publish","4":"has-post-thumbnail","6":"product_cat-morro-de-sao-paulo-es","7":"product_cat-uso-diurno","8":"product_cat-visitas-guiadas","10":"first","11":"instock","12":"shipping-taxable","13":"purchasable","14":"product-type-simple"},"yoast_head":"<!-- This site is optimized with the Yoast SEO Premium plugin v24.2 (Yoast SEO v24.2) - https:\/\/yoast.com\/wordpress\/plugins\/seo\/ -->\n<title>Uso Diurno - Tour Morro de S\u00e3o Paulo - JR Turismo<\/title>\n<meta name=\"robots\" content=\"index, follow, max-snippet:-1, max-image-preview:large, max-video-preview:-1\" \/>\n<link rel=\"canonical\" href=\"https:\/\/wjrturismo.salvador.br\/es\/loja\/visitas-guiadas\/uso-diurno-tour-morro-de-sao-paulo\/\" \/>\n<meta property=\"og:locale\" content=\"es_ES\" \/>\n<meta property=\"og:type\" content=\"article\" \/>\n<meta property=\"og:title\" content=\"Uso Diurno - Tour Morro de S\u00e3o Paulo\" \/>\n<meta property=\"og:description\" content=\"Camino El recorrido comienza con la salida a las 7 am desde el hotel, luego nos dirigimos al Terminal Mar\u00edtimo de Bah\u00eda para cruzar la Bah\u00eda de Todos os Santos. Al llegar a la isla de Mar Grande, el cliente ser\u00e1 transportado en un veh\u00edculo con aire acondicionado hasta la terminal del muelle de Bom [...]\" \/>\n<meta property=\"og:url\" content=\"https:\/\/wjrturismo.salvador.br\/es\/loja\/visitas-guiadas\/uso-diurno-tour-morro-de-sao-paulo\/\" \/>\n<meta property=\"og:site_name\" content=\"JR Turismo\" \/>\n<meta property=\"og:image\" content=\"https:\/\/wjrturismo.salvador.br\/wp-content\/uploads\/2021\/02\/morro-01.png\" \/>\n\t<meta property=\"og:image:width\" content=\"502\" \/>\n\t<meta property=\"og:image:height\" content=\"414\" \/>\n\t<meta property=\"og:image:type\" content=\"image\/png\" \/>\n<meta name=\"twitter:card\" content=\"summary_large_image\" \/>\n<script type=\"application\/ld+json\" class=\"yoast-schema-graph\">{\"@context\":\"https:\/\/schema.org\",\"@graph\":[{\"@type\":\"WebPage\",\"@id\":\"https:\/\/wjrturismo.salvador.br\/es\/loja\/visitas-guiadas\/uso-diurno-tour-morro-de-sao-paulo\/\",\"url\":\"https:\/\/wjrturismo.salvador.br\/es\/loja\/visitas-guiadas\/uso-diurno-tour-morro-de-sao-paulo\/\",\"name\":\"Uso Diurno - Tour Morro de S\u00e3o Paulo - JR Turismo\",\"isPartOf\":{\"@id\":\"https:\/\/wjrturismo.salvador.br\/#website\"},\"primaryImageOfPage\":{\"@id\":\"https:\/\/wjrturismo.salvador.br\/es\/loja\/visitas-guiadas\/uso-diurno-tour-morro-de-sao-paulo\/#primaryimage\"},\"image\":{\"@id\":\"https:\/\/wjrturismo.salvador.br\/es\/loja\/visitas-guiadas\/uso-diurno-tour-morro-de-sao-paulo\/#primaryimage\"},\"thumbnailUrl\":\"https:\/\/wjrturismo.salvador.br\/wp-content\/uploads\/2021\/02\/morro-01.png\",\"datePublished\":\"2021-02-11T18:38:18+00:00\",\"dateModified\":\"2021-02-11T18:38:18+00:00\",\"breadcrumb\":{\"@id\":\"https:\/\/wjrturismo.salvador.br\/es\/loja\/visitas-guiadas\/uso-diurno-tour-morro-de-sao-paulo\/#breadcrumb\"},\"inLanguage\":\"es\",\"potentialAction\":[{\"@type\":\"ReadAction\",\"target\":[\"https:\/\/wjrturismo.salvador.br\/es\/loja\/visitas-guiadas\/uso-diurno-tour-morro-de-sao-paulo\/\"]}]},{\"@type\":\"ImageObject\",\"inLanguage\":\"es\",\"@id\":\"https:\/\/wjrturismo.salvador.br\/es\/loja\/visitas-guiadas\/uso-diurno-tour-morro-de-sao-paulo\/#primaryimage\",\"url\":\"https:\/\/wjrturismo.salvador.br\/wp-content\/uploads\/2021\/02\/morro-01.png\",\"contentUrl\":\"https:\/\/wjrturismo.salvador.br\/wp-content\/uploads\/2021\/02\/morro-01.png\",\"width\":502,\"height\":414},{\"@type\":\"BreadcrumbList\",\"@id\":\"https:\/\/wjrturismo.salvador.br\/es\/loja\/visitas-guiadas\/uso-diurno-tour-morro-de-sao-paulo\/#breadcrumb\",\"itemListElement\":[{\"@type\":\"ListItem\",\"position\":1,\"name\":\"In\u00edcio\",\"item\":\"https:\/\/wjrturismo.salvador.br\/\"},{\"@type\":\"ListItem\",\"position\":2,\"name\":\"Loja\",\"item\":\"https:\/\/wjrturismo.salvador.br\/loja\/\"},{\"@type\":\"ListItem\",\"position\":3,\"name\":\"Uso Diurno &#8211; Tour Morro de S\u00e3o Paulo\"}]},{\"@type\":\"WebSite\",\"@id\":\"https:\/\/wjrturismo.salvador.br\/#website\",\"url\":\"https:\/\/wjrturismo.salvador.br\/\",\"name\":\"JR Turismo\",\"description\":\"Passeios, excurs\u00f5es, e translado a partir de Salvador.\",\"publisher\":{\"@id\":\"https:\/\/wjrturismo.salvador.br\/#organization\"},\"potentialAction\":[{\"@type\":\"SearchAction\",\"target\":{\"@type\":\"EntryPoint\",\"urlTemplate\":\"https:\/\/wjrturismo.salvador.br\/?s={search_term_string}\"},\"query-input\":{\"@type\":\"PropertyValueSpecification\",\"valueRequired\":true,\"valueName\":\"search_term_string\"}}],\"inLanguage\":\"es\"},{\"@type\":\"Organization\",\"@id\":\"https:\/\/wjrturismo.salvador.br\/#organization\",\"name\":\"Jr Turismo\",\"url\":\"https:\/\/wjrturismo.salvador.br\/\",\"logo\":{\"@type\":\"ImageObject\",\"inLanguage\":\"es\",\"@id\":\"https:\/\/wjrturismo.salvador.br\/#\/schema\/logo\/image\/\",\"url\":\"\",\"contentUrl\":\"\",\"caption\":\"Jr Turismo\"},\"image\":{\"@id\":\"https:\/\/wjrturismo.salvador.br\/#\/schema\/logo\/image\/\"}}]}<\/script>\n<meta property=\"product:price:amount\" content=\"200.00\" \/>\n<meta property=\"product:price:currency\" content=\"BRL\" \/>\n<meta property=\"og:availability\" content=\"instock\" \/>\n<meta property=\"product:availability\" content=\"instock\" \/>\n<meta property=\"product:condition\" content=\"new\" \/>\n<!-- \/ Yoast SEO Premium plugin. -->","yoast_head_json":{"title":"Uso Diurno - Tour Morro de S\u00e3o Paulo - JR Turismo","robots":{"index":"index","follow":"follow","max-snippet":"max-snippet:-1","max-image-preview":"max-image-preview:large","max-video-preview":"max-video-preview:-1"},"canonical":"https:\/\/wjrturismo.salvador.br\/es\/loja\/visitas-guiadas\/uso-diurno-tour-morro-de-sao-paulo\/","og_locale":"es_ES","og_type":"article","og_title":"Uso Diurno - Tour Morro de S\u00e3o Paulo","og_description":"Camino El recorrido comienza con la salida a las 7 am desde el hotel, luego nos dirigimos al Terminal Mar\u00edtimo de Bah\u00eda para cruzar la Bah\u00eda de Todos os Santos. Al llegar a la isla de Mar Grande, el cliente ser\u00e1 transportado en un veh\u00edculo con aire acondicionado hasta la terminal del muelle de Bom [...]","og_url":"https:\/\/wjrturismo.salvador.br\/es\/loja\/visitas-guiadas\/uso-diurno-tour-morro-de-sao-paulo\/","og_site_name":"JR Turismo","og_image":[{"width":502,"height":414,"url":"https:\/\/wjrturismo.salvador.br\/wp-content\/uploads\/2021\/02\/morro-01.png","type":"image\/png"}],"twitter_card":"summary_large_image","schema":{"@context":"https:\/\/schema.org","@graph":[{"@type":"WebPage","@id":"https:\/\/wjrturismo.salvador.br\/es\/loja\/visitas-guiadas\/uso-diurno-tour-morro-de-sao-paulo\/","url":"https:\/\/wjrturismo.salvador.br\/es\/loja\/visitas-guiadas\/uso-diurno-tour-morro-de-sao-paulo\/","name":"Uso Diurno - Tour Morro de S\u00e3o Paulo - JR Turismo","isPartOf":{"@id":"https:\/\/wjrturismo.salvador.br\/#website"},"primaryImageOfPage":{"@id":"https:\/\/wjrturismo.salvador.br\/es\/loja\/visitas-guiadas\/uso-diurno-tour-morro-de-sao-paulo\/#primaryimage"},"image":{"@id":"https:\/\/wjrturismo.salvador.br\/es\/loja\/visitas-guiadas\/uso-diurno-tour-morro-de-sao-paulo\/#primaryimage"},"thumbnailUrl":"https:\/\/wjrturismo.salvador.br\/wp-content\/uploads\/2021\/02\/morro-01.png","datePublished":"2021-02-11T18:38:18+00:00","dateModified":"2021-02-11T18:38:18+00:00","breadcrumb":{"@id":"https:\/\/wjrturismo.salvador.br\/es\/loja\/visitas-guiadas\/uso-diurno-tour-morro-de-sao-paulo\/#breadcrumb"},"inLanguage":"es","potentialAction":[{"@type":"ReadAction","target":["https:\/\/wjrturismo.salvador.br\/es\/loja\/visitas-guiadas\/uso-diurno-tour-morro-de-sao-paulo\/"]}]},{"@type":"ImageObject","inLanguage":"es","@id":"https:\/\/wjrturismo.salvador.br\/es\/loja\/visitas-guiadas\/uso-diurno-tour-morro-de-sao-paulo\/#primaryimage","url":"https:\/\/wjrturismo.salvador.br\/wp-content\/uploads\/2021\/02\/morro-01.png","contentUrl":"https:\/\/wjrturismo.salvador.br\/wp-content\/uploads\/2021\/02\/morro-01.png","width":502,"height":414},{"@type":"BreadcrumbList","@id":"https:\/\/wjrturismo.salvador.br\/es\/loja\/visitas-guiadas\/uso-diurno-tour-morro-de-sao-paulo\/#breadcrumb","itemListElement":[{"@type":"ListItem","position":1,"name":"In\u00edcio","item":"https:\/\/wjrturismo.salvador.br\/"},{"@type":"ListItem","position":2,"name":"Loja","item":"https:\/\/wjrturismo.salvador.br\/loja\/"},{"@type":"ListItem","position":3,"name":"Uso Diurno &#8211; Tour Morro de S\u00e3o Paulo"}]},{"@type":"WebSite","@id":"https:\/\/wjrturismo.salvador.br\/#website","url":"https:\/\/wjrturismo.salvador.br\/","name":"JR Turismo","description":"Passeios, excurs\u00f5es, e translado a partir de Salvador.","publisher":{"@id":"https:\/\/wjrturismo.salvador.br\/#organization"},"potentialAction":[{"@type":"SearchAction","target":{"@type":"EntryPoint","urlTemplate":"https:\/\/wjrturismo.salvador.br\/?s={search_term_string}"},"query-input":{"@type":"PropertyValueSpecification","valueRequired":true,"valueName":"search_term_string"}}],"inLanguage":"es"},{"@type":"Organization","@id":"https:\/\/wjrturismo.salvador.br\/#organization","name":"Jr Turismo","url":"https:\/\/wjrturismo.salvador.br\/","logo":{"@type":"ImageObject","inLanguage":"es","@id":"https:\/\/wjrturismo.salvador.br\/#\/schema\/logo\/image\/","url":"","contentUrl":"","caption":"Jr Turismo"},"image":{"@id":"https:\/\/wjrturismo.salvador.br\/#\/schema\/logo\/image\/"}}]},"product_price_amount":"200.00","product_price_currency":"BRL","og_availability":"instock","product_availability":"instock","product_condition":"new"},"_links":{"self":[{"href":"https:\/\/wjrturismo.salvador.br\/es\/wp-json\/wp\/v2\/product\/19887","targetHints":{"allow":["GET"]}}],"collection":[{"href":"https:\/\/wjrturismo.salvador.br\/es\/wp-json\/wp\/v2\/product"}],"about":[{"href":"https:\/\/wjrturismo.salvador.br\/es\/wp-json\/wp\/v2\/types\/product"}],"replies":[{"embeddable":true,"href":"https:\/\/wjrturismo.salvador.br\/es\/wp-json\/wp\/v2\/comments?post=19887"}],"wp:featuredmedia":[{"embeddable":true,"href":"https:\/\/wjrturismo.salvador.br\/es\/wp-json\/wp\/v2\/media\/19483"}],"wp:attachment":[{"href":"https:\/\/wjrturismo.salvador.br\/es\/wp-json\/wp\/v2\/media?parent=19887"}],"wp:term":[{"taxonomy":"product_brand","embeddable":true,"href":"https:\/\/wjrturismo.salvador.br\/es\/wp-json\/wp\/v2\/product_brand?post=19887"},{"taxonomy":"product_cat","embeddable":true,"href":"https:\/\/wjrturismo.salvador.br\/es\/wp-json\/wp\/v2\/product_cat?post=19887"},{"taxonomy":"product_tag","embeddable":true,"href":"https:\/\/wjrturismo.salvador.br\/es\/wp-json\/wp\/v2\/product_tag?post=19887"}],"curies":[{"name":"wp","href":"https:\/\/api.w.org\/{rel}","templated":true}]}}