{"id":19870,"date":"2021-03-04T09:16:58","date_gmt":"2021-03-04T12:16:58","guid":{"rendered":"https:\/\/wjrturismo.salvador.br\/loja\/sin categor\u00eda\/tour-en-barco-de-lujo-con-marinero-por-todas-las-islas-de-la-bahia-de-todos-os-santos\/"},"modified":"2021-03-04T09:16:58","modified_gmt":"2021-03-04T12:16:58","slug":"tour-en-barco-de-lujo-con-marinero-por-todas-las-islas-de-la-bahia-de-todos-os-santos","status":"publish","type":"product","link":"https:\/\/wjrturismo.salvador.br\/es\/loja\/visitas-guiadas\/tour-en-barco-de-lujo-con-marinero-por-todas-las-islas-de-la-bahia-de-todos-os-santos\/","title":{"rendered":"Tour en barco de lujo con marinero por todas las islas de la Bah\u00eda de Todos os Santos"},"content":{"rendered":"<p style=\"font-weight: 400;\"><strong>\u00bfCu\u00e1les son las opciones de d\u00eda\/hora?<\/strong><\/p>\n<p style=\"font-weight: 400;\">07:00 a 17:00<\/p>\n<p style=\"font-weight: 400;\"><strong>Camino<\/strong><\/p>\n<p style=\"font-weight: 400;\">Tour en alta mar por todas las Islas de la Bah\u00eda.<\/p>\n<p style=\"font-weight: 400;\"><strong>\u00bfQu\u00e9 incluye?<\/strong><\/p>\n<p style=\"font-weight: 400;\">Tour por las Islas de la Bah\u00eda en una lujosa y c\u00f3moda lancha r\u00e1pida con tanque de combustible, marinero calificado y experimentado.<\/p>\n<p style=\"font-weight: 400;\">\n","protected":false},"excerpt":{"rendered":"<p>\u00bfCu\u00e1les son las opciones de d\u00eda\/hora? 07:00 a 17:00 Camino Tour en alta mar por todas las Islas de la Bah\u00eda. \u00bfQu\u00e9 incluye? Tour por las Islas de la Bah\u00eda en una lujosa y c\u00f3moda lancha r\u00e1pida con tanque de combustible, marinero calificado y experimentado.<\/p>\n","protected":false},"featured_media":19601,"comment_status":"open","ping_status":"open","template":"","meta":[],"product_brand":[],"product_cat":[1238,1237],"product_tag":[],"class_list":{"0":"post-19870","1":"product","2":"type-product","3":"status-publish","4":"has-post-thumbnail","6":"product_cat-alquiler-de-lanchas-rapidas","7":"product_cat-visitas-guiadas","9":"first","10":"instock","11":"shipping-taxable","12":"purchasable","13":"product-type-variable"},"yoast_head":"<!-- This site is optimized with the Yoast SEO Premium plugin v24.2 (Yoast SEO v24.2) - https:\/\/yoast.com\/wordpress\/plugins\/seo\/ -->\n<title>Tour en barco de lujo con marinero por todas las islas de la Bah\u00eda de Todos os Santos - JR Turismo<\/title>\n<meta name=\"robots\" content=\"index, follow, max-snippet:-1, max-image-preview:large, max-video-preview:-1\" \/>\n<link rel=\"canonical\" href=\"https:\/\/wjrturismo.salvador.br\/es\/loja\/visitas-guiadas\/tour-en-barco-de-lujo-con-marinero-por-todas-las-islas-de-la-bahia-de-todos-os-santos\/\" \/>\n<meta property=\"og:locale\" content=\"es_ES\" \/>\n<meta property=\"og:type\" content=\"article\" \/>\n<meta property=\"og:title\" content=\"Tour en barco de lujo con marinero por todas las islas de la Bah\u00eda de Todos os Santos\" \/>\n<meta property=\"og:description\" content=\"\u00bfCu\u00e1les son las opciones de d\u00eda\/hora? 07:00 a 17:00 Camino Tour en alta mar por todas las Islas de la Bah\u00eda. \u00bfQu\u00e9 incluye? Tour por las Islas de la Bah\u00eda en una lujosa y c\u00f3moda lancha r\u00e1pida con tanque de combustible, marinero calificado y experimentado.\" \/>\n<meta property=\"og:url\" content=\"https:\/\/wjrturismo.salvador.br\/es\/loja\/visitas-guiadas\/tour-en-barco-de-lujo-con-marinero-por-todas-las-islas-de-la-bahia-de-todos-os-santos\/\" \/>\n<meta property=\"og:site_name\" content=\"JR Turismo\" \/>\n<meta property=\"og:image\" content=\"https:\/\/wjrturismo.salvador.br\/wp-content\/uploads\/2021\/03\/passeio-de-lancha.png\" \/>\n\t<meta property=\"og:image:width\" content=\"500\" \/>\n\t<meta property=\"og:image:height\" content=\"500\" \/>\n\t<meta property=\"og:image:type\" content=\"image\/png\" \/>\n<meta name=\"twitter:card\" content=\"summary_large_image\" \/>\n<script type=\"application\/ld+json\" class=\"yoast-schema-graph\">{\"@context\":\"https:\/\/schema.org\",\"@graph\":[{\"@type\":\"WebPage\",\"@id\":\"https:\/\/wjrturismo.salvador.br\/es\/loja\/visitas-guiadas\/tour-en-barco-de-lujo-con-marinero-por-todas-las-islas-de-la-bahia-de-todos-os-santos\/\",\"url\":\"https:\/\/wjrturismo.salvador.br\/es\/loja\/visitas-guiadas\/tour-en-barco-de-lujo-con-marinero-por-todas-las-islas-de-la-bahia-de-todos-os-santos\/\",\"name\":\"Tour en barco de lujo con marinero por todas las islas de la Bah\u00eda de Todos os Santos - JR Turismo\",\"isPartOf\":{\"@id\":\"https:\/\/wjrturismo.salvador.br\/#website\"},\"primaryImageOfPage\":{\"@id\":\"https:\/\/wjrturismo.salvador.br\/es\/loja\/visitas-guiadas\/tour-en-barco-de-lujo-con-marinero-por-todas-las-islas-de-la-bahia-de-todos-os-santos\/#primaryimage\"},\"image\":{\"@id\":\"https:\/\/wjrturismo.salvador.br\/es\/loja\/visitas-guiadas\/tour-en-barco-de-lujo-con-marinero-por-todas-las-islas-de-la-bahia-de-todos-os-santos\/#primaryimage\"},\"thumbnailUrl\":\"https:\/\/wjrturismo.salvador.br\/wp-content\/uploads\/2021\/03\/passeio-de-lancha.png\",\"datePublished\":\"2021-03-04T12:16:58+00:00\",\"dateModified\":\"2021-03-04T12:16:58+00:00\",\"breadcrumb\":{\"@id\":\"https:\/\/wjrturismo.salvador.br\/es\/loja\/visitas-guiadas\/tour-en-barco-de-lujo-con-marinero-por-todas-las-islas-de-la-bahia-de-todos-os-santos\/#breadcrumb\"},\"inLanguage\":\"es\",\"potentialAction\":[{\"@type\":\"ReadAction\",\"target\":[\"https:\/\/wjrturismo.salvador.br\/es\/loja\/visitas-guiadas\/tour-en-barco-de-lujo-con-marinero-por-todas-las-islas-de-la-bahia-de-todos-os-santos\/\"]}]},{\"@type\":\"ImageObject\",\"inLanguage\":\"es\",\"@id\":\"https:\/\/wjrturismo.salvador.br\/es\/loja\/visitas-guiadas\/tour-en-barco-de-lujo-con-marinero-por-todas-las-islas-de-la-bahia-de-todos-os-santos\/#primaryimage\",\"url\":\"https:\/\/wjrturismo.salvador.br\/wp-content\/uploads\/2021\/03\/passeio-de-lancha.png\",\"contentUrl\":\"https:\/\/wjrturismo.salvador.br\/wp-content\/uploads\/2021\/03\/passeio-de-lancha.png\",\"width\":500,\"height\":500},{\"@type\":\"BreadcrumbList\",\"@id\":\"https:\/\/wjrturismo.salvador.br\/es\/loja\/visitas-guiadas\/tour-en-barco-de-lujo-con-marinero-por-todas-las-islas-de-la-bahia-de-todos-os-santos\/#breadcrumb\",\"itemListElement\":[{\"@type\":\"ListItem\",\"position\":1,\"name\":\"In\u00edcio\",\"item\":\"https:\/\/wjrturismo.salvador.br\/\"},{\"@type\":\"ListItem\",\"position\":2,\"name\":\"Loja\",\"item\":\"https:\/\/wjrturismo.salvador.br\/loja\/\"},{\"@type\":\"ListItem\",\"position\":3,\"name\":\"Tour en barco de lujo con marinero por todas las islas de la Bah\u00eda de Todos os Santos\"}]},{\"@type\":\"WebSite\",\"@id\":\"https:\/\/wjrturismo.salvador.br\/#website\",\"url\":\"https:\/\/wjrturismo.salvador.br\/\",\"name\":\"JR Turismo\",\"description\":\"Passeios, excurs\u00f5es, e translado a partir de Salvador.\",\"publisher\":{\"@id\":\"https:\/\/wjrturismo.salvador.br\/#organization\"},\"potentialAction\":[{\"@type\":\"SearchAction\",\"target\":{\"@type\":\"EntryPoint\",\"urlTemplate\":\"https:\/\/wjrturismo.salvador.br\/?s={search_term_string}\"},\"query-input\":{\"@type\":\"PropertyValueSpecification\",\"valueRequired\":true,\"valueName\":\"search_term_string\"}}],\"inLanguage\":\"es\"},{\"@type\":\"Organization\",\"@id\":\"https:\/\/wjrturismo.salvador.br\/#organization\",\"name\":\"Jr Turismo\",\"url\":\"https:\/\/wjrturismo.salvador.br\/\",\"logo\":{\"@type\":\"ImageObject\",\"inLanguage\":\"es\",\"@id\":\"https:\/\/wjrturismo.salvador.br\/#\/schema\/logo\/image\/\",\"url\":\"\",\"contentUrl\":\"\",\"caption\":\"Jr Turismo\"},\"image\":{\"@id\":\"https:\/\/wjrturismo.salvador.br\/#\/schema\/logo\/image\/\"}}]}<\/script>\n<meta property=\"og:availability\" content=\"instock\" \/>\n<meta property=\"product:availability\" content=\"instock\" \/>\n<meta property=\"product:condition\" content=\"new\" \/>\n<!-- \/ Yoast SEO Premium plugin. -->","yoast_head_json":{"title":"Tour en barco de lujo con marinero por todas las islas de la Bah\u00eda de Todos os Santos - JR Turismo","robots":{"index":"index","follow":"follow","max-snippet":"max-snippet:-1","max-image-preview":"max-image-preview:large","max-video-preview":"max-video-preview:-1"},"canonical":"https:\/\/wjrturismo.salvador.br\/es\/loja\/visitas-guiadas\/tour-en-barco-de-lujo-con-marinero-por-todas-las-islas-de-la-bahia-de-todos-os-santos\/","og_locale":"es_ES","og_type":"article","og_title":"Tour en barco de lujo con marinero por todas las islas de la Bah\u00eda de Todos os Santos","og_description":"\u00bfCu\u00e1les son las opciones de d\u00eda\/hora? 07:00 a 17:00 Camino Tour en alta mar por todas las Islas de la Bah\u00eda. \u00bfQu\u00e9 incluye? Tour por las Islas de la Bah\u00eda en una lujosa y c\u00f3moda lancha r\u00e1pida con tanque de combustible, marinero calificado y experimentado.","og_url":"https:\/\/wjrturismo.salvador.br\/es\/loja\/visitas-guiadas\/tour-en-barco-de-lujo-con-marinero-por-todas-las-islas-de-la-bahia-de-todos-os-santos\/","og_site_name":"JR Turismo","og_image":[{"width":500,"height":500,"url":"https:\/\/wjrturismo.salvador.br\/wp-content\/uploads\/2021\/03\/passeio-de-lancha.png","type":"image\/png"}],"twitter_card":"summary_large_image","schema":{"@context":"https:\/\/schema.org","@graph":[{"@type":"WebPage","@id":"https:\/\/wjrturismo.salvador.br\/es\/loja\/visitas-guiadas\/tour-en-barco-de-lujo-con-marinero-por-todas-las-islas-de-la-bahia-de-todos-os-santos\/","url":"https:\/\/wjrturismo.salvador.br\/es\/loja\/visitas-guiadas\/tour-en-barco-de-lujo-con-marinero-por-todas-las-islas-de-la-bahia-de-todos-os-santos\/","name":"Tour en barco de lujo con marinero por todas las islas de la Bah\u00eda de Todos os Santos - JR Turismo","isPartOf":{"@id":"https:\/\/wjrturismo.salvador.br\/#website"},"primaryImageOfPage":{"@id":"https:\/\/wjrturismo.salvador.br\/es\/loja\/visitas-guiadas\/tour-en-barco-de-lujo-con-marinero-por-todas-las-islas-de-la-bahia-de-todos-os-santos\/#primaryimage"},"image":{"@id":"https:\/\/wjrturismo.salvador.br\/es\/loja\/visitas-guiadas\/tour-en-barco-de-lujo-con-marinero-por-todas-las-islas-de-la-bahia-de-todos-os-santos\/#primaryimage"},"thumbnailUrl":"https:\/\/wjrturismo.salvador.br\/wp-content\/uploads\/2021\/03\/passeio-de-lancha.png","datePublished":"2021-03-04T12:16:58+00:00","dateModified":"2021-03-04T12:16:58+00:00","breadcrumb":{"@id":"https:\/\/wjrturismo.salvador.br\/es\/loja\/visitas-guiadas\/tour-en-barco-de-lujo-con-marinero-por-todas-las-islas-de-la-bahia-de-todos-os-santos\/#breadcrumb"},"inLanguage":"es","potentialAction":[{"@type":"ReadAction","target":["https:\/\/wjrturismo.salvador.br\/es\/loja\/visitas-guiadas\/tour-en-barco-de-lujo-con-marinero-por-todas-las-islas-de-la-bahia-de-todos-os-santos\/"]}]},{"@type":"ImageObject","inLanguage":"es","@id":"https:\/\/wjrturismo.salvador.br\/es\/loja\/visitas-guiadas\/tour-en-barco-de-lujo-con-marinero-por-todas-las-islas-de-la-bahia-de-todos-os-santos\/#primaryimage","url":"https:\/\/wjrturismo.salvador.br\/wp-content\/uploads\/2021\/03\/passeio-de-lancha.png","contentUrl":"https:\/\/wjrturismo.salvador.br\/wp-content\/uploads\/2021\/03\/passeio-de-lancha.png","width":500,"height":500},{"@type":"BreadcrumbList","@id":"https:\/\/wjrturismo.salvador.br\/es\/loja\/visitas-guiadas\/tour-en-barco-de-lujo-con-marinero-por-todas-las-islas-de-la-bahia-de-todos-os-santos\/#breadcrumb","itemListElement":[{"@type":"ListItem","position":1,"name":"In\u00edcio","item":"https:\/\/wjrturismo.salvador.br\/"},{"@type":"ListItem","position":2,"name":"Loja","item":"https:\/\/wjrturismo.salvador.br\/loja\/"},{"@type":"ListItem","position":3,"name":"Tour en barco de lujo con marinero por todas las islas de la Bah\u00eda de Todos os Santos"}]},{"@type":"WebSite","@id":"https:\/\/wjrturismo.salvador.br\/#website","url":"https:\/\/wjrturismo.salvador.br\/","name":"JR Turismo","description":"Passeios, excurs\u00f5es, e translado a partir de Salvador.","publisher":{"@id":"https:\/\/wjrturismo.salvador.br\/#organization"},"potentialAction":[{"@type":"SearchAction","target":{"@type":"EntryPoint","urlTemplate":"https:\/\/wjrturismo.salvador.br\/?s={search_term_string}"},"query-input":{"@type":"PropertyValueSpecification","valueRequired":true,"valueName":"search_term_string"}}],"inLanguage":"es"},{"@type":"Organization","@id":"https:\/\/wjrturismo.salvador.br\/#organization","name":"Jr Turismo","url":"https:\/\/wjrturismo.salvador.br\/","logo":{"@type":"ImageObject","inLanguage":"es","@id":"https:\/\/wjrturismo.salvador.br\/#\/schema\/logo\/image\/","url":"","contentUrl":"","caption":"Jr Turismo"},"image":{"@id":"https:\/\/wjrturismo.salvador.br\/#\/schema\/logo\/image\/"}}]},"og_availability":"instock","product_availability":"instock","product_condition":"new"},"_links":{"self":[{"href":"https:\/\/wjrturismo.salvador.br\/es\/wp-json\/wp\/v2\/product\/19870","targetHints":{"allow":["GET"]}}],"collection":[{"href":"https:\/\/wjrturismo.salvador.br\/es\/wp-json\/wp\/v2\/product"}],"about":[{"href":"https:\/\/wjrturismo.salvador.br\/es\/wp-json\/wp\/v2\/types\/product"}],"replies":[{"embeddable":true,"href":"https:\/\/wjrturismo.salvador.br\/es\/wp-json\/wp\/v2\/comments?post=19870"}],"wp:featuredmedia":[{"embeddable":true,"href":"https:\/\/wjrturismo.salvador.br\/es\/wp-json\/wp\/v2\/media\/19601"}],"wp:attachment":[{"href":"https:\/\/wjrturismo.salvador.br\/es\/wp-json\/wp\/v2\/media?parent=19870"}],"wp:term":[{"taxonomy":"product_brand","embeddable":true,"href":"https:\/\/wjrturismo.salvador.br\/es\/wp-json\/wp\/v2\/product_brand?post=19870"},{"taxonomy":"product_cat","embeddable":true,"href":"https:\/\/wjrturismo.salvador.br\/es\/wp-json\/wp\/v2\/product_cat?post=19870"},{"taxonomy":"product_tag","embeddable":true,"href":"https:\/\/wjrturismo.salvador.br\/es\/wp-json\/wp\/v2\/product_tag?post=19870"}],"curies":[{"name":"wp","href":"https:\/\/api.w.org\/{rel}","templated":true}]}}