{"id":19868,"date":"2021-03-04T09:48:29","date_gmt":"2021-03-04T12:48:29","guid":{"rendered":"https:\/\/wjrturismo.salvador.br\/loja\/sin categor\u00eda\/tour-por-las-islas-morro-de-sao-paulo\/"},"modified":"2021-03-04T09:48:29","modified_gmt":"2021-03-04T12:48:29","slug":"tour-por-las-islas-morro-de-sao-paulo","status":"publish","type":"product","link":"https:\/\/wjrturismo.salvador.br\/es\/loja\/visitas-guiadas\/tour-por-las-islas-morro-de-sao-paulo\/","title":{"rendered":"Tour por las Islas Morro de S\u00e3o Paulo"},"content":{"rendered":"<p style=\"font-weight: 400;\">\u00bfVamos a dar la vuelta a la isla? A bordo de una lancha r\u00e1pida, este tour ofrece a los viajeros un recorrido por la isla y paradas para nadar en las piscinas naturales de Praia de Garapu\u00e1 y mucho m\u00e1s. <\/p>\n<p style=\"font-weight: 400;\"><strong>\u00bfCu\u00e1les son las opciones de d\u00eda\/hora?<\/strong><\/p>\n<p style=\"font-weight: 400;\">De 9:30 a 17:00<\/p>\n<p style=\"font-weight: 400;\"><strong>Camino<\/strong><\/p>\n<p style=\"font-weight: 400;\">Nuestro punto de partida es el muelle de la hermosa Terceira Praia y la primera parada es en las naturales y acogedoras piscinas de Praia de Garapu\u00e1, todav\u00eda en Morro. Luego nos dirigimos a la Isla de Boipeba donde atracaremos en la incre\u00edble Playa Morer\u00e9. \u00bfLo est\u00e1s disfrutando? \u00a1Prepararse! A\u00fan nos queda la Playa de la Cueira y cerca de ella, la deliciosa playa de Boca da Barra. La Isla tiene una sorpresa para el visitante: \u00a1el Rio do Inferno que es nuestro camino hacia Canavieria con exuberante Mata Atl\u00e1ntica!     <\/p>\n<p style=\"font-weight: 400;\">A\u00fan no termina, luego nos dirigimos a Cair\u00fa, donde apreciaremos sitios patrimoniales como el hermoso Convento e Iglesia de Santo Ant\u00f4nio do Cair\u00fa.<\/p>\n<p style=\"font-weight: 400;\"><strong>\u00bfQu\u00e9 incluye?<\/strong><\/p>\n<p style=\"font-weight: 400;\">Transporte en embarcaci\u00f3n segura y c\u00f3moda con tanque de combustible, recorrido por la isla y paradas para nadar y disfrutar del lugar.<\/p>\n<p style=\"font-weight: 400;\"><strong>\u00bfCu\u00e1nto cuesta?<\/strong><\/p>\n<p style=\"font-weight: 400;\">R$ 250,00 por persona<\/p>\n<p style=\"font-weight: 400;\"><strong>Nota:<\/strong> Los tours s\u00f3lo se realizar\u00e1n con un m\u00ednimo de 4 personas.<\/p>\n","protected":false},"excerpt":{"rendered":"<p>\u00bfVamos a dar la vuelta a la isla? A bordo de una lancha r\u00e1pida, este tour ofrece a los viajeros un recorrido por la isla y paradas para nadar en las piscinas naturales de Praia de Garapu\u00e1 y mucho m\u00e1s. \u00bfCu\u00e1les son las opciones de d\u00eda\/hora? De 9:30 a 17:00 Camino Nuestro punto de partida [&#8230;]\n","protected":false},"featured_media":19661,"comment_status":"open","ping_status":"open","template":"","meta":[],"product_brand":[],"product_cat":[1238,1237],"product_tag":[],"class_list":{"0":"post-19868","1":"product","2":"type-product","3":"status-publish","4":"has-post-thumbnail","6":"product_cat-alquiler-de-lanchas-rapidas","7":"product_cat-visitas-guiadas","9":"first","10":"instock","11":"shipping-taxable","12":"purchasable","13":"product-type-simple"},"yoast_head":"<!-- This site is optimized with the Yoast SEO Premium plugin v24.2 (Yoast SEO v24.2) - https:\/\/yoast.com\/wordpress\/plugins\/seo\/ -->\n<title>Tour por las Islas Morro de S\u00e3o Paulo - JR Turismo<\/title>\n<meta name=\"robots\" content=\"index, follow, max-snippet:-1, max-image-preview:large, max-video-preview:-1\" \/>\n<link rel=\"canonical\" href=\"https:\/\/wjrturismo.salvador.br\/es\/loja\/visitas-guiadas\/tour-por-las-islas-morro-de-sao-paulo\/\" \/>\n<meta property=\"og:locale\" content=\"es_ES\" \/>\n<meta property=\"og:type\" content=\"article\" \/>\n<meta property=\"og:title\" content=\"Tour por las Islas Morro de S\u00e3o Paulo\" \/>\n<meta property=\"og:description\" content=\"\u00bfVamos a dar la vuelta a la isla? A bordo de una lancha r\u00e1pida, este tour ofrece a los viajeros un recorrido por la isla y paradas para nadar en las piscinas naturales de Praia de Garapu\u00e1 y mucho m\u00e1s. \u00bfCu\u00e1les son las opciones de d\u00eda\/hora? De 9:30 a 17:00 Camino Nuestro punto de partida [...]\" \/>\n<meta property=\"og:url\" content=\"https:\/\/wjrturismo.salvador.br\/es\/loja\/visitas-guiadas\/tour-por-las-islas-morro-de-sao-paulo\/\" \/>\n<meta property=\"og:site_name\" content=\"JR Turismo\" \/>\n<meta property=\"og:image\" content=\"https:\/\/wjrturismo.salvador.br\/wp-content\/uploads\/2021\/03\/terceira_praia_morro.png\" \/>\n\t<meta property=\"og:image:width\" content=\"500\" \/>\n\t<meta property=\"og:image:height\" content=\"500\" \/>\n\t<meta property=\"og:image:type\" content=\"image\/png\" \/>\n<meta name=\"twitter:card\" content=\"summary_large_image\" \/>\n<script type=\"application\/ld+json\" class=\"yoast-schema-graph\">{\"@context\":\"https:\/\/schema.org\",\"@graph\":[{\"@type\":\"WebPage\",\"@id\":\"https:\/\/wjrturismo.salvador.br\/es\/loja\/visitas-guiadas\/tour-por-las-islas-morro-de-sao-paulo\/\",\"url\":\"https:\/\/wjrturismo.salvador.br\/es\/loja\/visitas-guiadas\/tour-por-las-islas-morro-de-sao-paulo\/\",\"name\":\"Tour por las Islas Morro de S\u00e3o Paulo - JR Turismo\",\"isPartOf\":{\"@id\":\"https:\/\/wjrturismo.salvador.br\/#website\"},\"primaryImageOfPage\":{\"@id\":\"https:\/\/wjrturismo.salvador.br\/es\/loja\/visitas-guiadas\/tour-por-las-islas-morro-de-sao-paulo\/#primaryimage\"},\"image\":{\"@id\":\"https:\/\/wjrturismo.salvador.br\/es\/loja\/visitas-guiadas\/tour-por-las-islas-morro-de-sao-paulo\/#primaryimage\"},\"thumbnailUrl\":\"https:\/\/wjrturismo.salvador.br\/wp-content\/uploads\/2021\/03\/terceira_praia_morro.png\",\"datePublished\":\"2021-03-04T12:48:29+00:00\",\"dateModified\":\"2021-03-04T12:48:29+00:00\",\"breadcrumb\":{\"@id\":\"https:\/\/wjrturismo.salvador.br\/es\/loja\/visitas-guiadas\/tour-por-las-islas-morro-de-sao-paulo\/#breadcrumb\"},\"inLanguage\":\"es\",\"potentialAction\":[{\"@type\":\"ReadAction\",\"target\":[\"https:\/\/wjrturismo.salvador.br\/es\/loja\/visitas-guiadas\/tour-por-las-islas-morro-de-sao-paulo\/\"]}]},{\"@type\":\"ImageObject\",\"inLanguage\":\"es\",\"@id\":\"https:\/\/wjrturismo.salvador.br\/es\/loja\/visitas-guiadas\/tour-por-las-islas-morro-de-sao-paulo\/#primaryimage\",\"url\":\"https:\/\/wjrturismo.salvador.br\/wp-content\/uploads\/2021\/03\/terceira_praia_morro.png\",\"contentUrl\":\"https:\/\/wjrturismo.salvador.br\/wp-content\/uploads\/2021\/03\/terceira_praia_morro.png\",\"width\":500,\"height\":500},{\"@type\":\"BreadcrumbList\",\"@id\":\"https:\/\/wjrturismo.salvador.br\/es\/loja\/visitas-guiadas\/tour-por-las-islas-morro-de-sao-paulo\/#breadcrumb\",\"itemListElement\":[{\"@type\":\"ListItem\",\"position\":1,\"name\":\"In\u00edcio\",\"item\":\"https:\/\/wjrturismo.salvador.br\/\"},{\"@type\":\"ListItem\",\"position\":2,\"name\":\"Loja\",\"item\":\"https:\/\/wjrturismo.salvador.br\/loja\/\"},{\"@type\":\"ListItem\",\"position\":3,\"name\":\"Tour por las Islas Morro de S\u00e3o Paulo\"}]},{\"@type\":\"WebSite\",\"@id\":\"https:\/\/wjrturismo.salvador.br\/#website\",\"url\":\"https:\/\/wjrturismo.salvador.br\/\",\"name\":\"JR Turismo\",\"description\":\"Passeios, excurs\u00f5es, e translado a partir de Salvador.\",\"publisher\":{\"@id\":\"https:\/\/wjrturismo.salvador.br\/#organization\"},\"potentialAction\":[{\"@type\":\"SearchAction\",\"target\":{\"@type\":\"EntryPoint\",\"urlTemplate\":\"https:\/\/wjrturismo.salvador.br\/?s={search_term_string}\"},\"query-input\":{\"@type\":\"PropertyValueSpecification\",\"valueRequired\":true,\"valueName\":\"search_term_string\"}}],\"inLanguage\":\"es\"},{\"@type\":\"Organization\",\"@id\":\"https:\/\/wjrturismo.salvador.br\/#organization\",\"name\":\"Jr Turismo\",\"url\":\"https:\/\/wjrturismo.salvador.br\/\",\"logo\":{\"@type\":\"ImageObject\",\"inLanguage\":\"es\",\"@id\":\"https:\/\/wjrturismo.salvador.br\/#\/schema\/logo\/image\/\",\"url\":\"\",\"contentUrl\":\"\",\"caption\":\"Jr Turismo\"},\"image\":{\"@id\":\"https:\/\/wjrturismo.salvador.br\/#\/schema\/logo\/image\/\"}}]}<\/script>\n<meta property=\"product:price:amount\" content=\"250.00\" \/>\n<meta property=\"product:price:currency\" content=\"BRL\" \/>\n<meta property=\"og:availability\" content=\"instock\" \/>\n<meta property=\"product:availability\" content=\"instock\" \/>\n<meta property=\"product:condition\" content=\"new\" \/>\n<!-- \/ Yoast SEO Premium plugin. -->","yoast_head_json":{"title":"Tour por las Islas Morro de S\u00e3o Paulo - JR Turismo","robots":{"index":"index","follow":"follow","max-snippet":"max-snippet:-1","max-image-preview":"max-image-preview:large","max-video-preview":"max-video-preview:-1"},"canonical":"https:\/\/wjrturismo.salvador.br\/es\/loja\/visitas-guiadas\/tour-por-las-islas-morro-de-sao-paulo\/","og_locale":"es_ES","og_type":"article","og_title":"Tour por las Islas Morro de S\u00e3o Paulo","og_description":"\u00bfVamos a dar la vuelta a la isla? A bordo de una lancha r\u00e1pida, este tour ofrece a los viajeros un recorrido por la isla y paradas para nadar en las piscinas naturales de Praia de Garapu\u00e1 y mucho m\u00e1s. \u00bfCu\u00e1les son las opciones de d\u00eda\/hora? De 9:30 a 17:00 Camino Nuestro punto de partida [...]","og_url":"https:\/\/wjrturismo.salvador.br\/es\/loja\/visitas-guiadas\/tour-por-las-islas-morro-de-sao-paulo\/","og_site_name":"JR Turismo","og_image":[{"width":500,"height":500,"url":"https:\/\/wjrturismo.salvador.br\/wp-content\/uploads\/2021\/03\/terceira_praia_morro.png","type":"image\/png"}],"twitter_card":"summary_large_image","schema":{"@context":"https:\/\/schema.org","@graph":[{"@type":"WebPage","@id":"https:\/\/wjrturismo.salvador.br\/es\/loja\/visitas-guiadas\/tour-por-las-islas-morro-de-sao-paulo\/","url":"https:\/\/wjrturismo.salvador.br\/es\/loja\/visitas-guiadas\/tour-por-las-islas-morro-de-sao-paulo\/","name":"Tour por las Islas Morro de S\u00e3o Paulo - JR Turismo","isPartOf":{"@id":"https:\/\/wjrturismo.salvador.br\/#website"},"primaryImageOfPage":{"@id":"https:\/\/wjrturismo.salvador.br\/es\/loja\/visitas-guiadas\/tour-por-las-islas-morro-de-sao-paulo\/#primaryimage"},"image":{"@id":"https:\/\/wjrturismo.salvador.br\/es\/loja\/visitas-guiadas\/tour-por-las-islas-morro-de-sao-paulo\/#primaryimage"},"thumbnailUrl":"https:\/\/wjrturismo.salvador.br\/wp-content\/uploads\/2021\/03\/terceira_praia_morro.png","datePublished":"2021-03-04T12:48:29+00:00","dateModified":"2021-03-04T12:48:29+00:00","breadcrumb":{"@id":"https:\/\/wjrturismo.salvador.br\/es\/loja\/visitas-guiadas\/tour-por-las-islas-morro-de-sao-paulo\/#breadcrumb"},"inLanguage":"es","potentialAction":[{"@type":"ReadAction","target":["https:\/\/wjrturismo.salvador.br\/es\/loja\/visitas-guiadas\/tour-por-las-islas-morro-de-sao-paulo\/"]}]},{"@type":"ImageObject","inLanguage":"es","@id":"https:\/\/wjrturismo.salvador.br\/es\/loja\/visitas-guiadas\/tour-por-las-islas-morro-de-sao-paulo\/#primaryimage","url":"https:\/\/wjrturismo.salvador.br\/wp-content\/uploads\/2021\/03\/terceira_praia_morro.png","contentUrl":"https:\/\/wjrturismo.salvador.br\/wp-content\/uploads\/2021\/03\/terceira_praia_morro.png","width":500,"height":500},{"@type":"BreadcrumbList","@id":"https:\/\/wjrturismo.salvador.br\/es\/loja\/visitas-guiadas\/tour-por-las-islas-morro-de-sao-paulo\/#breadcrumb","itemListElement":[{"@type":"ListItem","position":1,"name":"In\u00edcio","item":"https:\/\/wjrturismo.salvador.br\/"},{"@type":"ListItem","position":2,"name":"Loja","item":"https:\/\/wjrturismo.salvador.br\/loja\/"},{"@type":"ListItem","position":3,"name":"Tour por las Islas Morro de S\u00e3o Paulo"}]},{"@type":"WebSite","@id":"https:\/\/wjrturismo.salvador.br\/#website","url":"https:\/\/wjrturismo.salvador.br\/","name":"JR Turismo","description":"Passeios, excurs\u00f5es, e translado a partir de Salvador.","publisher":{"@id":"https:\/\/wjrturismo.salvador.br\/#organization"},"potentialAction":[{"@type":"SearchAction","target":{"@type":"EntryPoint","urlTemplate":"https:\/\/wjrturismo.salvador.br\/?s={search_term_string}"},"query-input":{"@type":"PropertyValueSpecification","valueRequired":true,"valueName":"search_term_string"}}],"inLanguage":"es"},{"@type":"Organization","@id":"https:\/\/wjrturismo.salvador.br\/#organization","name":"Jr Turismo","url":"https:\/\/wjrturismo.salvador.br\/","logo":{"@type":"ImageObject","inLanguage":"es","@id":"https:\/\/wjrturismo.salvador.br\/#\/schema\/logo\/image\/","url":"","contentUrl":"","caption":"Jr Turismo"},"image":{"@id":"https:\/\/wjrturismo.salvador.br\/#\/schema\/logo\/image\/"}}]},"product_price_amount":"250.00","product_price_currency":"BRL","og_availability":"instock","product_availability":"instock","product_condition":"new"},"_links":{"self":[{"href":"https:\/\/wjrturismo.salvador.br\/es\/wp-json\/wp\/v2\/product\/19868","targetHints":{"allow":["GET"]}}],"collection":[{"href":"https:\/\/wjrturismo.salvador.br\/es\/wp-json\/wp\/v2\/product"}],"about":[{"href":"https:\/\/wjrturismo.salvador.br\/es\/wp-json\/wp\/v2\/types\/product"}],"replies":[{"embeddable":true,"href":"https:\/\/wjrturismo.salvador.br\/es\/wp-json\/wp\/v2\/comments?post=19868"}],"wp:featuredmedia":[{"embeddable":true,"href":"https:\/\/wjrturismo.salvador.br\/es\/wp-json\/wp\/v2\/media\/19661"}],"wp:attachment":[{"href":"https:\/\/wjrturismo.salvador.br\/es\/wp-json\/wp\/v2\/media?parent=19868"}],"wp:term":[{"taxonomy":"product_brand","embeddable":true,"href":"https:\/\/wjrturismo.salvador.br\/es\/wp-json\/wp\/v2\/product_brand?post=19868"},{"taxonomy":"product_cat","embeddable":true,"href":"https:\/\/wjrturismo.salvador.br\/es\/wp-json\/wp\/v2\/product_cat?post=19868"},{"taxonomy":"product_tag","embeddable":true,"href":"https:\/\/wjrturismo.salvador.br\/es\/wp-json\/wp\/v2\/product_tag?post=19868"}],"curies":[{"name":"wp","href":"https:\/\/api.w.org\/{rel}","templated":true}]}}