{"id":19854,"date":"2022-09-12T15:55:05","date_gmt":"2022-09-12T18:55:05","guid":{"rendered":"https:\/\/wjrturismo.salvador.br\/loja\/sin categor\u00eda\/transferencia-universo-paralello-2023\/"},"modified":"2022-09-12T15:55:05","modified_gmt":"2022-09-12T18:55:05","slug":"transferencia-universo-paralello-2023","status":"publish","type":"product","link":"https:\/\/wjrturismo.salvador.br\/es\/loja\/transferencias\/transferencia-universo-paralello-2023\/","title":{"rendered":"Transferencia Universo Paralello 2023"},"content":{"rendered":"<p>M\u00e1s que una fiesta, Universo Paralello es una experiencia que se desarrolla en el para\u00edso que es la playa de Pratigi.<br \/>\nEste a\u00f1o el tema es \u201cAscendencia\u201d y tiene como objetivo reconocer, valorar y honrar nuestras ra\u00edces y las personas de origen sudamericano.<\/p>\n<p><iframe loading=\"lazy\" title=\"Universo Paralello #15 | Doc\" width=\"1020\" height=\"574\" src=\"https:\/\/www.youtube.com\/embed\/054SoyWPz-c?feature=oembed\" frameborder=\"0\" allow=\"accelerometer; autoplay; clipboard-write; encrypted-media; gyroscope; picture-in-picture; web-share\" referrerpolicy=\"strict-origin-when-cross-origin\" allowfullscreen><\/iframe><\/p>\n<p>Estamos haciendo reservas ahora a precios asequibles, as\u00ed que ap\u00farate para asegurarte de llegar al paradis\u00edaco Pratigi y regresar a casa con comodidad y seguridad. Nosotros en WJR Turismo ya estamos preparados para transportarte de forma segura y hacer que tu experiencia en Universo Paralello sea inolvidable de principio a fin. Echa un vistazo a nuestras ofertas, ponte en contacto con nosotros, pide tu cotizaci\u00f3n y garantiza tu acceso a este encuentro de placeres sonoros.<\/p>\n<p><strong>PAQUETES + VALORES<\/strong><\/p>\n<p><strong>Salir del aeropuerto<\/strong><\/p>\n<p>Para salida durante el d\u00eda, el pasajero tendr\u00e1 veh\u00edculos disponibles para dirigirse al Terminal Mar\u00edtimo de Bah\u00eda en Com\u00e9rcio donde ser\u00e1 abordado en el barco con destino a la Isla de Itaparica (viaje de 40 minutos), llegando a la isla, abordando uno de nuestros veh\u00edculos. a Pratigi. Este recorrido tendr\u00e1 una duraci\u00f3n aproximada de 4 horas y 22 minutos y 189 km. Para salidas nocturnas, el viaje se realiza por v\u00eda terrestre. <\/p>\n<p><strong>Salvador Pratigi horarios<\/strong><\/p>\n<p><strong>Salida del aeropuerto: <\/strong>05:15 \/ 08:15 \/ 11:15 \/ 14:15 \/ 20:00 \/ 00:30 \/ 03:00 \/<br \/>\n<span style=\"font-size: 14.4px;\"><strong>Salida (Morro de S\u00e3o Paulo):<\/strong> 06:20 \/ 09:20 \/ 09:20 \/ 12:20 \/ 15:20<br \/>\n<\/span><\/p>\n<p><span style=\"font-size: 14.4px;\">Precio: R$ 260,00 por persona (por trayecto)<\/span><\/p>\n<p><span style=\"font-size: 14.4px;\">Ida y vuelta R$ 450,00<\/span><\/p>\n<p><strong>Horarios <\/strong><\/p>\n<p><strong>Pratigi a Morro y al aeropuerto de Salvador:<\/strong> 12:00 \/ 06:00 \/ 18:00<\/p>\n<p><span style=\"font-size: 14.4px;\">Precio: R$ 200,00 por persona (por trayecto)<\/span><\/p>\n<p><span style=\"font-size: 14.4px;\">Ida y vuelta R$ 400,00<\/span><\/p>\n<p><strong>Observaci\u00f3n:<\/strong> S\u00f3 trabalhamos com no m\u00ednimo de 4 pessoas por hor\u00e1rio.<\/p>\n","protected":false},"excerpt":{"rendered":"<p><b>La 17\u00aa edici\u00f3n del Festival Universo Paralello se realizar\u00e1 del 27 de diciembre de 2023 al 3 de enero de 2024 en Praia da Pratigi, en Ituber\u00e1\/BA<\/b>.<\/p>\n","protected":false},"featured_media":19777,"comment_status":"open","ping_status":"open","template":"","meta":[],"product_brand":[],"product_cat":[1211],"product_tag":[],"class_list":{"0":"post-19854","1":"product","2":"type-product","3":"status-publish","4":"has-post-thumbnail","6":"product_cat-transferencias","8":"first","9":"instock","10":"shipping-taxable","11":"purchasable","12":"product-type-variable"},"yoast_head":"<!-- This site is optimized with the Yoast SEO Premium plugin v24.2 (Yoast SEO v24.2) - https:\/\/yoast.com\/wordpress\/plugins\/seo\/ -->\n<title>Transferencia Universo Paralello 2023 - JR Turismo<\/title>\n<meta name=\"robots\" content=\"index, follow, max-snippet:-1, max-image-preview:large, max-video-preview:-1\" \/>\n<link rel=\"canonical\" href=\"https:\/\/wjrturismo.salvador.br\/es\/loja\/transferencias\/transferencia-universo-paralello-2023\/\" \/>\n<meta property=\"og:locale\" content=\"es_ES\" \/>\n<meta property=\"og:type\" content=\"article\" \/>\n<meta property=\"og:title\" content=\"Transferencia Universo Paralello 2023\" \/>\n<meta property=\"og:description\" content=\"La 17\u00aa edici\u00f3n del Festival Universo Paralello se realizar\u00e1 del 27 de diciembre de 2023 al 3 de enero de 2024 en Praia da Pratigi, en Ituber\u00e1\/BA.\" \/>\n<meta property=\"og:url\" content=\"https:\/\/wjrturismo.salvador.br\/es\/loja\/transferencias\/transferencia-universo-paralello-2023\/\" \/>\n<meta property=\"og:site_name\" content=\"JR Turismo\" \/>\n<meta property=\"og:image\" content=\"https:\/\/wjrturismo.salvador.br\/wp-content\/uploads\/2022\/09\/Universo-paralelo-2023-730x800.png\" \/>\n\t<meta property=\"og:image:width\" content=\"730\" \/>\n\t<meta property=\"og:image:height\" content=\"800\" \/>\n\t<meta property=\"og:image:type\" content=\"image\/png\" \/>\n<meta name=\"twitter:card\" content=\"summary_large_image\" \/>\n<script type=\"application\/ld+json\" class=\"yoast-schema-graph\">{\"@context\":\"https:\/\/schema.org\",\"@graph\":[{\"@type\":\"WebPage\",\"@id\":\"https:\/\/wjrturismo.salvador.br\/es\/loja\/transferencias\/transferencia-universo-paralello-2023\/\",\"url\":\"https:\/\/wjrturismo.salvador.br\/es\/loja\/transferencias\/transferencia-universo-paralello-2023\/\",\"name\":\"Transferencia Universo Paralello 2023 - JR Turismo\",\"isPartOf\":{\"@id\":\"https:\/\/wjrturismo.salvador.br\/#website\"},\"primaryImageOfPage\":{\"@id\":\"https:\/\/wjrturismo.salvador.br\/es\/loja\/transferencias\/transferencia-universo-paralello-2023\/#primaryimage\"},\"image\":{\"@id\":\"https:\/\/wjrturismo.salvador.br\/es\/loja\/transferencias\/transferencia-universo-paralello-2023\/#primaryimage\"},\"thumbnailUrl\":\"https:\/\/wjrturismo.salvador.br\/wp-content\/uploads\/2022\/09\/Universo-paralelo-2023.png\",\"datePublished\":\"2022-09-12T18:55:05+00:00\",\"dateModified\":\"2022-09-12T18:55:05+00:00\",\"breadcrumb\":{\"@id\":\"https:\/\/wjrturismo.salvador.br\/es\/loja\/transferencias\/transferencia-universo-paralello-2023\/#breadcrumb\"},\"inLanguage\":\"es\",\"potentialAction\":[{\"@type\":\"ReadAction\",\"target\":[\"https:\/\/wjrturismo.salvador.br\/es\/loja\/transferencias\/transferencia-universo-paralello-2023\/\"]}]},{\"@type\":\"ImageObject\",\"inLanguage\":\"es\",\"@id\":\"https:\/\/wjrturismo.salvador.br\/es\/loja\/transferencias\/transferencia-universo-paralello-2023\/#primaryimage\",\"url\":\"https:\/\/wjrturismo.salvador.br\/wp-content\/uploads\/2022\/09\/Universo-paralelo-2023.png\",\"contentUrl\":\"https:\/\/wjrturismo.salvador.br\/wp-content\/uploads\/2022\/09\/Universo-paralelo-2023.png\",\"width\":959,\"height\":1051,\"caption\":\"Universo paralelo 2023\"},{\"@type\":\"BreadcrumbList\",\"@id\":\"https:\/\/wjrturismo.salvador.br\/es\/loja\/transferencias\/transferencia-universo-paralello-2023\/#breadcrumb\",\"itemListElement\":[{\"@type\":\"ListItem\",\"position\":1,\"name\":\"In\u00edcio\",\"item\":\"https:\/\/wjrturismo.salvador.br\/\"},{\"@type\":\"ListItem\",\"position\":2,\"name\":\"Loja\",\"item\":\"https:\/\/wjrturismo.salvador.br\/loja\/\"},{\"@type\":\"ListItem\",\"position\":3,\"name\":\"Transferencia Universo Paralello 2023\"}]},{\"@type\":\"WebSite\",\"@id\":\"https:\/\/wjrturismo.salvador.br\/#website\",\"url\":\"https:\/\/wjrturismo.salvador.br\/\",\"name\":\"JR Turismo\",\"description\":\"Passeios, excurs\u00f5es, e translado a partir de Salvador.\",\"publisher\":{\"@id\":\"https:\/\/wjrturismo.salvador.br\/#organization\"},\"potentialAction\":[{\"@type\":\"SearchAction\",\"target\":{\"@type\":\"EntryPoint\",\"urlTemplate\":\"https:\/\/wjrturismo.salvador.br\/?s={search_term_string}\"},\"query-input\":{\"@type\":\"PropertyValueSpecification\",\"valueRequired\":true,\"valueName\":\"search_term_string\"}}],\"inLanguage\":\"es\"},{\"@type\":\"Organization\",\"@id\":\"https:\/\/wjrturismo.salvador.br\/#organization\",\"name\":\"Jr Turismo\",\"url\":\"https:\/\/wjrturismo.salvador.br\/\",\"logo\":{\"@type\":\"ImageObject\",\"inLanguage\":\"es\",\"@id\":\"https:\/\/wjrturismo.salvador.br\/#\/schema\/logo\/image\/\",\"url\":\"\",\"contentUrl\":\"\",\"caption\":\"Jr Turismo\"},\"image\":{\"@id\":\"https:\/\/wjrturismo.salvador.br\/#\/schema\/logo\/image\/\"}}]}<\/script>\n<meta property=\"og:availability\" content=\"instock\" \/>\n<meta property=\"product:availability\" content=\"instock\" \/>\n<meta property=\"product:condition\" content=\"new\" \/>\n<!-- \/ Yoast SEO Premium plugin. -->","yoast_head_json":{"title":"Transferencia Universo Paralello 2023 - JR Turismo","robots":{"index":"index","follow":"follow","max-snippet":"max-snippet:-1","max-image-preview":"max-image-preview:large","max-video-preview":"max-video-preview:-1"},"canonical":"https:\/\/wjrturismo.salvador.br\/es\/loja\/transferencias\/transferencia-universo-paralello-2023\/","og_locale":"es_ES","og_type":"article","og_title":"Transferencia Universo Paralello 2023","og_description":"La 17\u00aa edici\u00f3n del Festival Universo Paralello se realizar\u00e1 del 27 de diciembre de 2023 al 3 de enero de 2024 en Praia da Pratigi, en Ituber\u00e1\/BA.","og_url":"https:\/\/wjrturismo.salvador.br\/es\/loja\/transferencias\/transferencia-universo-paralello-2023\/","og_site_name":"JR Turismo","og_image":[{"width":730,"height":800,"url":"https:\/\/wjrturismo.salvador.br\/wp-content\/uploads\/2022\/09\/Universo-paralelo-2023-730x800.png","type":"image\/png"}],"twitter_card":"summary_large_image","schema":{"@context":"https:\/\/schema.org","@graph":[{"@type":"WebPage","@id":"https:\/\/wjrturismo.salvador.br\/es\/loja\/transferencias\/transferencia-universo-paralello-2023\/","url":"https:\/\/wjrturismo.salvador.br\/es\/loja\/transferencias\/transferencia-universo-paralello-2023\/","name":"Transferencia Universo Paralello 2023 - JR Turismo","isPartOf":{"@id":"https:\/\/wjrturismo.salvador.br\/#website"},"primaryImageOfPage":{"@id":"https:\/\/wjrturismo.salvador.br\/es\/loja\/transferencias\/transferencia-universo-paralello-2023\/#primaryimage"},"image":{"@id":"https:\/\/wjrturismo.salvador.br\/es\/loja\/transferencias\/transferencia-universo-paralello-2023\/#primaryimage"},"thumbnailUrl":"https:\/\/wjrturismo.salvador.br\/wp-content\/uploads\/2022\/09\/Universo-paralelo-2023.png","datePublished":"2022-09-12T18:55:05+00:00","dateModified":"2022-09-12T18:55:05+00:00","breadcrumb":{"@id":"https:\/\/wjrturismo.salvador.br\/es\/loja\/transferencias\/transferencia-universo-paralello-2023\/#breadcrumb"},"inLanguage":"es","potentialAction":[{"@type":"ReadAction","target":["https:\/\/wjrturismo.salvador.br\/es\/loja\/transferencias\/transferencia-universo-paralello-2023\/"]}]},{"@type":"ImageObject","inLanguage":"es","@id":"https:\/\/wjrturismo.salvador.br\/es\/loja\/transferencias\/transferencia-universo-paralello-2023\/#primaryimage","url":"https:\/\/wjrturismo.salvador.br\/wp-content\/uploads\/2022\/09\/Universo-paralelo-2023.png","contentUrl":"https:\/\/wjrturismo.salvador.br\/wp-content\/uploads\/2022\/09\/Universo-paralelo-2023.png","width":959,"height":1051,"caption":"Universo paralelo 2023"},{"@type":"BreadcrumbList","@id":"https:\/\/wjrturismo.salvador.br\/es\/loja\/transferencias\/transferencia-universo-paralello-2023\/#breadcrumb","itemListElement":[{"@type":"ListItem","position":1,"name":"In\u00edcio","item":"https:\/\/wjrturismo.salvador.br\/"},{"@type":"ListItem","position":2,"name":"Loja","item":"https:\/\/wjrturismo.salvador.br\/loja\/"},{"@type":"ListItem","position":3,"name":"Transferencia Universo Paralello 2023"}]},{"@type":"WebSite","@id":"https:\/\/wjrturismo.salvador.br\/#website","url":"https:\/\/wjrturismo.salvador.br\/","name":"JR Turismo","description":"Passeios, excurs\u00f5es, e translado a partir de Salvador.","publisher":{"@id":"https:\/\/wjrturismo.salvador.br\/#organization"},"potentialAction":[{"@type":"SearchAction","target":{"@type":"EntryPoint","urlTemplate":"https:\/\/wjrturismo.salvador.br\/?s={search_term_string}"},"query-input":{"@type":"PropertyValueSpecification","valueRequired":true,"valueName":"search_term_string"}}],"inLanguage":"es"},{"@type":"Organization","@id":"https:\/\/wjrturismo.salvador.br\/#organization","name":"Jr Turismo","url":"https:\/\/wjrturismo.salvador.br\/","logo":{"@type":"ImageObject","inLanguage":"es","@id":"https:\/\/wjrturismo.salvador.br\/#\/schema\/logo\/image\/","url":"","contentUrl":"","caption":"Jr Turismo"},"image":{"@id":"https:\/\/wjrturismo.salvador.br\/#\/schema\/logo\/image\/"}}]},"og_availability":"instock","product_availability":"instock","product_condition":"new"},"_links":{"self":[{"href":"https:\/\/wjrturismo.salvador.br\/es\/wp-json\/wp\/v2\/product\/19854","targetHints":{"allow":["GET"]}}],"collection":[{"href":"https:\/\/wjrturismo.salvador.br\/es\/wp-json\/wp\/v2\/product"}],"about":[{"href":"https:\/\/wjrturismo.salvador.br\/es\/wp-json\/wp\/v2\/types\/product"}],"replies":[{"embeddable":true,"href":"https:\/\/wjrturismo.salvador.br\/es\/wp-json\/wp\/v2\/comments?post=19854"}],"wp:featuredmedia":[{"embeddable":true,"href":"https:\/\/wjrturismo.salvador.br\/es\/wp-json\/wp\/v2\/media\/19777"}],"wp:attachment":[{"href":"https:\/\/wjrturismo.salvador.br\/es\/wp-json\/wp\/v2\/media?parent=19854"}],"wp:term":[{"taxonomy":"product_brand","embeddable":true,"href":"https:\/\/wjrturismo.salvador.br\/es\/wp-json\/wp\/v2\/product_brand?post=19854"},{"taxonomy":"product_cat","embeddable":true,"href":"https:\/\/wjrturismo.salvador.br\/es\/wp-json\/wp\/v2\/product_cat?post=19854"},{"taxonomy":"product_tag","embeddable":true,"href":"https:\/\/wjrturismo.salvador.br\/es\/wp-json\/wp\/v2\/product_tag?post=19854"}],"curies":[{"name":"wp","href":"https:\/\/api.w.org\/{rel}","templated":true}]}}