{"id":19850,"date":"2024-08-27T23:18:08","date_gmt":"2024-08-28T02:18:08","guid":{"rendered":"https:\/\/wjrturismo.salvador.br\/loja\/sin categor\u00eda\/paquete-3-dias-2-noches-a-chapada-diamantina\/"},"modified":"2024-08-27T23:18:08","modified_gmt":"2024-08-28T02:18:08","slug":"paquete-3-dias-2-noches-a-chapada-diamantina","status":"publish","type":"product","link":"https:\/\/wjrturismo.salvador.br\/es\/loja\/paquetes\/paquete-3-dias-2-noches-a-chapada-diamantina\/","title":{"rendered":"Paquete 3 D\u00edas 2 Noches a Chapada Diamantina."},"content":{"rendered":"<ul>\n<li><strong>Transporte por carretera:<\/strong> Salvador, Len\u00e7\u00f3is, Salvador.<\/li>\n<li><strong>Alojamiento:<\/strong> Pousada Recanto dos Mineiros.<\/li>\n<li><strong>Un recorrido por la ciudad y un itinerario 1<\/strong> en la Reserva Chapada Diamantina incluyendo almuerzo y tarifa de visita.<\/li>\n<\/ul>\n<p><strong>Valor para dos personas:<\/strong> R$2.250,00<\/p>\n<h3><strong>Detalles del paquete<\/strong><\/h3>\n<p><strong>Traslado en Salvador:<\/strong><\/p>\n<ul>\n<li>El traslado incluye recoger y llevar al cliente en coche desde el hotel en Salvador hasta la estaci\u00f3n de autobuses.<\/li>\n<li>El cliente tomar\u00e1 un autob\u00fas semipresencial hasta Chapada Diamantina a las 23:00 horas y llegar\u00e1 a las 5:00 horas.<\/li>\n<\/ul>\n<p><strong>Llegada a Chapada Diamantina:<\/strong><\/p>\n<ul>\n<li>El gu\u00eda llevar\u00e1 al cliente al hotel.<\/li>\n<li>A las 8:00 horas se recoger\u00e1 al cliente para realizar el primer recorrido, que incluye almuerzo y gastos de visita.<\/li>\n<\/ul>\n<p><strong>D\u00eda \u00faltimo:<\/strong><\/p>\n<ul>\n<li>El cliente saldr\u00e1 de Chapada Diamantina a las 22 horas, llegando a Salvador por la ma\u00f1ana.<\/li>\n<li>El traslado incluye recoger al cliente en la estaci\u00f3n de autobuses de Salvador y llevarlo de regreso al hotel.<\/li>\n<\/ul>\n<h3><strong>Ruta 1 (Cuevas)<\/strong><\/h3>\n<ul>\n<li>\u2705 <strong>R\u00cdO MUCUGEZINHO<\/strong> (paso)<\/li>\n<li>\u2705 <strong>POZO DEL DIABLO<\/strong> (Ba\u00f1o)<\/li>\n<li>\u2705 <strong>GRUTA DA FUMA\u00c7INHA<\/strong> (Contemplaci\u00f3n)<\/li>\n<li>\u2705 <strong>R\u00cdO PRATINHA<\/strong> (Ba\u00f1o)<\/li>\n<li>\u2705 <strong>CUEVA AZUL<\/strong> (Contemplaci\u00f3n)<\/li>\n<li>\u2705 <strong>MORRO DO PAI IN\u00c1CIO<\/strong> (Contemplaci\u00f3n)<\/li>\n<li><strong>Salida:<\/strong> 8:00<\/li>\n<li><strong>Devolver:<\/strong> 18:00<\/li>\n<li><strong>Distancia total:<\/strong> 140 km en coche<\/li>\n<li><strong>Tiempo de caminata:<\/strong> 3 horas en total (con varias paradas)<\/li>\n<li><strong>Nivel de esfuerzo f\u00edsico:<\/strong> Moderado<\/li>\n<li><strong>Incluye:<\/strong> Coche, gu\u00eda, seguro, almuerzo y entradas.<\/li>\n<li><strong>No incluye:<\/strong> Deportes opcionales, agua mineral y bebidas de restaurante.<\/li>\n<\/ul>\n","protected":false},"excerpt":{"rendered":"<p>Transporte por carretera: Salvador, Len\u00e7\u00f3is, Salvador. Alojamiento: Pousada Recanto dos Mineiros. Un recorrido por la ciudad y un itinerario 1 en la Reserva Chapada Diamantina incluyendo almuerzo y tarifa de visita. Valor para dos personas: R$2.250,00 Detalles del paquete Traslado en Salvador: El traslado incluye recoger y llevar al cliente en coche desde el hotel [&#8230;]\n","protected":false},"featured_media":19771,"comment_status":"open","ping_status":"closed","template":"","meta":[],"product_brand":[],"product_cat":[1224],"product_tag":[],"class_list":{"0":"post-19850","1":"product","2":"type-product","3":"status-publish","4":"has-post-thumbnail","6":"product_cat-paquetes","8":"first","9":"instock","10":"shipping-taxable","11":"purchasable","12":"product-type-variable"},"yoast_head":"<!-- This site is optimized with the Yoast SEO Premium plugin v24.2 (Yoast SEO v24.2) - https:\/\/yoast.com\/wordpress\/plugins\/seo\/ -->\n<title>Paquete 3 D\u00edas 2 Noches a Chapada Diamantina. - JR Turismo<\/title>\n<meta name=\"robots\" content=\"index, follow, max-snippet:-1, max-image-preview:large, max-video-preview:-1\" \/>\n<link rel=\"canonical\" href=\"https:\/\/wjrturismo.salvador.br\/es\/loja\/paquetes\/paquete-3-dias-2-noches-a-chapada-diamantina\/\" \/>\n<meta property=\"og:locale\" content=\"es_ES\" \/>\n<meta property=\"og:type\" content=\"article\" \/>\n<meta property=\"og:title\" content=\"Paquete 3 D\u00edas 2 Noches a Chapada Diamantina.\" \/>\n<meta property=\"og:description\" content=\"Transporte por carretera: Salvador, Len\u00e7\u00f3is, Salvador. Alojamiento: Pousada Recanto dos Mineiros. Un recorrido por la ciudad y un itinerario 1 en la Reserva Chapada Diamantina incluyendo almuerzo y tarifa de visita. Valor para dos personas: R$2.250,00 Detalles del paquete Traslado en Salvador: El traslado incluye recoger y llevar al cliente en coche desde el hotel [...]\" \/>\n<meta property=\"og:url\" content=\"https:\/\/wjrturismo.salvador.br\/es\/loja\/paquetes\/paquete-3-dias-2-noches-a-chapada-diamantina\/\" \/>\n<meta property=\"og:site_name\" content=\"JR Turismo\" \/>\n<meta property=\"og:image\" content=\"https:\/\/wjrturismo.salvador.br\/wp-content\/uploads\/2023\/11\/Transfer-Chapada-Diamantina.jpg\" \/>\n\t<meta property=\"og:image:width\" content=\"1920\" \/>\n\t<meta property=\"og:image:height\" content=\"1077\" \/>\n\t<meta property=\"og:image:type\" content=\"image\/jpeg\" \/>\n<meta name=\"twitter:card\" content=\"summary_large_image\" \/>\n<script type=\"application\/ld+json\" class=\"yoast-schema-graph\">{\"@context\":\"https:\/\/schema.org\",\"@graph\":[{\"@type\":\"WebPage\",\"@id\":\"https:\/\/wjrturismo.salvador.br\/es\/loja\/paquetes\/paquete-3-dias-2-noches-a-chapada-diamantina\/\",\"url\":\"https:\/\/wjrturismo.salvador.br\/es\/loja\/paquetes\/paquete-3-dias-2-noches-a-chapada-diamantina\/\",\"name\":\"Paquete 3 D\u00edas 2 Noches a Chapada Diamantina. - JR Turismo\",\"isPartOf\":{\"@id\":\"https:\/\/wjrturismo.salvador.br\/#website\"},\"primaryImageOfPage\":{\"@id\":\"https:\/\/wjrturismo.salvador.br\/es\/loja\/paquetes\/paquete-3-dias-2-noches-a-chapada-diamantina\/#primaryimage\"},\"image\":{\"@id\":\"https:\/\/wjrturismo.salvador.br\/es\/loja\/paquetes\/paquete-3-dias-2-noches-a-chapada-diamantina\/#primaryimage\"},\"thumbnailUrl\":\"https:\/\/wjrturismo.salvador.br\/wp-content\/uploads\/2023\/11\/Transfer-Chapada-Diamantina.jpg\",\"datePublished\":\"2024-08-28T02:18:08+00:00\",\"dateModified\":\"2024-08-28T02:18:08+00:00\",\"breadcrumb\":{\"@id\":\"https:\/\/wjrturismo.salvador.br\/es\/loja\/paquetes\/paquete-3-dias-2-noches-a-chapada-diamantina\/#breadcrumb\"},\"inLanguage\":\"es\",\"potentialAction\":[{\"@type\":\"ReadAction\",\"target\":[\"https:\/\/wjrturismo.salvador.br\/es\/loja\/paquetes\/paquete-3-dias-2-noches-a-chapada-diamantina\/\"]}]},{\"@type\":\"ImageObject\",\"inLanguage\":\"es\",\"@id\":\"https:\/\/wjrturismo.salvador.br\/es\/loja\/paquetes\/paquete-3-dias-2-noches-a-chapada-diamantina\/#primaryimage\",\"url\":\"https:\/\/wjrturismo.salvador.br\/wp-content\/uploads\/2023\/11\/Transfer-Chapada-Diamantina.jpg\",\"contentUrl\":\"https:\/\/wjrturismo.salvador.br\/wp-content\/uploads\/2023\/11\/Transfer-Chapada-Diamantina.jpg\",\"width\":1920,\"height\":1077},{\"@type\":\"BreadcrumbList\",\"@id\":\"https:\/\/wjrturismo.salvador.br\/es\/loja\/paquetes\/paquete-3-dias-2-noches-a-chapada-diamantina\/#breadcrumb\",\"itemListElement\":[{\"@type\":\"ListItem\",\"position\":1,\"name\":\"In\u00edcio\",\"item\":\"https:\/\/wjrturismo.salvador.br\/\"},{\"@type\":\"ListItem\",\"position\":2,\"name\":\"Loja\",\"item\":\"https:\/\/wjrturismo.salvador.br\/loja\/\"},{\"@type\":\"ListItem\",\"position\":3,\"name\":\"Paquete 3 D\u00edas 2 Noches a Chapada Diamantina.\"}]},{\"@type\":\"WebSite\",\"@id\":\"https:\/\/wjrturismo.salvador.br\/#website\",\"url\":\"https:\/\/wjrturismo.salvador.br\/\",\"name\":\"JR Turismo\",\"description\":\"Passeios, excurs\u00f5es, e translado a partir de Salvador.\",\"publisher\":{\"@id\":\"https:\/\/wjrturismo.salvador.br\/#organization\"},\"potentialAction\":[{\"@type\":\"SearchAction\",\"target\":{\"@type\":\"EntryPoint\",\"urlTemplate\":\"https:\/\/wjrturismo.salvador.br\/?s={search_term_string}\"},\"query-input\":{\"@type\":\"PropertyValueSpecification\",\"valueRequired\":true,\"valueName\":\"search_term_string\"}}],\"inLanguage\":\"es\"},{\"@type\":\"Organization\",\"@id\":\"https:\/\/wjrturismo.salvador.br\/#organization\",\"name\":\"Jr Turismo\",\"url\":\"https:\/\/wjrturismo.salvador.br\/\",\"logo\":{\"@type\":\"ImageObject\",\"inLanguage\":\"es\",\"@id\":\"https:\/\/wjrturismo.salvador.br\/#\/schema\/logo\/image\/\",\"url\":\"\",\"contentUrl\":\"\",\"caption\":\"Jr Turismo\"},\"image\":{\"@id\":\"https:\/\/wjrturismo.salvador.br\/#\/schema\/logo\/image\/\"}}]}<\/script>\n<meta property=\"og:availability\" content=\"instock\" \/>\n<meta property=\"product:availability\" content=\"instock\" \/>\n<meta property=\"product:condition\" content=\"new\" \/>\n<!-- \/ Yoast SEO Premium plugin. -->","yoast_head_json":{"title":"Paquete 3 D\u00edas 2 Noches a Chapada Diamantina. - JR Turismo","robots":{"index":"index","follow":"follow","max-snippet":"max-snippet:-1","max-image-preview":"max-image-preview:large","max-video-preview":"max-video-preview:-1"},"canonical":"https:\/\/wjrturismo.salvador.br\/es\/loja\/paquetes\/paquete-3-dias-2-noches-a-chapada-diamantina\/","og_locale":"es_ES","og_type":"article","og_title":"Paquete 3 D\u00edas 2 Noches a Chapada Diamantina.","og_description":"Transporte por carretera: Salvador, Len\u00e7\u00f3is, Salvador. Alojamiento: Pousada Recanto dos Mineiros. Un recorrido por la ciudad y un itinerario 1 en la Reserva Chapada Diamantina incluyendo almuerzo y tarifa de visita. Valor para dos personas: R$2.250,00 Detalles del paquete Traslado en Salvador: El traslado incluye recoger y llevar al cliente en coche desde el hotel [...]","og_url":"https:\/\/wjrturismo.salvador.br\/es\/loja\/paquetes\/paquete-3-dias-2-noches-a-chapada-diamantina\/","og_site_name":"JR Turismo","og_image":[{"width":1920,"height":1077,"url":"https:\/\/wjrturismo.salvador.br\/wp-content\/uploads\/2023\/11\/Transfer-Chapada-Diamantina.jpg","type":"image\/jpeg"}],"twitter_card":"summary_large_image","schema":{"@context":"https:\/\/schema.org","@graph":[{"@type":"WebPage","@id":"https:\/\/wjrturismo.salvador.br\/es\/loja\/paquetes\/paquete-3-dias-2-noches-a-chapada-diamantina\/","url":"https:\/\/wjrturismo.salvador.br\/es\/loja\/paquetes\/paquete-3-dias-2-noches-a-chapada-diamantina\/","name":"Paquete 3 D\u00edas 2 Noches a Chapada Diamantina. - JR Turismo","isPartOf":{"@id":"https:\/\/wjrturismo.salvador.br\/#website"},"primaryImageOfPage":{"@id":"https:\/\/wjrturismo.salvador.br\/es\/loja\/paquetes\/paquete-3-dias-2-noches-a-chapada-diamantina\/#primaryimage"},"image":{"@id":"https:\/\/wjrturismo.salvador.br\/es\/loja\/paquetes\/paquete-3-dias-2-noches-a-chapada-diamantina\/#primaryimage"},"thumbnailUrl":"https:\/\/wjrturismo.salvador.br\/wp-content\/uploads\/2023\/11\/Transfer-Chapada-Diamantina.jpg","datePublished":"2024-08-28T02:18:08+00:00","dateModified":"2024-08-28T02:18:08+00:00","breadcrumb":{"@id":"https:\/\/wjrturismo.salvador.br\/es\/loja\/paquetes\/paquete-3-dias-2-noches-a-chapada-diamantina\/#breadcrumb"},"inLanguage":"es","potentialAction":[{"@type":"ReadAction","target":["https:\/\/wjrturismo.salvador.br\/es\/loja\/paquetes\/paquete-3-dias-2-noches-a-chapada-diamantina\/"]}]},{"@type":"ImageObject","inLanguage":"es","@id":"https:\/\/wjrturismo.salvador.br\/es\/loja\/paquetes\/paquete-3-dias-2-noches-a-chapada-diamantina\/#primaryimage","url":"https:\/\/wjrturismo.salvador.br\/wp-content\/uploads\/2023\/11\/Transfer-Chapada-Diamantina.jpg","contentUrl":"https:\/\/wjrturismo.salvador.br\/wp-content\/uploads\/2023\/11\/Transfer-Chapada-Diamantina.jpg","width":1920,"height":1077},{"@type":"BreadcrumbList","@id":"https:\/\/wjrturismo.salvador.br\/es\/loja\/paquetes\/paquete-3-dias-2-noches-a-chapada-diamantina\/#breadcrumb","itemListElement":[{"@type":"ListItem","position":1,"name":"In\u00edcio","item":"https:\/\/wjrturismo.salvador.br\/"},{"@type":"ListItem","position":2,"name":"Loja","item":"https:\/\/wjrturismo.salvador.br\/loja\/"},{"@type":"ListItem","position":3,"name":"Paquete 3 D\u00edas 2 Noches a Chapada Diamantina."}]},{"@type":"WebSite","@id":"https:\/\/wjrturismo.salvador.br\/#website","url":"https:\/\/wjrturismo.salvador.br\/","name":"JR Turismo","description":"Passeios, excurs\u00f5es, e translado a partir de Salvador.","publisher":{"@id":"https:\/\/wjrturismo.salvador.br\/#organization"},"potentialAction":[{"@type":"SearchAction","target":{"@type":"EntryPoint","urlTemplate":"https:\/\/wjrturismo.salvador.br\/?s={search_term_string}"},"query-input":{"@type":"PropertyValueSpecification","valueRequired":true,"valueName":"search_term_string"}}],"inLanguage":"es"},{"@type":"Organization","@id":"https:\/\/wjrturismo.salvador.br\/#organization","name":"Jr Turismo","url":"https:\/\/wjrturismo.salvador.br\/","logo":{"@type":"ImageObject","inLanguage":"es","@id":"https:\/\/wjrturismo.salvador.br\/#\/schema\/logo\/image\/","url":"","contentUrl":"","caption":"Jr Turismo"},"image":{"@id":"https:\/\/wjrturismo.salvador.br\/#\/schema\/logo\/image\/"}}]},"og_availability":"instock","product_availability":"instock","product_condition":"new"},"_links":{"self":[{"href":"https:\/\/wjrturismo.salvador.br\/es\/wp-json\/wp\/v2\/product\/19850","targetHints":{"allow":["GET"]}}],"collection":[{"href":"https:\/\/wjrturismo.salvador.br\/es\/wp-json\/wp\/v2\/product"}],"about":[{"href":"https:\/\/wjrturismo.salvador.br\/es\/wp-json\/wp\/v2\/types\/product"}],"replies":[{"embeddable":true,"href":"https:\/\/wjrturismo.salvador.br\/es\/wp-json\/wp\/v2\/comments?post=19850"}],"wp:featuredmedia":[{"embeddable":true,"href":"https:\/\/wjrturismo.salvador.br\/es\/wp-json\/wp\/v2\/media\/19771"}],"wp:attachment":[{"href":"https:\/\/wjrturismo.salvador.br\/es\/wp-json\/wp\/v2\/media?parent=19850"}],"wp:term":[{"taxonomy":"product_brand","embeddable":true,"href":"https:\/\/wjrturismo.salvador.br\/es\/wp-json\/wp\/v2\/product_brand?post=19850"},{"taxonomy":"product_cat","embeddable":true,"href":"https:\/\/wjrturismo.salvador.br\/es\/wp-json\/wp\/v2\/product_cat?post=19850"},{"taxonomy":"product_tag","embeddable":true,"href":"https:\/\/wjrturismo.salvador.br\/es\/wp-json\/wp\/v2\/product_tag?post=19850"}],"curies":[{"name":"wp","href":"https:\/\/api.w.org\/{rel}","templated":true}]}}