{"id":19827,"date":"2023-11-20T16:28:05","date_gmt":"2023-11-20T19:28:05","guid":{"rendered":"https:\/\/wjrturismo.salvador.br\/loja\/sin categor\u00eda\/transfer-chapada-diamantina-salvador-a-lencois\/"},"modified":"2023-11-20T16:28:05","modified_gmt":"2023-11-20T19:28:05","slug":"transfer-chapada-diamantina-salvador-a-lencois","status":"publish","type":"product","link":"https:\/\/wjrturismo.salvador.br\/es\/loja\/transferencias\/transfer-chapada-diamantina-salvador-a-lencois\/","title":{"rendered":"Transfer Chapada Diamantina &#8211; Salvador a Len\u00e7\u00f3is"},"content":{"rendered":"<p>Explora la ruta a Len\u00e7\u00f3is, en la impresionante Chapada Diamantina, y descubre lo f\u00e1cil que es asegurar tu transporte con nuestro servicio de traslado Salvador-Len\u00e7\u00f3is. Los servicios de traslado y traslado desde el aeropuerto de Salvador a Len\u00e7\u00f3is est\u00e1n convenientemente disponibles en nuestro sitio web, Salvador Transfer. Asegure su reserva de traslado con WJR Turismo de forma r\u00e1pida y eficaz. No olvide completar detalladamente los detalles de su viaje de ida y vuelta, incluidos los horarios deseados, para disfrutar de una experiencia sin preocupaciones desde la reserva hasta la finalizaci\u00f3n de su viaje. Fiabilidad y practicidad, garantizando su tranquilidad durante todo el proceso.<\/p>\n","protected":false},"excerpt":{"rendered":"<p>Explora la ruta a Len\u00e7\u00f3is, en la impresionante Chapada Diamantina, y descubre lo f\u00e1cil que es asegurar tu transporte con nuestro servicio de traslado Salvador-Len\u00e7\u00f3is. Los servicios de traslado y traslado desde el aeropuerto de Salvador a Len\u00e7\u00f3is est\u00e1n convenientemente disponibles en nuestro sitio web, Salvador Transfer. Asegure su reserva de traslado con WJR Turismo [&#8230;]\n","protected":false},"featured_media":19759,"comment_status":"open","ping_status":"closed","template":"","meta":[],"product_brand":[],"product_cat":[1211],"product_tag":[],"class_list":{"0":"post-19827","1":"product","2":"type-product","3":"status-publish","4":"has-post-thumbnail","6":"product_cat-transferencias","8":"first","9":"instock","10":"shipping-taxable","11":"purchasable","12":"product-type-variable"},"yoast_head":"<!-- This site is optimized with the Yoast SEO Premium plugin v24.2 (Yoast SEO v24.2) - https:\/\/yoast.com\/wordpress\/plugins\/seo\/ -->\n<title>Transfer Chapada Diamantina - Salvador a Len\u00e7\u00f3is - JR Turismo<\/title>\n<meta name=\"robots\" content=\"index, follow, max-snippet:-1, max-image-preview:large, max-video-preview:-1\" \/>\n<link rel=\"canonical\" href=\"https:\/\/wjrturismo.salvador.br\/es\/loja\/transferencias\/transfer-chapada-diamantina-salvador-a-lencois\/\" \/>\n<meta property=\"og:locale\" content=\"es_ES\" \/>\n<meta property=\"og:type\" content=\"article\" \/>\n<meta property=\"og:title\" content=\"Transfer Chapada Diamantina - Salvador a Len\u00e7\u00f3is\" \/>\n<meta property=\"og:description\" content=\"Explora la ruta a Len\u00e7\u00f3is, en la impresionante Chapada Diamantina, y descubre lo f\u00e1cil que es asegurar tu transporte con nuestro servicio de traslado Salvador-Len\u00e7\u00f3is. Los servicios de traslado y traslado desde el aeropuerto de Salvador a Len\u00e7\u00f3is est\u00e1n convenientemente disponibles en nuestro sitio web, Salvador Transfer. Asegure su reserva de traslado con WJR Turismo [...]\" \/>\n<meta property=\"og:url\" content=\"https:\/\/wjrturismo.salvador.br\/es\/loja\/transferencias\/transfer-chapada-diamantina-salvador-a-lencois\/\" \/>\n<meta property=\"og:site_name\" content=\"JR Turismo\" \/>\n<meta property=\"og:image\" content=\"https:\/\/wjrturismo.salvador.br\/wp-content\/uploads\/2023\/11\/Chapada-8.jpeg\" \/>\n\t<meta property=\"og:image:width\" content=\"884\" \/>\n\t<meta property=\"og:image:height\" content=\"602\" \/>\n\t<meta property=\"og:image:type\" content=\"image\/jpeg\" \/>\n<meta name=\"twitter:card\" content=\"summary_large_image\" \/>\n<script type=\"application\/ld+json\" class=\"yoast-schema-graph\">{\"@context\":\"https:\/\/schema.org\",\"@graph\":[{\"@type\":\"WebPage\",\"@id\":\"https:\/\/wjrturismo.salvador.br\/es\/loja\/transferencias\/transfer-chapada-diamantina-salvador-a-lencois\/\",\"url\":\"https:\/\/wjrturismo.salvador.br\/es\/loja\/transferencias\/transfer-chapada-diamantina-salvador-a-lencois\/\",\"name\":\"Transfer Chapada Diamantina - Salvador a Len\u00e7\u00f3is - JR Turismo\",\"isPartOf\":{\"@id\":\"https:\/\/wjrturismo.salvador.br\/#website\"},\"primaryImageOfPage\":{\"@id\":\"https:\/\/wjrturismo.salvador.br\/es\/loja\/transferencias\/transfer-chapada-diamantina-salvador-a-lencois\/#primaryimage\"},\"image\":{\"@id\":\"https:\/\/wjrturismo.salvador.br\/es\/loja\/transferencias\/transfer-chapada-diamantina-salvador-a-lencois\/#primaryimage\"},\"thumbnailUrl\":\"https:\/\/wjrturismo.salvador.br\/wp-content\/uploads\/2023\/11\/Chapada-8.jpeg\",\"datePublished\":\"2023-11-20T19:28:05+00:00\",\"dateModified\":\"2023-11-20T19:28:05+00:00\",\"breadcrumb\":{\"@id\":\"https:\/\/wjrturismo.salvador.br\/es\/loja\/transferencias\/transfer-chapada-diamantina-salvador-a-lencois\/#breadcrumb\"},\"inLanguage\":\"es\",\"potentialAction\":[{\"@type\":\"ReadAction\",\"target\":[\"https:\/\/wjrturismo.salvador.br\/es\/loja\/transferencias\/transfer-chapada-diamantina-salvador-a-lencois\/\"]}]},{\"@type\":\"ImageObject\",\"inLanguage\":\"es\",\"@id\":\"https:\/\/wjrturismo.salvador.br\/es\/loja\/transferencias\/transfer-chapada-diamantina-salvador-a-lencois\/#primaryimage\",\"url\":\"https:\/\/wjrturismo.salvador.br\/wp-content\/uploads\/2023\/11\/Chapada-8.jpeg\",\"contentUrl\":\"https:\/\/wjrturismo.salvador.br\/wp-content\/uploads\/2023\/11\/Chapada-8.jpeg\",\"width\":884,\"height\":602},{\"@type\":\"BreadcrumbList\",\"@id\":\"https:\/\/wjrturismo.salvador.br\/es\/loja\/transferencias\/transfer-chapada-diamantina-salvador-a-lencois\/#breadcrumb\",\"itemListElement\":[{\"@type\":\"ListItem\",\"position\":1,\"name\":\"In\u00edcio\",\"item\":\"https:\/\/wjrturismo.salvador.br\/\"},{\"@type\":\"ListItem\",\"position\":2,\"name\":\"Loja\",\"item\":\"https:\/\/wjrturismo.salvador.br\/loja\/\"},{\"@type\":\"ListItem\",\"position\":3,\"name\":\"Transfer Chapada Diamantina &#8211; Salvador a Len\u00e7\u00f3is\"}]},{\"@type\":\"WebSite\",\"@id\":\"https:\/\/wjrturismo.salvador.br\/#website\",\"url\":\"https:\/\/wjrturismo.salvador.br\/\",\"name\":\"JR Turismo\",\"description\":\"Passeios, excurs\u00f5es, e translado a partir de Salvador.\",\"publisher\":{\"@id\":\"https:\/\/wjrturismo.salvador.br\/#organization\"},\"potentialAction\":[{\"@type\":\"SearchAction\",\"target\":{\"@type\":\"EntryPoint\",\"urlTemplate\":\"https:\/\/wjrturismo.salvador.br\/?s={search_term_string}\"},\"query-input\":{\"@type\":\"PropertyValueSpecification\",\"valueRequired\":true,\"valueName\":\"search_term_string\"}}],\"inLanguage\":\"es\"},{\"@type\":\"Organization\",\"@id\":\"https:\/\/wjrturismo.salvador.br\/#organization\",\"name\":\"Jr Turismo\",\"url\":\"https:\/\/wjrturismo.salvador.br\/\",\"logo\":{\"@type\":\"ImageObject\",\"inLanguage\":\"es\",\"@id\":\"https:\/\/wjrturismo.salvador.br\/#\/schema\/logo\/image\/\",\"url\":\"\",\"contentUrl\":\"\",\"caption\":\"Jr Turismo\"},\"image\":{\"@id\":\"https:\/\/wjrturismo.salvador.br\/#\/schema\/logo\/image\/\"}}]}<\/script>\n<meta property=\"og:availability\" content=\"instock\" \/>\n<meta property=\"product:availability\" content=\"instock\" \/>\n<meta property=\"product:condition\" content=\"new\" \/>\n<!-- \/ Yoast SEO Premium plugin. -->","yoast_head_json":{"title":"Transfer Chapada Diamantina - Salvador a Len\u00e7\u00f3is - JR Turismo","robots":{"index":"index","follow":"follow","max-snippet":"max-snippet:-1","max-image-preview":"max-image-preview:large","max-video-preview":"max-video-preview:-1"},"canonical":"https:\/\/wjrturismo.salvador.br\/es\/loja\/transferencias\/transfer-chapada-diamantina-salvador-a-lencois\/","og_locale":"es_ES","og_type":"article","og_title":"Transfer Chapada Diamantina - Salvador a Len\u00e7\u00f3is","og_description":"Explora la ruta a Len\u00e7\u00f3is, en la impresionante Chapada Diamantina, y descubre lo f\u00e1cil que es asegurar tu transporte con nuestro servicio de traslado Salvador-Len\u00e7\u00f3is. Los servicios de traslado y traslado desde el aeropuerto de Salvador a Len\u00e7\u00f3is est\u00e1n convenientemente disponibles en nuestro sitio web, Salvador Transfer. Asegure su reserva de traslado con WJR Turismo [...]","og_url":"https:\/\/wjrturismo.salvador.br\/es\/loja\/transferencias\/transfer-chapada-diamantina-salvador-a-lencois\/","og_site_name":"JR Turismo","og_image":[{"width":884,"height":602,"url":"https:\/\/wjrturismo.salvador.br\/wp-content\/uploads\/2023\/11\/Chapada-8.jpeg","type":"image\/jpeg"}],"twitter_card":"summary_large_image","schema":{"@context":"https:\/\/schema.org","@graph":[{"@type":"WebPage","@id":"https:\/\/wjrturismo.salvador.br\/es\/loja\/transferencias\/transfer-chapada-diamantina-salvador-a-lencois\/","url":"https:\/\/wjrturismo.salvador.br\/es\/loja\/transferencias\/transfer-chapada-diamantina-salvador-a-lencois\/","name":"Transfer Chapada Diamantina - Salvador a Len\u00e7\u00f3is - JR Turismo","isPartOf":{"@id":"https:\/\/wjrturismo.salvador.br\/#website"},"primaryImageOfPage":{"@id":"https:\/\/wjrturismo.salvador.br\/es\/loja\/transferencias\/transfer-chapada-diamantina-salvador-a-lencois\/#primaryimage"},"image":{"@id":"https:\/\/wjrturismo.salvador.br\/es\/loja\/transferencias\/transfer-chapada-diamantina-salvador-a-lencois\/#primaryimage"},"thumbnailUrl":"https:\/\/wjrturismo.salvador.br\/wp-content\/uploads\/2023\/11\/Chapada-8.jpeg","datePublished":"2023-11-20T19:28:05+00:00","dateModified":"2023-11-20T19:28:05+00:00","breadcrumb":{"@id":"https:\/\/wjrturismo.salvador.br\/es\/loja\/transferencias\/transfer-chapada-diamantina-salvador-a-lencois\/#breadcrumb"},"inLanguage":"es","potentialAction":[{"@type":"ReadAction","target":["https:\/\/wjrturismo.salvador.br\/es\/loja\/transferencias\/transfer-chapada-diamantina-salvador-a-lencois\/"]}]},{"@type":"ImageObject","inLanguage":"es","@id":"https:\/\/wjrturismo.salvador.br\/es\/loja\/transferencias\/transfer-chapada-diamantina-salvador-a-lencois\/#primaryimage","url":"https:\/\/wjrturismo.salvador.br\/wp-content\/uploads\/2023\/11\/Chapada-8.jpeg","contentUrl":"https:\/\/wjrturismo.salvador.br\/wp-content\/uploads\/2023\/11\/Chapada-8.jpeg","width":884,"height":602},{"@type":"BreadcrumbList","@id":"https:\/\/wjrturismo.salvador.br\/es\/loja\/transferencias\/transfer-chapada-diamantina-salvador-a-lencois\/#breadcrumb","itemListElement":[{"@type":"ListItem","position":1,"name":"In\u00edcio","item":"https:\/\/wjrturismo.salvador.br\/"},{"@type":"ListItem","position":2,"name":"Loja","item":"https:\/\/wjrturismo.salvador.br\/loja\/"},{"@type":"ListItem","position":3,"name":"Transfer Chapada Diamantina &#8211; Salvador a Len\u00e7\u00f3is"}]},{"@type":"WebSite","@id":"https:\/\/wjrturismo.salvador.br\/#website","url":"https:\/\/wjrturismo.salvador.br\/","name":"JR Turismo","description":"Passeios, excurs\u00f5es, e translado a partir de Salvador.","publisher":{"@id":"https:\/\/wjrturismo.salvador.br\/#organization"},"potentialAction":[{"@type":"SearchAction","target":{"@type":"EntryPoint","urlTemplate":"https:\/\/wjrturismo.salvador.br\/?s={search_term_string}"},"query-input":{"@type":"PropertyValueSpecification","valueRequired":true,"valueName":"search_term_string"}}],"inLanguage":"es"},{"@type":"Organization","@id":"https:\/\/wjrturismo.salvador.br\/#organization","name":"Jr Turismo","url":"https:\/\/wjrturismo.salvador.br\/","logo":{"@type":"ImageObject","inLanguage":"es","@id":"https:\/\/wjrturismo.salvador.br\/#\/schema\/logo\/image\/","url":"","contentUrl":"","caption":"Jr Turismo"},"image":{"@id":"https:\/\/wjrturismo.salvador.br\/#\/schema\/logo\/image\/"}}]},"og_availability":"instock","product_availability":"instock","product_condition":"new"},"_links":{"self":[{"href":"https:\/\/wjrturismo.salvador.br\/es\/wp-json\/wp\/v2\/product\/19827","targetHints":{"allow":["GET"]}}],"collection":[{"href":"https:\/\/wjrturismo.salvador.br\/es\/wp-json\/wp\/v2\/product"}],"about":[{"href":"https:\/\/wjrturismo.salvador.br\/es\/wp-json\/wp\/v2\/types\/product"}],"replies":[{"embeddable":true,"href":"https:\/\/wjrturismo.salvador.br\/es\/wp-json\/wp\/v2\/comments?post=19827"}],"wp:featuredmedia":[{"embeddable":true,"href":"https:\/\/wjrturismo.salvador.br\/es\/wp-json\/wp\/v2\/media\/19759"}],"wp:attachment":[{"href":"https:\/\/wjrturismo.salvador.br\/es\/wp-json\/wp\/v2\/media?parent=19827"}],"wp:term":[{"taxonomy":"product_brand","embeddable":true,"href":"https:\/\/wjrturismo.salvador.br\/es\/wp-json\/wp\/v2\/product_brand?post=19827"},{"taxonomy":"product_cat","embeddable":true,"href":"https:\/\/wjrturismo.salvador.br\/es\/wp-json\/wp\/v2\/product_cat?post=19827"},{"taxonomy":"product_tag","embeddable":true,"href":"https:\/\/wjrturismo.salvador.br\/es\/wp-json\/wp\/v2\/product_tag?post=19827"}],"curies":[{"name":"wp","href":"https:\/\/api.w.org\/{rel}","templated":true}]}}