{"id":19892,"date":"2021-02-11T15:01:13","date_gmt":"2021-02-11T18:01:13","guid":{"rendered":"https:\/\/wjrturismo.salvador.br\/loja\/uncategorized\/city-tour-in-salvador-with-guide\/"},"modified":"2021-02-11T15:01:13","modified_gmt":"2021-02-11T18:01:13","slug":"city-tour-in-salvador-with-guide","status":"publish","type":"product","link":"https:\/\/wjrturismo.salvador.br\/en\/loja\/tours\/city-tour-in-salvador-with-guide\/","title":{"rendered":"City Tour in Salvador (with guide)"},"content":{"rendered":"<p><strong>Panoramic City Tour<\/strong><\/p>\n<p>It starts at Morro do Gato with a panoramic visit to the entrance to All Saints Bay, Centenario Avenue, Toror\u00f3 Dam, Arena Fonte Nova Stadium, Bonoc\u00f4 Avenue, Am\u00e9rico Simas Tunnel, which connects the upper city with the lower city; S\u00e3o Joaquim Orphans Convent, Cal\u00e7ada, Ribeira da Penha; stop to visit the Senhor do Bonfim Church; soon after we will visit the Mont Serrat Fort, Boa Viagem Beach and S\u00e3o Joaquim Fair and Mercado Modelo, with a stop to buy handicrafts. R$170.00 (Per person)<\/p>\n<p><strong>Historical City Tour<\/strong><\/p>\n<p>It starts at the Barra Lighthouse and goes along 7 de Setembro Avenue, Barra Hill, Vitoria Corridor, 2 de Julho Square (Campo Grande), Castro Alves Theater and S\u00e3o Pedro Fort, Piedade Square, S\u00e3o Bento Convent, Castro Alves Square, Ajuda Church, S\u00e9 Square, Terreiro de Jesus, Basilica Cathedral, S\u00e3o Francisco Church (Convent of the Third Order), Pelourinho Square, Jorge Amado House, and the Church of Our Lady of the Rosary of the Blacks. The tours last 4 hours (with a schedule to be arranged), and include a suitable and comfortable vehicle (when applicable) and a specialized professional to provide information about each place visited.<\/p>\n<h4>The city tour is private and has a bilingual guide who picks you up and drops you off at your hotel.<\/h4>\n<p>R$170.00 (Per person)<\/p>\n","protected":false},"excerpt":{"rendered":"<p>Panoramic City Tour It starts at Morro do Gato with a panoramic visit to the entrance to All Saints Bay, Centenario Avenue, Toror\u00f3 Dam, Arena Fonte Nova Stadium, Bonoc\u00f4 Avenue, Am\u00e9rico Simas Tunnel, which connects the upper city with the lower city; S\u00e3o Joaquim Orphans Convent, Cal\u00e7ada, Ribeira da Penha; stop to visit the Senhor [&#8230;]\n","protected":false},"featured_media":19464,"comment_status":"open","ping_status":"open","template":"","meta":[],"product_brand":[],"product_cat":[1255,1264,1239],"product_tag":[1266,1265,1258],"class_list":{"0":"post-19892","1":"product","2":"type-product","3":"status-publish","4":"has-post-thumbnail","6":"product_cat-day-use-en","7":"product_cat-salvador-en","8":"product_cat-tours","9":"product_tag-city-tour","10":"product_tag-salvador-en","11":"product_tag-tours","13":"first","14":"instock","15":"shipping-taxable","16":"purchasable","17":"product-type-variable"},"yoast_head":"<!-- This site is optimized with the Yoast SEO Premium plugin v24.2 (Yoast SEO v24.2) - https:\/\/yoast.com\/wordpress\/plugins\/seo\/ -->\n<title>City Tour in Salvador (with guide) - JR Turismo<\/title>\n<meta name=\"robots\" content=\"index, follow, max-snippet:-1, max-image-preview:large, max-video-preview:-1\" \/>\n<link rel=\"canonical\" href=\"https:\/\/wjrturismo.salvador.br\/en\/loja\/tours\/city-tour-in-salvador-with-guide\/\" \/>\n<meta property=\"og:locale\" content=\"en_US\" \/>\n<meta property=\"og:type\" content=\"article\" \/>\n<meta property=\"og:title\" content=\"City Tour in Salvador (with guide)\" \/>\n<meta property=\"og:description\" content=\"Panoramic City Tour It starts at Morro do Gato with a panoramic visit to the entrance to All Saints Bay, Centenario Avenue, Toror\u00f3 Dam, Arena Fonte Nova Stadium, Bonoc\u00f4 Avenue, Am\u00e9rico Simas Tunnel, which connects the upper city with the lower city; S\u00e3o Joaquim Orphans Convent, Cal\u00e7ada, Ribeira da Penha; stop to visit the Senhor [...]\" \/>\n<meta property=\"og:url\" content=\"https:\/\/wjrturismo.salvador.br\/en\/loja\/tours\/city-tour-in-salvador-with-guide\/\" \/>\n<meta property=\"og:site_name\" content=\"JR Turismo\" \/>\n<meta property=\"og:image\" content=\"https:\/\/wjrturismo.salvador.br\/wp-content\/uploads\/2021\/02\/salvador-ba.png\" \/>\n\t<meta property=\"og:image:width\" content=\"502\" \/>\n\t<meta property=\"og:image:height\" content=\"414\" \/>\n\t<meta property=\"og:image:type\" content=\"image\/png\" \/>\n<meta name=\"twitter:card\" content=\"summary_large_image\" \/>\n<script type=\"application\/ld+json\" class=\"yoast-schema-graph\">{\"@context\":\"https:\/\/schema.org\",\"@graph\":[{\"@type\":\"WebPage\",\"@id\":\"https:\/\/wjrturismo.salvador.br\/en\/loja\/tours\/city-tour-in-salvador-with-guide\/\",\"url\":\"https:\/\/wjrturismo.salvador.br\/en\/loja\/tours\/city-tour-in-salvador-with-guide\/\",\"name\":\"City Tour in Salvador (with guide) - JR Turismo\",\"isPartOf\":{\"@id\":\"https:\/\/wjrturismo.salvador.br\/#website\"},\"primaryImageOfPage\":{\"@id\":\"https:\/\/wjrturismo.salvador.br\/en\/loja\/tours\/city-tour-in-salvador-with-guide\/#primaryimage\"},\"image\":{\"@id\":\"https:\/\/wjrturismo.salvador.br\/en\/loja\/tours\/city-tour-in-salvador-with-guide\/#primaryimage\"},\"thumbnailUrl\":\"https:\/\/wjrturismo.salvador.br\/wp-content\/uploads\/2021\/02\/salvador-ba.png\",\"datePublished\":\"2021-02-11T18:01:13+00:00\",\"dateModified\":\"2021-02-11T18:01:13+00:00\",\"breadcrumb\":{\"@id\":\"https:\/\/wjrturismo.salvador.br\/en\/loja\/tours\/city-tour-in-salvador-with-guide\/#breadcrumb\"},\"inLanguage\":\"en-US\",\"potentialAction\":[{\"@type\":\"ReadAction\",\"target\":[\"https:\/\/wjrturismo.salvador.br\/en\/loja\/tours\/city-tour-in-salvador-with-guide\/\"]}]},{\"@type\":\"ImageObject\",\"inLanguage\":\"en-US\",\"@id\":\"https:\/\/wjrturismo.salvador.br\/en\/loja\/tours\/city-tour-in-salvador-with-guide\/#primaryimage\",\"url\":\"https:\/\/wjrturismo.salvador.br\/wp-content\/uploads\/2021\/02\/salvador-ba.png\",\"contentUrl\":\"https:\/\/wjrturismo.salvador.br\/wp-content\/uploads\/2021\/02\/salvador-ba.png\",\"width\":502,\"height\":414},{\"@type\":\"BreadcrumbList\",\"@id\":\"https:\/\/wjrturismo.salvador.br\/en\/loja\/tours\/city-tour-in-salvador-with-guide\/#breadcrumb\",\"itemListElement\":[{\"@type\":\"ListItem\",\"position\":1,\"name\":\"In\u00edcio\",\"item\":\"https:\/\/wjrturismo.salvador.br\/\"},{\"@type\":\"ListItem\",\"position\":2,\"name\":\"Loja\",\"item\":\"https:\/\/wjrturismo.salvador.br\/loja\/\"},{\"@type\":\"ListItem\",\"position\":3,\"name\":\"City Tour in Salvador (with guide)\"}]},{\"@type\":\"WebSite\",\"@id\":\"https:\/\/wjrturismo.salvador.br\/#website\",\"url\":\"https:\/\/wjrturismo.salvador.br\/\",\"name\":\"JR Turismo\",\"description\":\"Passeios, excurs\u00f5es, e translado a partir de Salvador.\",\"publisher\":{\"@id\":\"https:\/\/wjrturismo.salvador.br\/#organization\"},\"potentialAction\":[{\"@type\":\"SearchAction\",\"target\":{\"@type\":\"EntryPoint\",\"urlTemplate\":\"https:\/\/wjrturismo.salvador.br\/?s={search_term_string}\"},\"query-input\":{\"@type\":\"PropertyValueSpecification\",\"valueRequired\":true,\"valueName\":\"search_term_string\"}}],\"inLanguage\":\"en-US\"},{\"@type\":\"Organization\",\"@id\":\"https:\/\/wjrturismo.salvador.br\/#organization\",\"name\":\"Jr Turismo\",\"url\":\"https:\/\/wjrturismo.salvador.br\/\",\"logo\":{\"@type\":\"ImageObject\",\"inLanguage\":\"en-US\",\"@id\":\"https:\/\/wjrturismo.salvador.br\/#\/schema\/logo\/image\/\",\"url\":\"\",\"contentUrl\":\"\",\"caption\":\"Jr Turismo\"},\"image\":{\"@id\":\"https:\/\/wjrturismo.salvador.br\/#\/schema\/logo\/image\/\"}}]}<\/script>\n<meta property=\"og:availability\" content=\"instock\" \/>\n<meta property=\"product:availability\" content=\"instock\" \/>\n<meta property=\"product:condition\" content=\"new\" \/>\n<!-- \/ Yoast SEO Premium plugin. -->","yoast_head_json":{"title":"City Tour in Salvador (with guide) - JR Turismo","robots":{"index":"index","follow":"follow","max-snippet":"max-snippet:-1","max-image-preview":"max-image-preview:large","max-video-preview":"max-video-preview:-1"},"canonical":"https:\/\/wjrturismo.salvador.br\/en\/loja\/tours\/city-tour-in-salvador-with-guide\/","og_locale":"en_US","og_type":"article","og_title":"City Tour in Salvador (with guide)","og_description":"Panoramic City Tour It starts at Morro do Gato with a panoramic visit to the entrance to All Saints Bay, Centenario Avenue, Toror\u00f3 Dam, Arena Fonte Nova Stadium, Bonoc\u00f4 Avenue, Am\u00e9rico Simas Tunnel, which connects the upper city with the lower city; S\u00e3o Joaquim Orphans Convent, Cal\u00e7ada, Ribeira da Penha; stop to visit the Senhor [...]","og_url":"https:\/\/wjrturismo.salvador.br\/en\/loja\/tours\/city-tour-in-salvador-with-guide\/","og_site_name":"JR Turismo","og_image":[{"width":502,"height":414,"url":"https:\/\/wjrturismo.salvador.br\/wp-content\/uploads\/2021\/02\/salvador-ba.png","type":"image\/png"}],"twitter_card":"summary_large_image","schema":{"@context":"https:\/\/schema.org","@graph":[{"@type":"WebPage","@id":"https:\/\/wjrturismo.salvador.br\/en\/loja\/tours\/city-tour-in-salvador-with-guide\/","url":"https:\/\/wjrturismo.salvador.br\/en\/loja\/tours\/city-tour-in-salvador-with-guide\/","name":"City Tour in Salvador (with guide) - JR Turismo","isPartOf":{"@id":"https:\/\/wjrturismo.salvador.br\/#website"},"primaryImageOfPage":{"@id":"https:\/\/wjrturismo.salvador.br\/en\/loja\/tours\/city-tour-in-salvador-with-guide\/#primaryimage"},"image":{"@id":"https:\/\/wjrturismo.salvador.br\/en\/loja\/tours\/city-tour-in-salvador-with-guide\/#primaryimage"},"thumbnailUrl":"https:\/\/wjrturismo.salvador.br\/wp-content\/uploads\/2021\/02\/salvador-ba.png","datePublished":"2021-02-11T18:01:13+00:00","dateModified":"2021-02-11T18:01:13+00:00","breadcrumb":{"@id":"https:\/\/wjrturismo.salvador.br\/en\/loja\/tours\/city-tour-in-salvador-with-guide\/#breadcrumb"},"inLanguage":"en-US","potentialAction":[{"@type":"ReadAction","target":["https:\/\/wjrturismo.salvador.br\/en\/loja\/tours\/city-tour-in-salvador-with-guide\/"]}]},{"@type":"ImageObject","inLanguage":"en-US","@id":"https:\/\/wjrturismo.salvador.br\/en\/loja\/tours\/city-tour-in-salvador-with-guide\/#primaryimage","url":"https:\/\/wjrturismo.salvador.br\/wp-content\/uploads\/2021\/02\/salvador-ba.png","contentUrl":"https:\/\/wjrturismo.salvador.br\/wp-content\/uploads\/2021\/02\/salvador-ba.png","width":502,"height":414},{"@type":"BreadcrumbList","@id":"https:\/\/wjrturismo.salvador.br\/en\/loja\/tours\/city-tour-in-salvador-with-guide\/#breadcrumb","itemListElement":[{"@type":"ListItem","position":1,"name":"In\u00edcio","item":"https:\/\/wjrturismo.salvador.br\/"},{"@type":"ListItem","position":2,"name":"Loja","item":"https:\/\/wjrturismo.salvador.br\/loja\/"},{"@type":"ListItem","position":3,"name":"City Tour in Salvador (with guide)"}]},{"@type":"WebSite","@id":"https:\/\/wjrturismo.salvador.br\/#website","url":"https:\/\/wjrturismo.salvador.br\/","name":"JR Turismo","description":"Passeios, excurs\u00f5es, e translado a partir de Salvador.","publisher":{"@id":"https:\/\/wjrturismo.salvador.br\/#organization"},"potentialAction":[{"@type":"SearchAction","target":{"@type":"EntryPoint","urlTemplate":"https:\/\/wjrturismo.salvador.br\/?s={search_term_string}"},"query-input":{"@type":"PropertyValueSpecification","valueRequired":true,"valueName":"search_term_string"}}],"inLanguage":"en-US"},{"@type":"Organization","@id":"https:\/\/wjrturismo.salvador.br\/#organization","name":"Jr Turismo","url":"https:\/\/wjrturismo.salvador.br\/","logo":{"@type":"ImageObject","inLanguage":"en-US","@id":"https:\/\/wjrturismo.salvador.br\/#\/schema\/logo\/image\/","url":"","contentUrl":"","caption":"Jr Turismo"},"image":{"@id":"https:\/\/wjrturismo.salvador.br\/#\/schema\/logo\/image\/"}}]},"og_availability":"instock","product_availability":"instock","product_condition":"new"},"_links":{"self":[{"href":"https:\/\/wjrturismo.salvador.br\/en\/wp-json\/wp\/v2\/product\/19892","targetHints":{"allow":["GET"]}}],"collection":[{"href":"https:\/\/wjrturismo.salvador.br\/en\/wp-json\/wp\/v2\/product"}],"about":[{"href":"https:\/\/wjrturismo.salvador.br\/en\/wp-json\/wp\/v2\/types\/product"}],"replies":[{"embeddable":true,"href":"https:\/\/wjrturismo.salvador.br\/en\/wp-json\/wp\/v2\/comments?post=19892"}],"wp:featuredmedia":[{"embeddable":true,"href":"https:\/\/wjrturismo.salvador.br\/en\/wp-json\/wp\/v2\/media\/19464"}],"wp:attachment":[{"href":"https:\/\/wjrturismo.salvador.br\/en\/wp-json\/wp\/v2\/media?parent=19892"}],"wp:term":[{"taxonomy":"product_brand","embeddable":true,"href":"https:\/\/wjrturismo.salvador.br\/en\/wp-json\/wp\/v2\/product_brand?post=19892"},{"taxonomy":"product_cat","embeddable":true,"href":"https:\/\/wjrturismo.salvador.br\/en\/wp-json\/wp\/v2\/product_cat?post=19892"},{"taxonomy":"product_tag","embeddable":true,"href":"https:\/\/wjrturismo.salvador.br\/en\/wp-json\/wp\/v2\/product_tag?post=19892"}],"curies":[{"name":"wp","href":"https:\/\/api.w.org\/{rel}","templated":true}]}}