{"id":19869,"date":"2021-03-04T09:48:29","date_gmt":"2021-03-04T12:48:29","guid":{"rendered":"https:\/\/wjrturismo.salvador.br\/loja\/uncategorized\/tour-of-the-islands-of-morro-de-sao-paulo\/"},"modified":"2021-03-04T09:48:29","modified_gmt":"2021-03-04T12:48:29","slug":"tour-of-the-islands-of-morro-de-sao-paulo","status":"publish","type":"product","link":"https:\/\/wjrturismo.salvador.br\/en\/loja\/tours\/tour-of-the-islands-of-morro-de-sao-paulo\/","title":{"rendered":"Tour of the Islands of Morro de Sao Paulo"},"content":{"rendered":"<p style=\"font-weight: 400;\">Let&#8217;s go around the island? On board a speedboat, this tour offers travelers a tour of the island and stops to swim in the natural pools at Garapu\u00e1 Beach and much more! <\/p>\n<p style=\"font-weight: 400;\"><strong>What are the day\/time options?<\/strong><\/p>\n<p style=\"font-weight: 400;\">From 9:30 am to 5 pm<\/p>\n<p style=\"font-weight: 400;\"><strong>Path<\/strong><\/p>\n<p style=\"font-weight: 400;\">Our starting point is the pier of the beautiful Terceira Praia and the first stop is at the natural and cozy pools of Praia de Garapu\u00e1, still in Morro. We then head to Boipeba Island where we will dock at the incredible Morer\u00e9 Beach. Are you enjoying it? Get ready! We still have Cueira Beach and close to it, the delicious Boca da Barra beach. The Island has a surprise for the visitor: the Rio do Inferno which is our path to Canavieria with lush Atlantic Forest!     <\/p>\n<p style=\"font-weight: 400;\">It&#8217;s not over yet, we then head to Cair\u00fa, where we will appreciate heritage sites such as the beautiful Convent and Church of Santo Ant\u00f4nio do Cair\u00fa.<\/p>\n<p style=\"font-weight: 400;\"><strong>What does it include?<\/strong><\/p>\n<p style=\"font-weight: 400;\">Transport in a safe and comfortable boat with a full tank, tour around the island and stops for swimming and enjoying the place.<\/p>\n<p style=\"font-weight: 400;\"><strong>How much is it?<\/strong><\/p>\n<p style=\"font-weight: 400;\">R$250.00 per person<\/p>\n<p style=\"font-weight: 400;\"><strong>Note:<\/strong> Tours will only be carried out with a minimum of 4 people.<\/p>\n","protected":false},"excerpt":{"rendered":"<p>Let&#8217;s go around the island? On board a speedboat, this tour offers travelers a tour of the island and stops to swim in the natural pools at Garapu\u00e1 Beach and much more! What are the day\/time options? From 9:30 am to 5 pm Path Our starting point is the pier of the beautiful Terceira Praia [&#8230;]\n","protected":false},"featured_media":19660,"comment_status":"open","ping_status":"open","template":"","meta":[],"product_brand":[],"product_cat":[1240,1239],"product_tag":[],"class_list":{"0":"post-19869","1":"product","2":"type-product","3":"status-publish","4":"has-post-thumbnail","6":"product_cat-boat-rental","7":"product_cat-tours","9":"first","10":"instock","11":"shipping-taxable","12":"purchasable","13":"product-type-simple"},"yoast_head":"<!-- This site is optimized with the Yoast SEO Premium plugin v24.2 (Yoast SEO v24.2) - https:\/\/yoast.com\/wordpress\/plugins\/seo\/ -->\n<title>Tour of the Islands of Morro de Sao Paulo - JR Turismo<\/title>\n<meta name=\"robots\" content=\"index, follow, max-snippet:-1, max-image-preview:large, max-video-preview:-1\" \/>\n<link rel=\"canonical\" href=\"https:\/\/wjrturismo.salvador.br\/en\/loja\/tours\/tour-of-the-islands-of-morro-de-sao-paulo\/\" \/>\n<meta property=\"og:locale\" content=\"en_US\" \/>\n<meta property=\"og:type\" content=\"article\" \/>\n<meta property=\"og:title\" content=\"Tour of the Islands of Morro de Sao Paulo\" \/>\n<meta property=\"og:description\" content=\"Let&#8217;s go around the island? On board a speedboat, this tour offers travelers a tour of the island and stops to swim in the natural pools at Garapu\u00e1 Beach and much more! What are the day\/time options? From 9:30 am to 5 pm Path Our starting point is the pier of the beautiful Terceira Praia [...]\" \/>\n<meta property=\"og:url\" content=\"https:\/\/wjrturismo.salvador.br\/en\/loja\/tours\/tour-of-the-islands-of-morro-de-sao-paulo\/\" \/>\n<meta property=\"og:site_name\" content=\"JR Turismo\" \/>\n<meta property=\"og:image\" content=\"https:\/\/wjrturismo.salvador.br\/wp-content\/uploads\/2021\/03\/terceira_praia_morro.png\" \/>\n\t<meta property=\"og:image:width\" content=\"500\" \/>\n\t<meta property=\"og:image:height\" content=\"500\" \/>\n\t<meta property=\"og:image:type\" content=\"image\/png\" \/>\n<meta name=\"twitter:card\" content=\"summary_large_image\" \/>\n<script type=\"application\/ld+json\" class=\"yoast-schema-graph\">{\"@context\":\"https:\/\/schema.org\",\"@graph\":[{\"@type\":\"WebPage\",\"@id\":\"https:\/\/wjrturismo.salvador.br\/en\/loja\/tours\/tour-of-the-islands-of-morro-de-sao-paulo\/\",\"url\":\"https:\/\/wjrturismo.salvador.br\/en\/loja\/tours\/tour-of-the-islands-of-morro-de-sao-paulo\/\",\"name\":\"Tour of the Islands of Morro de Sao Paulo - JR Turismo\",\"isPartOf\":{\"@id\":\"https:\/\/wjrturismo.salvador.br\/#website\"},\"primaryImageOfPage\":{\"@id\":\"https:\/\/wjrturismo.salvador.br\/en\/loja\/tours\/tour-of-the-islands-of-morro-de-sao-paulo\/#primaryimage\"},\"image\":{\"@id\":\"https:\/\/wjrturismo.salvador.br\/en\/loja\/tours\/tour-of-the-islands-of-morro-de-sao-paulo\/#primaryimage\"},\"thumbnailUrl\":\"https:\/\/wjrturismo.salvador.br\/wp-content\/uploads\/2021\/03\/terceira_praia_morro.png\",\"datePublished\":\"2021-03-04T12:48:29+00:00\",\"dateModified\":\"2021-03-04T12:48:29+00:00\",\"breadcrumb\":{\"@id\":\"https:\/\/wjrturismo.salvador.br\/en\/loja\/tours\/tour-of-the-islands-of-morro-de-sao-paulo\/#breadcrumb\"},\"inLanguage\":\"en-US\",\"potentialAction\":[{\"@type\":\"ReadAction\",\"target\":[\"https:\/\/wjrturismo.salvador.br\/en\/loja\/tours\/tour-of-the-islands-of-morro-de-sao-paulo\/\"]}]},{\"@type\":\"ImageObject\",\"inLanguage\":\"en-US\",\"@id\":\"https:\/\/wjrturismo.salvador.br\/en\/loja\/tours\/tour-of-the-islands-of-morro-de-sao-paulo\/#primaryimage\",\"url\":\"https:\/\/wjrturismo.salvador.br\/wp-content\/uploads\/2021\/03\/terceira_praia_morro.png\",\"contentUrl\":\"https:\/\/wjrturismo.salvador.br\/wp-content\/uploads\/2021\/03\/terceira_praia_morro.png\",\"width\":500,\"height\":500},{\"@type\":\"BreadcrumbList\",\"@id\":\"https:\/\/wjrturismo.salvador.br\/en\/loja\/tours\/tour-of-the-islands-of-morro-de-sao-paulo\/#breadcrumb\",\"itemListElement\":[{\"@type\":\"ListItem\",\"position\":1,\"name\":\"In\u00edcio\",\"item\":\"https:\/\/wjrturismo.salvador.br\/\"},{\"@type\":\"ListItem\",\"position\":2,\"name\":\"Loja\",\"item\":\"https:\/\/wjrturismo.salvador.br\/loja\/\"},{\"@type\":\"ListItem\",\"position\":3,\"name\":\"Tour of the Islands of Morro de Sao Paulo\"}]},{\"@type\":\"WebSite\",\"@id\":\"https:\/\/wjrturismo.salvador.br\/#website\",\"url\":\"https:\/\/wjrturismo.salvador.br\/\",\"name\":\"JR Turismo\",\"description\":\"Passeios, excurs\u00f5es, e translado a partir de Salvador.\",\"publisher\":{\"@id\":\"https:\/\/wjrturismo.salvador.br\/#organization\"},\"potentialAction\":[{\"@type\":\"SearchAction\",\"target\":{\"@type\":\"EntryPoint\",\"urlTemplate\":\"https:\/\/wjrturismo.salvador.br\/?s={search_term_string}\"},\"query-input\":{\"@type\":\"PropertyValueSpecification\",\"valueRequired\":true,\"valueName\":\"search_term_string\"}}],\"inLanguage\":\"en-US\"},{\"@type\":\"Organization\",\"@id\":\"https:\/\/wjrturismo.salvador.br\/#organization\",\"name\":\"Jr Turismo\",\"url\":\"https:\/\/wjrturismo.salvador.br\/\",\"logo\":{\"@type\":\"ImageObject\",\"inLanguage\":\"en-US\",\"@id\":\"https:\/\/wjrturismo.salvador.br\/#\/schema\/logo\/image\/\",\"url\":\"\",\"contentUrl\":\"\",\"caption\":\"Jr Turismo\"},\"image\":{\"@id\":\"https:\/\/wjrturismo.salvador.br\/#\/schema\/logo\/image\/\"}}]}<\/script>\n<meta property=\"product:price:amount\" content=\"250.00\" \/>\n<meta property=\"product:price:currency\" content=\"BRL\" \/>\n<meta property=\"og:availability\" content=\"instock\" \/>\n<meta property=\"product:availability\" content=\"instock\" \/>\n<meta property=\"product:condition\" content=\"new\" \/>\n<!-- \/ Yoast SEO Premium plugin. -->","yoast_head_json":{"title":"Tour of the Islands of Morro de Sao Paulo - JR Turismo","robots":{"index":"index","follow":"follow","max-snippet":"max-snippet:-1","max-image-preview":"max-image-preview:large","max-video-preview":"max-video-preview:-1"},"canonical":"https:\/\/wjrturismo.salvador.br\/en\/loja\/tours\/tour-of-the-islands-of-morro-de-sao-paulo\/","og_locale":"en_US","og_type":"article","og_title":"Tour of the Islands of Morro de Sao Paulo","og_description":"Let&#8217;s go around the island? On board a speedboat, this tour offers travelers a tour of the island and stops to swim in the natural pools at Garapu\u00e1 Beach and much more! What are the day\/time options? From 9:30 am to 5 pm Path Our starting point is the pier of the beautiful Terceira Praia [...]","og_url":"https:\/\/wjrturismo.salvador.br\/en\/loja\/tours\/tour-of-the-islands-of-morro-de-sao-paulo\/","og_site_name":"JR Turismo","og_image":[{"width":500,"height":500,"url":"https:\/\/wjrturismo.salvador.br\/wp-content\/uploads\/2021\/03\/terceira_praia_morro.png","type":"image\/png"}],"twitter_card":"summary_large_image","schema":{"@context":"https:\/\/schema.org","@graph":[{"@type":"WebPage","@id":"https:\/\/wjrturismo.salvador.br\/en\/loja\/tours\/tour-of-the-islands-of-morro-de-sao-paulo\/","url":"https:\/\/wjrturismo.salvador.br\/en\/loja\/tours\/tour-of-the-islands-of-morro-de-sao-paulo\/","name":"Tour of the Islands of Morro de Sao Paulo - JR Turismo","isPartOf":{"@id":"https:\/\/wjrturismo.salvador.br\/#website"},"primaryImageOfPage":{"@id":"https:\/\/wjrturismo.salvador.br\/en\/loja\/tours\/tour-of-the-islands-of-morro-de-sao-paulo\/#primaryimage"},"image":{"@id":"https:\/\/wjrturismo.salvador.br\/en\/loja\/tours\/tour-of-the-islands-of-morro-de-sao-paulo\/#primaryimage"},"thumbnailUrl":"https:\/\/wjrturismo.salvador.br\/wp-content\/uploads\/2021\/03\/terceira_praia_morro.png","datePublished":"2021-03-04T12:48:29+00:00","dateModified":"2021-03-04T12:48:29+00:00","breadcrumb":{"@id":"https:\/\/wjrturismo.salvador.br\/en\/loja\/tours\/tour-of-the-islands-of-morro-de-sao-paulo\/#breadcrumb"},"inLanguage":"en-US","potentialAction":[{"@type":"ReadAction","target":["https:\/\/wjrturismo.salvador.br\/en\/loja\/tours\/tour-of-the-islands-of-morro-de-sao-paulo\/"]}]},{"@type":"ImageObject","inLanguage":"en-US","@id":"https:\/\/wjrturismo.salvador.br\/en\/loja\/tours\/tour-of-the-islands-of-morro-de-sao-paulo\/#primaryimage","url":"https:\/\/wjrturismo.salvador.br\/wp-content\/uploads\/2021\/03\/terceira_praia_morro.png","contentUrl":"https:\/\/wjrturismo.salvador.br\/wp-content\/uploads\/2021\/03\/terceira_praia_morro.png","width":500,"height":500},{"@type":"BreadcrumbList","@id":"https:\/\/wjrturismo.salvador.br\/en\/loja\/tours\/tour-of-the-islands-of-morro-de-sao-paulo\/#breadcrumb","itemListElement":[{"@type":"ListItem","position":1,"name":"In\u00edcio","item":"https:\/\/wjrturismo.salvador.br\/"},{"@type":"ListItem","position":2,"name":"Loja","item":"https:\/\/wjrturismo.salvador.br\/loja\/"},{"@type":"ListItem","position":3,"name":"Tour of the Islands of Morro de Sao Paulo"}]},{"@type":"WebSite","@id":"https:\/\/wjrturismo.salvador.br\/#website","url":"https:\/\/wjrturismo.salvador.br\/","name":"JR Turismo","description":"Passeios, excurs\u00f5es, e translado a partir de Salvador.","publisher":{"@id":"https:\/\/wjrturismo.salvador.br\/#organization"},"potentialAction":[{"@type":"SearchAction","target":{"@type":"EntryPoint","urlTemplate":"https:\/\/wjrturismo.salvador.br\/?s={search_term_string}"},"query-input":{"@type":"PropertyValueSpecification","valueRequired":true,"valueName":"search_term_string"}}],"inLanguage":"en-US"},{"@type":"Organization","@id":"https:\/\/wjrturismo.salvador.br\/#organization","name":"Jr Turismo","url":"https:\/\/wjrturismo.salvador.br\/","logo":{"@type":"ImageObject","inLanguage":"en-US","@id":"https:\/\/wjrturismo.salvador.br\/#\/schema\/logo\/image\/","url":"","contentUrl":"","caption":"Jr Turismo"},"image":{"@id":"https:\/\/wjrturismo.salvador.br\/#\/schema\/logo\/image\/"}}]},"product_price_amount":"250.00","product_price_currency":"BRL","og_availability":"instock","product_availability":"instock","product_condition":"new"},"_links":{"self":[{"href":"https:\/\/wjrturismo.salvador.br\/en\/wp-json\/wp\/v2\/product\/19869","targetHints":{"allow":["GET"]}}],"collection":[{"href":"https:\/\/wjrturismo.salvador.br\/en\/wp-json\/wp\/v2\/product"}],"about":[{"href":"https:\/\/wjrturismo.salvador.br\/en\/wp-json\/wp\/v2\/types\/product"}],"replies":[{"embeddable":true,"href":"https:\/\/wjrturismo.salvador.br\/en\/wp-json\/wp\/v2\/comments?post=19869"}],"wp:featuredmedia":[{"embeddable":true,"href":"https:\/\/wjrturismo.salvador.br\/en\/wp-json\/wp\/v2\/media\/19660"}],"wp:attachment":[{"href":"https:\/\/wjrturismo.salvador.br\/en\/wp-json\/wp\/v2\/media?parent=19869"}],"wp:term":[{"taxonomy":"product_brand","embeddable":true,"href":"https:\/\/wjrturismo.salvador.br\/en\/wp-json\/wp\/v2\/product_brand?post=19869"},{"taxonomy":"product_cat","embeddable":true,"href":"https:\/\/wjrturismo.salvador.br\/en\/wp-json\/wp\/v2\/product_cat?post=19869"},{"taxonomy":"product_tag","embeddable":true,"href":"https:\/\/wjrturismo.salvador.br\/en\/wp-json\/wp\/v2\/product_tag?post=19869"}],"curies":[{"name":"wp","href":"https:\/\/api.w.org\/{rel}","templated":true}]}}