{"id":19836,"date":"2023-11-20T16:28:05","date_gmt":"2023-11-20T19:28:05","guid":{"rendered":"https:\/\/wjrturismo.salvador.br\/loja\/uncategorized\/transfer-chapada-diamantina-salvador-to-lencois\/"},"modified":"2023-11-20T16:28:05","modified_gmt":"2023-11-20T19:28:05","slug":"transfer-chapada-diamantina-salvador-to-lencois","status":"publish","type":"product","link":"https:\/\/wjrturismo.salvador.br\/en\/loja\/transfers-en\/transfer-chapada-diamantina-salvador-to-lencois\/","title":{"rendered":"Transfer Chapada Diamantina &#8211; Salvador to Len\u00e7\u00f3is"},"content":{"rendered":"<p>Explore the route to Len\u00e7\u00f3is, in the stunning Chapada Diamantina, and discover how easy it is to secure your transport with our Salvador-Len\u00e7\u00f3is transfer service! Transfer and transfer services from Salvador Airport to Len\u00e7\u00f3is are conveniently available on our website, Salvador Transfer. Secure your transfer reservation with WJR Turismo quickly and efficiently. Don&#8217;t forget to fill in your round trip details in detail, including your desired times, for a worry-free experience from booking to the completion of your journey. Reliability and practicality, ensuring your peace of mind throughout the process.<\/p>\n","protected":false},"excerpt":{"rendered":"<p>Explore the route to Len\u00e7\u00f3is, in the stunning Chapada Diamantina, and discover how easy it is to secure your transport with our Salvador-Len\u00e7\u00f3is transfer service! Transfer and transfer services from Salvador Airport to Len\u00e7\u00f3is are conveniently available on our website, Salvador Transfer. Secure your transfer reservation with WJR Turismo quickly and efficiently. Don&#8217;t forget to [&#8230;]\n","protected":false},"featured_media":19758,"comment_status":"open","ping_status":"closed","template":"","meta":[],"product_brand":[],"product_cat":[1216],"product_tag":[],"class_list":{"0":"post-19836","1":"product","2":"type-product","3":"status-publish","4":"has-post-thumbnail","6":"product_cat-transfers-en","8":"first","9":"instock","10":"shipping-taxable","11":"purchasable","12":"product-type-variable"},"yoast_head":"<!-- This site is optimized with the Yoast SEO Premium plugin v24.2 (Yoast SEO v24.2) - https:\/\/yoast.com\/wordpress\/plugins\/seo\/ -->\n<title>Transfer Chapada Diamantina - Salvador to Len\u00e7\u00f3is - JR Turismo<\/title>\n<meta name=\"robots\" content=\"index, follow, max-snippet:-1, max-image-preview:large, max-video-preview:-1\" \/>\n<link rel=\"canonical\" href=\"https:\/\/wjrturismo.salvador.br\/en\/loja\/transfers-en\/transfer-chapada-diamantina-salvador-to-lencois\/\" \/>\n<meta property=\"og:locale\" content=\"en_US\" \/>\n<meta property=\"og:type\" content=\"article\" \/>\n<meta property=\"og:title\" content=\"Transfer Chapada Diamantina - Salvador to Len\u00e7\u00f3is\" \/>\n<meta property=\"og:description\" content=\"Explore the route to Len\u00e7\u00f3is, in the stunning Chapada Diamantina, and discover how easy it is to secure your transport with our Salvador-Len\u00e7\u00f3is transfer service! Transfer and transfer services from Salvador Airport to Len\u00e7\u00f3is are conveniently available on our website, Salvador Transfer. Secure your transfer reservation with WJR Turismo quickly and efficiently. Don&#8217;t forget to [...]\" \/>\n<meta property=\"og:url\" content=\"https:\/\/wjrturismo.salvador.br\/en\/loja\/transfers-en\/transfer-chapada-diamantina-salvador-to-lencois\/\" \/>\n<meta property=\"og:site_name\" content=\"JR Turismo\" \/>\n<meta property=\"og:image\" content=\"https:\/\/wjrturismo.salvador.br\/wp-content\/uploads\/2023\/11\/Chapada-8.jpeg\" \/>\n\t<meta property=\"og:image:width\" content=\"884\" \/>\n\t<meta property=\"og:image:height\" content=\"602\" \/>\n\t<meta property=\"og:image:type\" content=\"image\/jpeg\" \/>\n<meta name=\"twitter:card\" content=\"summary_large_image\" \/>\n<script type=\"application\/ld+json\" class=\"yoast-schema-graph\">{\"@context\":\"https:\/\/schema.org\",\"@graph\":[{\"@type\":\"WebPage\",\"@id\":\"https:\/\/wjrturismo.salvador.br\/en\/loja\/transfers-en\/transfer-chapada-diamantina-salvador-to-lencois\/\",\"url\":\"https:\/\/wjrturismo.salvador.br\/en\/loja\/transfers-en\/transfer-chapada-diamantina-salvador-to-lencois\/\",\"name\":\"Transfer Chapada Diamantina - Salvador to Len\u00e7\u00f3is - JR Turismo\",\"isPartOf\":{\"@id\":\"https:\/\/wjrturismo.salvador.br\/#website\"},\"primaryImageOfPage\":{\"@id\":\"https:\/\/wjrturismo.salvador.br\/en\/loja\/transfers-en\/transfer-chapada-diamantina-salvador-to-lencois\/#primaryimage\"},\"image\":{\"@id\":\"https:\/\/wjrturismo.salvador.br\/en\/loja\/transfers-en\/transfer-chapada-diamantina-salvador-to-lencois\/#primaryimage\"},\"thumbnailUrl\":\"https:\/\/wjrturismo.salvador.br\/wp-content\/uploads\/2023\/11\/Chapada-8.jpeg\",\"datePublished\":\"2023-11-20T19:28:05+00:00\",\"dateModified\":\"2023-11-20T19:28:05+00:00\",\"breadcrumb\":{\"@id\":\"https:\/\/wjrturismo.salvador.br\/en\/loja\/transfers-en\/transfer-chapada-diamantina-salvador-to-lencois\/#breadcrumb\"},\"inLanguage\":\"en-US\",\"potentialAction\":[{\"@type\":\"ReadAction\",\"target\":[\"https:\/\/wjrturismo.salvador.br\/en\/loja\/transfers-en\/transfer-chapada-diamantina-salvador-to-lencois\/\"]}]},{\"@type\":\"ImageObject\",\"inLanguage\":\"en-US\",\"@id\":\"https:\/\/wjrturismo.salvador.br\/en\/loja\/transfers-en\/transfer-chapada-diamantina-salvador-to-lencois\/#primaryimage\",\"url\":\"https:\/\/wjrturismo.salvador.br\/wp-content\/uploads\/2023\/11\/Chapada-8.jpeg\",\"contentUrl\":\"https:\/\/wjrturismo.salvador.br\/wp-content\/uploads\/2023\/11\/Chapada-8.jpeg\",\"width\":884,\"height\":602},{\"@type\":\"BreadcrumbList\",\"@id\":\"https:\/\/wjrturismo.salvador.br\/en\/loja\/transfers-en\/transfer-chapada-diamantina-salvador-to-lencois\/#breadcrumb\",\"itemListElement\":[{\"@type\":\"ListItem\",\"position\":1,\"name\":\"In\u00edcio\",\"item\":\"https:\/\/wjrturismo.salvador.br\/\"},{\"@type\":\"ListItem\",\"position\":2,\"name\":\"Loja\",\"item\":\"https:\/\/wjrturismo.salvador.br\/loja\/\"},{\"@type\":\"ListItem\",\"position\":3,\"name\":\"Transfer Chapada Diamantina &#8211; Salvador to Len\u00e7\u00f3is\"}]},{\"@type\":\"WebSite\",\"@id\":\"https:\/\/wjrturismo.salvador.br\/#website\",\"url\":\"https:\/\/wjrturismo.salvador.br\/\",\"name\":\"JR Turismo\",\"description\":\"Passeios, excurs\u00f5es, e translado a partir de Salvador.\",\"publisher\":{\"@id\":\"https:\/\/wjrturismo.salvador.br\/#organization\"},\"potentialAction\":[{\"@type\":\"SearchAction\",\"target\":{\"@type\":\"EntryPoint\",\"urlTemplate\":\"https:\/\/wjrturismo.salvador.br\/?s={search_term_string}\"},\"query-input\":{\"@type\":\"PropertyValueSpecification\",\"valueRequired\":true,\"valueName\":\"search_term_string\"}}],\"inLanguage\":\"en-US\"},{\"@type\":\"Organization\",\"@id\":\"https:\/\/wjrturismo.salvador.br\/#organization\",\"name\":\"Jr Turismo\",\"url\":\"https:\/\/wjrturismo.salvador.br\/\",\"logo\":{\"@type\":\"ImageObject\",\"inLanguage\":\"en-US\",\"@id\":\"https:\/\/wjrturismo.salvador.br\/#\/schema\/logo\/image\/\",\"url\":\"\",\"contentUrl\":\"\",\"caption\":\"Jr Turismo\"},\"image\":{\"@id\":\"https:\/\/wjrturismo.salvador.br\/#\/schema\/logo\/image\/\"}}]}<\/script>\n<meta property=\"og:availability\" content=\"instock\" \/>\n<meta property=\"product:availability\" content=\"instock\" \/>\n<meta property=\"product:condition\" content=\"new\" \/>\n<!-- \/ Yoast SEO Premium plugin. -->","yoast_head_json":{"title":"Transfer Chapada Diamantina - Salvador to Len\u00e7\u00f3is - JR Turismo","robots":{"index":"index","follow":"follow","max-snippet":"max-snippet:-1","max-image-preview":"max-image-preview:large","max-video-preview":"max-video-preview:-1"},"canonical":"https:\/\/wjrturismo.salvador.br\/en\/loja\/transfers-en\/transfer-chapada-diamantina-salvador-to-lencois\/","og_locale":"en_US","og_type":"article","og_title":"Transfer Chapada Diamantina - Salvador to Len\u00e7\u00f3is","og_description":"Explore the route to Len\u00e7\u00f3is, in the stunning Chapada Diamantina, and discover how easy it is to secure your transport with our Salvador-Len\u00e7\u00f3is transfer service! Transfer and transfer services from Salvador Airport to Len\u00e7\u00f3is are conveniently available on our website, Salvador Transfer. Secure your transfer reservation with WJR Turismo quickly and efficiently. Don&#8217;t forget to [...]","og_url":"https:\/\/wjrturismo.salvador.br\/en\/loja\/transfers-en\/transfer-chapada-diamantina-salvador-to-lencois\/","og_site_name":"JR Turismo","og_image":[{"width":884,"height":602,"url":"https:\/\/wjrturismo.salvador.br\/wp-content\/uploads\/2023\/11\/Chapada-8.jpeg","type":"image\/jpeg"}],"twitter_card":"summary_large_image","schema":{"@context":"https:\/\/schema.org","@graph":[{"@type":"WebPage","@id":"https:\/\/wjrturismo.salvador.br\/en\/loja\/transfers-en\/transfer-chapada-diamantina-salvador-to-lencois\/","url":"https:\/\/wjrturismo.salvador.br\/en\/loja\/transfers-en\/transfer-chapada-diamantina-salvador-to-lencois\/","name":"Transfer Chapada Diamantina - Salvador to Len\u00e7\u00f3is - JR Turismo","isPartOf":{"@id":"https:\/\/wjrturismo.salvador.br\/#website"},"primaryImageOfPage":{"@id":"https:\/\/wjrturismo.salvador.br\/en\/loja\/transfers-en\/transfer-chapada-diamantina-salvador-to-lencois\/#primaryimage"},"image":{"@id":"https:\/\/wjrturismo.salvador.br\/en\/loja\/transfers-en\/transfer-chapada-diamantina-salvador-to-lencois\/#primaryimage"},"thumbnailUrl":"https:\/\/wjrturismo.salvador.br\/wp-content\/uploads\/2023\/11\/Chapada-8.jpeg","datePublished":"2023-11-20T19:28:05+00:00","dateModified":"2023-11-20T19:28:05+00:00","breadcrumb":{"@id":"https:\/\/wjrturismo.salvador.br\/en\/loja\/transfers-en\/transfer-chapada-diamantina-salvador-to-lencois\/#breadcrumb"},"inLanguage":"en-US","potentialAction":[{"@type":"ReadAction","target":["https:\/\/wjrturismo.salvador.br\/en\/loja\/transfers-en\/transfer-chapada-diamantina-salvador-to-lencois\/"]}]},{"@type":"ImageObject","inLanguage":"en-US","@id":"https:\/\/wjrturismo.salvador.br\/en\/loja\/transfers-en\/transfer-chapada-diamantina-salvador-to-lencois\/#primaryimage","url":"https:\/\/wjrturismo.salvador.br\/wp-content\/uploads\/2023\/11\/Chapada-8.jpeg","contentUrl":"https:\/\/wjrturismo.salvador.br\/wp-content\/uploads\/2023\/11\/Chapada-8.jpeg","width":884,"height":602},{"@type":"BreadcrumbList","@id":"https:\/\/wjrturismo.salvador.br\/en\/loja\/transfers-en\/transfer-chapada-diamantina-salvador-to-lencois\/#breadcrumb","itemListElement":[{"@type":"ListItem","position":1,"name":"In\u00edcio","item":"https:\/\/wjrturismo.salvador.br\/"},{"@type":"ListItem","position":2,"name":"Loja","item":"https:\/\/wjrturismo.salvador.br\/loja\/"},{"@type":"ListItem","position":3,"name":"Transfer Chapada Diamantina &#8211; Salvador to Len\u00e7\u00f3is"}]},{"@type":"WebSite","@id":"https:\/\/wjrturismo.salvador.br\/#website","url":"https:\/\/wjrturismo.salvador.br\/","name":"JR Turismo","description":"Passeios, excurs\u00f5es, e translado a partir de Salvador.","publisher":{"@id":"https:\/\/wjrturismo.salvador.br\/#organization"},"potentialAction":[{"@type":"SearchAction","target":{"@type":"EntryPoint","urlTemplate":"https:\/\/wjrturismo.salvador.br\/?s={search_term_string}"},"query-input":{"@type":"PropertyValueSpecification","valueRequired":true,"valueName":"search_term_string"}}],"inLanguage":"en-US"},{"@type":"Organization","@id":"https:\/\/wjrturismo.salvador.br\/#organization","name":"Jr Turismo","url":"https:\/\/wjrturismo.salvador.br\/","logo":{"@type":"ImageObject","inLanguage":"en-US","@id":"https:\/\/wjrturismo.salvador.br\/#\/schema\/logo\/image\/","url":"","contentUrl":"","caption":"Jr Turismo"},"image":{"@id":"https:\/\/wjrturismo.salvador.br\/#\/schema\/logo\/image\/"}}]},"og_availability":"instock","product_availability":"instock","product_condition":"new"},"_links":{"self":[{"href":"https:\/\/wjrturismo.salvador.br\/en\/wp-json\/wp\/v2\/product\/19836","targetHints":{"allow":["GET"]}}],"collection":[{"href":"https:\/\/wjrturismo.salvador.br\/en\/wp-json\/wp\/v2\/product"}],"about":[{"href":"https:\/\/wjrturismo.salvador.br\/en\/wp-json\/wp\/v2\/types\/product"}],"replies":[{"embeddable":true,"href":"https:\/\/wjrturismo.salvador.br\/en\/wp-json\/wp\/v2\/comments?post=19836"}],"wp:featuredmedia":[{"embeddable":true,"href":"https:\/\/wjrturismo.salvador.br\/en\/wp-json\/wp\/v2\/media\/19758"}],"wp:attachment":[{"href":"https:\/\/wjrturismo.salvador.br\/en\/wp-json\/wp\/v2\/media?parent=19836"}],"wp:term":[{"taxonomy":"product_brand","embeddable":true,"href":"https:\/\/wjrturismo.salvador.br\/en\/wp-json\/wp\/v2\/product_brand?post=19836"},{"taxonomy":"product_cat","embeddable":true,"href":"https:\/\/wjrturismo.salvador.br\/en\/wp-json\/wp\/v2\/product_cat?post=19836"},{"taxonomy":"product_tag","embeddable":true,"href":"https:\/\/wjrturismo.salvador.br\/en\/wp-json\/wp\/v2\/product_tag?post=19836"}],"curies":[{"name":"wp","href":"https:\/\/api.w.org\/{rel}","templated":true}]}}